{"id":10118,"date":"2026-01-08T10:32:22","date_gmt":"2026-01-08T10:32:22","guid":{"rendered":"https:\/\/www.kormoran.si\/kormoranw\/?post_type=product&#038;p=10118"},"modified":"2026-01-08T10:39:41","modified_gmt":"2026-01-08T10:39:41","slug":"zlica-kamasaki","status":"publish","type":"product","link":"https:\/\/www.kormoran.si\/kormoranw\/?product=zlica-kamasaki","title":{"rendered":"\u017dlica KAMASAKI"},"content":{"rendered":"<p><span style=\"font-family: arial, helvetica, sans-serif; font-size: 12pt;\">Ta vrsta \u017elice se je \u017ee izkazala za pravo lovilko plenilcev. Njene manj\u0161e razli\u010dice in velikosti so idealne za lovljenje \u0161\u010duk, medtem ko lahko z ve\u010djimi razli\u010dicami lovite ogromne \u0161\u010duke in some. Lahko jo vle\u010dete enakomerno ali z dobro znano tehniko &#8220;odpadlega lista&#8221;.<\/span><\/p>\n<p><span style=\"font-family: arial, helvetica, sans-serif; font-size: 12pt;\">Obte\u017eitev: 10g, 15g<\/span><\/p>\n<p><span style=\"font-family: arial, helvetica, sans-serif; font-size: 12pt;\">Velikost: 6,7cm<\/span><\/p>\n","protected":false},"excerpt":{"rendered":"<ul>\n<li>Za vse vrste rib<\/li>\n<li>Za vse vrste voda<\/li>\n<li>srebrna<\/li>\n<\/ul>\n","protected":false},"featured_media":6254,"comment_status":"open","ping_status":"closed","template":"","meta":{"spay_email":""},"product_cat":[57],"product_tag":[],"_links":{"self":[{"href":"https:\/\/www.kormoran.si\/kormoranw\/index.php?rest_route=\/wp\/v2\/product\/10118"}],"collection":[{"href":"https:\/\/www.kormoran.si\/kormoranw\/index.php?rest_route=\/wp\/v2\/product"}],"about":[{"href":"https:\/\/www.kormoran.si\/kormoranw\/index.php?rest_route=\/wp\/v2\/types\/product"}],"replies":[{"embeddable":true,"href":"https:\/\/www.kormoran.si\/kormoranw\/index.php?rest_route=%2Fwp%2Fv2%2Fcomments&post=10118"}],"wp:featuredmedia":[{"embeddable":true,"href":"https:\/\/www.kormoran.si\/kormoranw\/index.php?rest_route=\/wp\/v2\/media\/6254"}],"wp:attachment":[{"href":"https:\/\/www.kormoran.si\/kormoranw\/index.php?rest_route=%2Fwp%2Fv2%2Fmedia&parent=10118"}],"wp:term":[{"taxonomy":"product_cat","embeddable":true,"href":"https:\/\/www.kormoran.si\/kormoranw\/index.php?rest_route=%2Fwp%2Fv2%2Fproduct_cat&post=10118"},{"taxonomy":"product_tag","embeddable":true,"href":"https:\/\/www.kormoran.si\/kormoranw\/index.php?rest_route=%2Fwp%2Fv2%2Fproduct_tag&post=10118"}],"curies":[{"name":"wp","href":"https:\/\/api.w.org\/{rel}","templated":true}]}}