{"id":10144,"date":"2026-01-08T14:02:50","date_gmt":"2026-01-08T14:02:50","guid":{"rendered":"https:\/\/www.kormoran.si\/kormoranw\/?post_type=product&#038;p=10144"},"modified":"2026-01-08T14:02:50","modified_gmt":"2026-01-08T14:02:50","slug":"zlica-za-soma-mikado-territory-clicker-65g-11cm","status":"publish","type":"product","link":"https:\/\/www.kormoran.si\/kormoranw\/?product=zlica-za-soma-mikado-territory-clicker-65g-11cm","title":{"rendered":"\u017dlica za soma Mikado Territory Clicker 65g\/11cm"},"content":{"rendered":"<p><span style=\"font-family: arial, helvetica, sans-serif; font-size: 12pt;\">Predstavljamo vam u\u010dinkovito vabo za soma. Vsi, ki lovite soma, boste cenili to edinstveno \u017elico z izjemno vzdr\u017eljivostjo in mo\u010djo. Ustvari mo\u010dno akusti\u010dno valovanje. Njegovi zvoki spodbujajo soma k agresivnosti. Njegova druga prednost je te\u017ea, ki omogo\u010da zelo dolge mete. K celotni popolnosti pripomorejo izredno trpe\u017eni vezni obro\u010dki in odli\u010dna trojka, ki je ni treba menjati.<\/span><\/p>\n","protected":false},"excerpt":{"rendered":"<p>Predstavljamo vam u\u010dinkovito vabo za soma. Vsi, ki lovite soma, boste cenili to edinstveno \u017elico z izjemno vzdr\u017eljivostjo in mo\u010djo. Ustvari mo\u010dno akusti\u010dno valovanje. Njegovi zvoki spodbujajo soma k agresivnosti. Njegova druga prednost je te\u017ea, ki omogo\u010da zelo dolge mete. K celotni popolnosti pripomorejo izredno trpe\u017eni vezni obro\u010dki in odli\u010dna trojka, ki je ni treba[&#8230;]<\/p>\n","protected":false},"featured_media":10145,"comment_status":"open","ping_status":"closed","template":"","meta":{"spay_email":""},"product_cat":[57],"product_tag":[],"_links":{"self":[{"href":"https:\/\/www.kormoran.si\/kormoranw\/index.php?rest_route=\/wp\/v2\/product\/10144"}],"collection":[{"href":"https:\/\/www.kormoran.si\/kormoranw\/index.php?rest_route=\/wp\/v2\/product"}],"about":[{"href":"https:\/\/www.kormoran.si\/kormoranw\/index.php?rest_route=\/wp\/v2\/types\/product"}],"replies":[{"embeddable":true,"href":"https:\/\/www.kormoran.si\/kormoranw\/index.php?rest_route=%2Fwp%2Fv2%2Fcomments&post=10144"}],"wp:featuredmedia":[{"embeddable":true,"href":"https:\/\/www.kormoran.si\/kormoranw\/index.php?rest_route=\/wp\/v2\/media\/10145"}],"wp:attachment":[{"href":"https:\/\/www.kormoran.si\/kormoranw\/index.php?rest_route=%2Fwp%2Fv2%2Fmedia&parent=10144"}],"wp:term":[{"taxonomy":"product_cat","embeddable":true,"href":"https:\/\/www.kormoran.si\/kormoranw\/index.php?rest_route=%2Fwp%2Fv2%2Fproduct_cat&post=10144"},{"taxonomy":"product_tag","embeddable":true,"href":"https:\/\/www.kormoran.si\/kormoranw\/index.php?rest_route=%2Fwp%2Fv2%2Fproduct_tag&post=10144"}],"curies":[{"name":"wp","href":"https:\/\/api.w.org\/{rel}","templated":true}]}}