{"id":10177,"date":"2026-01-10T10:21:10","date_gmt":"2026-01-10T10:21:10","guid":{"rendered":"https:\/\/www.kormoran.si\/kormoranw\/?post_type=product&#038;p=10177"},"modified":"2026-01-26T13:40:00","modified_gmt":"2026-01-26T13:40:00","slug":"nahrbtnik-brandit-us-cooper","status":"publish","type":"product","link":"https:\/\/www.kormoran.si\/kormoranw\/?product=nahrbtnik-brandit-us-cooper","title":{"rendered":"Nahrbtnik Brandit US Cooper"},"content":{"rendered":"<div class=\"fr-detail__subheadline\"><span dir=\"auto\" style=\"font-family: arial, helvetica, sans-serif; font-size: 12pt;\">Opis artikla<\/span><\/div>\n<div class=\"fr-selling-points__wrap\">\n<ul class=\"fr-selling-points\">\n<li class=\"fr-selling-point\"><span dir=\"auto\" style=\"font-family: arial, helvetica, sans-serif; font-size: 12pt;\">oblazinjen hrbet<\/span><\/li>\n<li class=\"fr-selling-point\"><span dir=\"auto\" style=\"font-family: arial, helvetica, sans-serif; font-size: 12pt;\">Sprednji \u017eep z organizatorjem<\/span><\/li>\n<li class=\"fr-selling-point\"><span dir=\"auto\" style=\"font-family: arial, helvetica, sans-serif; font-size: 12pt;\">stranski kompresijski trakovi<\/span><\/li>\n<li class=\"fr-selling-point\"><span dir=\"auto\" style=\"font-family: arial, helvetica, sans-serif; font-size: 12pt;\">razli\u010dne pritrdilne to\u010dke MOLLE<\/span><\/li>\n<li class=\"fr-selling-point\"><span dir=\"auto\" style=\"font-family: arial, helvetica, sans-serif; font-size: 12pt;\">nastavljiv pas za boke<\/span><\/li>\n<\/ul>\n<\/div>\n<div class=\"fr-detail-description__content\">\n<p><span dir=\"auto\" style=\"font-family: arial, helvetica, sans-serif; font-size: 12pt;\">Nahrbtnik, ki ponuja zelo visoko udobje no\u0161enja, ne le zaradi oblazinjenega hrbti\u0161\u010da, temve\u010d tudi zaradi ergonomsko oblikovanih in mehko podlo\u017eenih naramnic.<\/span><\/p>\n<p><span dir=\"auto\" style=\"font-family: arial, helvetica, sans-serif; font-size: 12pt;\">Dodatno udobje zagotavljata po dol\u017eini nastavljiv pas z zaponko za hitro odpenjanje, sprednji \u017eep z organizatorjem in dodatnim predalom. Vsi predali imajo dvosmerne zadrge. Nadzor prostornine in pritrditev tovora se dose\u017eeta s stranskimi kompresijskimi trakovi. Nadaljnje funkcije vklju\u010dujejo razli\u010dne pritrdilne to\u010dke MOLLE in integriran \u017eep z je\u017ekom za hidracijski nahrbtnik.<\/span><\/p>\n<p><span dir=\"auto\" style=\"font-family: arial, helvetica, sans-serif; font-size: 12pt;\">Nahrbtnik US Cooper je odli\u010den za prosti \u010das, idealen pa je tudi za \u0161port in delo.<\/span><\/p>\n<h4><span dir=\"auto\" style=\"font-family: arial, helvetica, sans-serif; font-size: 12pt;\">Nahrbtnik Brandit US Cooper je na voljo v dveh razli\u010dnih velikostih.<\/span><\/h4>\n<ul>\n<li><span style=\"font-family: arial, helvetica, sans-serif; font-size: 12pt;\"><strong><span dir=\"auto\">Velikost Srednja (M)<\/span><\/strong><\/span><br \/>\n<span dir=\"auto\" style=\"font-family: arial, helvetica, sans-serif; font-size: 12pt;\">Prostornina: 25 litrov<\/span><br \/>\n<span dir=\"auto\" style=\"font-family: arial, helvetica, sans-serif; font-size: 12pt;\">Dimenzije (Vx\u0160xG): 45x24x26 cm<\/span><br \/>\n<span dir=\"auto\" style=\"font-family: arial, helvetica, sans-serif; font-size: 12pt;\">Te\u017ea: 1.010 g<\/span><\/li>\n<li><span style=\"font-family: arial, helvetica, sans-serif; font-size: 12pt;\"><strong><span dir=\"auto\">Velikost Zelo velika (XL)<\/span><\/strong><\/span><br \/>\n<span dir=\"auto\" style=\"font-family: arial, helvetica, sans-serif; font-size: 12pt;\">Prostornina: 70 litrov<\/span><br \/>\n<span dir=\"auto\" style=\"font-family: arial, helvetica, sans-serif; font-size: 12pt;\">Dimenzije (Vx\u0160xG): 58x34x34 cm<\/span><br \/>\n<span dir=\"auto\" style=\"font-family: arial, helvetica, sans-serif; font-size: 12pt;\">Te\u017ea: 1500 g<\/span><\/li>\n<\/ul>\n<\/div>\n<div class=\"fr-detail-description__bullet-points\">\n<h3 class=\"fr-detail-description__headline\"><span dir=\"auto\" style=\"font-family: arial, helvetica, sans-serif; font-size: 12pt;\">Tehni\u010dni podatki:<\/span><\/h3>\n<ul>\n<li><span dir=\"auto\" style=\"font-family: arial, helvetica, sans-serif; font-size: 12pt;\">Zunanja tkanina: 100 % poliester (600D) s prevleko iz poliklorida<\/span><\/li>\n<li><span dir=\"auto\" style=\"font-family: arial, helvetica, sans-serif; font-size: 12pt;\">Podloga: 100 % poliester<\/span><\/li>\n<li><span dir=\"auto\" style=\"font-family: arial, helvetica, sans-serif; font-size: 12pt;\">Mre\u017easta podloga: 100 % poliester<\/span><\/li>\n<li><span dir=\"auto\" style=\"font-family: arial, helvetica, sans-serif; font-size: 12pt;\">Oblazinjenje: 60 % polietilen, 20 % trivinil, 20 % acetat<\/span><\/li>\n<li><span style=\"font-family: arial, helvetica, sans-serif; font-size: 12pt;\">Barva: olivna<\/span><\/li>\n<\/ul>\n<p>&nbsp;<\/p>\n<\/div>\n","protected":false},"excerpt":{"rendered":"<p>Opis artikla oblazinjen hrbet Sprednji \u017eep z organizatorjem stranski kompresijski trakovi razli\u010dne pritrdilne to\u010dke MOLLE nastavljiv pas za boke Nahrbtnik, ki ponuja zelo visoko udobje no\u0161enja, ne le zaradi oblazinjenega hrbti\u0161\u010da, temve\u010d tudi zaradi ergonomsko oblikovanih in mehko podlo\u017eenih naramnic. Dodatno udobje zagotavljata po dol\u017eini nastavljiv pas z zaponko za hitro odpenjanje, sprednji \u017eep z[&#8230;]<\/p>\n","protected":false},"featured_media":10182,"comment_status":"open","ping_status":"closed","template":"","meta":{"spay_email":""},"product_cat":[109],"product_tag":[],"_links":{"self":[{"href":"https:\/\/www.kormoran.si\/kormoranw\/index.php?rest_route=\/wp\/v2\/product\/10177"}],"collection":[{"href":"https:\/\/www.kormoran.si\/kormoranw\/index.php?rest_route=\/wp\/v2\/product"}],"about":[{"href":"https:\/\/www.kormoran.si\/kormoranw\/index.php?rest_route=\/wp\/v2\/types\/product"}],"replies":[{"embeddable":true,"href":"https:\/\/www.kormoran.si\/kormoranw\/index.php?rest_route=%2Fwp%2Fv2%2Fcomments&post=10177"}],"wp:featuredmedia":[{"embeddable":true,"href":"https:\/\/www.kormoran.si\/kormoranw\/index.php?rest_route=\/wp\/v2\/media\/10182"}],"wp:attachment":[{"href":"https:\/\/www.kormoran.si\/kormoranw\/index.php?rest_route=%2Fwp%2Fv2%2Fmedia&parent=10177"}],"wp:term":[{"taxonomy":"product_cat","embeddable":true,"href":"https:\/\/www.kormoran.si\/kormoranw\/index.php?rest_route=%2Fwp%2Fv2%2Fproduct_cat&post=10177"},{"taxonomy":"product_tag","embeddable":true,"href":"https:\/\/www.kormoran.si\/kormoranw\/index.php?rest_route=%2Fwp%2Fv2%2Fproduct_tag&post=10177"}],"curies":[{"name":"wp","href":"https:\/\/api.w.org\/{rel}","templated":true}]}}