{"id":10184,"date":"2026-01-12T08:32:01","date_gmt":"2026-01-12T08:32:01","guid":{"rendered":"https:\/\/www.kormoran.si\/kormoranw\/?post_type=product&#038;p=10184"},"modified":"2026-01-12T09:20:02","modified_gmt":"2026-01-12T09:20:02","slug":"nahrbtnik-parforce-platno","status":"publish","type":"product","link":"https:\/\/www.kormoran.si\/kormoranw\/?product=nahrbtnik-parforce-platno","title":{"rendered":"Nahrbtnik PARFORCE (platno)"},"content":{"rendered":"<div class=\"fr-detail__subheadline\"><span dir=\"auto\" style=\"font-family: arial, helvetica, sans-serif; font-size: 12pt;\">Opis artikla<\/span><\/div>\n<div class=\"fr-selling-points__wrap\">\n<ul class=\"fr-selling-points\">\n<li class=\"fr-selling-point\"><span dir=\"auto\" style=\"font-family: arial, helvetica, sans-serif; font-size: 12pt;\">robustno jadralno platno<\/span><\/li>\n<li class=\"fr-selling-point\"><span dir=\"auto\" style=\"font-family: arial, helvetica, sans-serif; font-size: 12pt;\">klasi\u010dna oblika<\/span><\/li>\n<li class=\"fr-selling-point\"><span dir=\"auto\" style=\"font-family: arial, helvetica, sans-serif; font-size: 12pt;\">varilni vlo\u017eek<\/span><\/li>\n<li class=\"fr-selling-point\"><span dir=\"auto\" style=\"font-family: arial, helvetica, sans-serif; font-size: 12pt;\">\u010dudovite usnjene aplikacije<\/span><\/li>\n<li class=\"fr-selling-point\"><span dir=\"auto\" style=\"font-family: arial, helvetica, sans-serif; font-size: 12pt;\">z dvema prakti\u010dnima dodatnima \u017eepoma<\/span><\/li>\n<\/ul>\n<\/div>\n<div class=\"fr-detail-description__content\">\n<p><span style=\"font-family: arial, helvetica, sans-serif; font-size: 12pt;\"><strong><span dir=\"auto\">Prakti\u010den in robusten lovski nahrbtnik v tradicionalni olivno zeleni barvi iz mo\u010dnega platna za vsakodnevno uporabo na terenu, lovu ali kot vodnik psa.<\/span><\/strong><\/span><\/p>\n<p><span dir=\"auto\" style=\"font-family: arial, helvetica, sans-serif; font-size: 12pt;\">V primerjavi z materiali, kot sta usnje ali loden, se platno hitro su\u0161i. \u0160e ena prednost: je tiho \u2013 idealno za zalezovanje. Usnjena obroba naredi nahrbtnik \u0161e posebej vzdr\u017eljiv in robusten. Zapenjalniki iz bru\u0161enega lesa skupaj z usnjenimi aplikacijami ustvarjajo privla\u010dne poudarke.<\/span><\/p>\n<p><span dir=\"auto\" style=\"font-family: arial, helvetica, sans-serif; font-size: 12pt;\">Oblazinjeni usnjeni naramni trakovi omogo\u010dajo udobno no\u0161enje. Velik glavni predal in dva prostorna sprednja \u017eepa zagotavljata dovolj prostora za shranjevanje bistvene lovske opreme, ki jo potrebuje vsak lovec. Vklju\u010duje vlo\u017eek za sledenje krvi.<\/span><\/p>\n<\/div>\n<div class=\"fr-detail-description__ending\">\n<h4><span dir=\"auto\" style=\"font-family: arial, helvetica, sans-serif; font-size: 12pt;\">Navodila za nego<\/span><\/h4>\n<p><span dir=\"auto\" style=\"font-family: arial, helvetica, sans-serif; font-size: 12pt;\">Grobo umazanijo odstranite s previdnim krta\u010denjem in ro\u010dnim pranjem pri najve\u010d 30 \u00b0C.<\/span><\/p>\n<\/div>\n","protected":false},"excerpt":{"rendered":"<p><span style=\"font-family: arial, helvetica, sans-serif; font-size: 12pt;\"><strong><span dir=\"auto\">Prakti\u010den in robusten lovski nahrbtnik v tradicionalni olivno zeleni barvi iz mo\u010dnega platna za vsakodnevno uporabo na terenu, lovu ali kot vodnik psa.<\/span><\/strong><\/span><\/p>\n<ul style=\"list-style-type: disc;\">\n<li><span dir=\"auto\" style=\"font-family: arial, helvetica, sans-serif; font-size: 12pt;\">\u0160irina (razgrnjena): 60 cm<\/span><\/li>\n<li><span dir=\"auto\" style=\"font-family: arial, helvetica, sans-serif; font-size: 12pt;\">Vi\u0161ina v razgrnjenem stanju: 55 cm<\/span><\/li>\n<li><span dir=\"auto\" style=\"font-family: arial, helvetica, sans-serif; font-size: 12pt;\">Ro\u010dno pranje pri 30\u00b0C<\/span><\/li>\n<li><span dir=\"auto\" style=\"font-family: arial, helvetica, sans-serif; font-size: 12pt;\">Prostornina: 30 litrov<\/span><\/li>\n<li><span dir=\"auto\" style=\"font-family: arial, helvetica, sans-serif; font-size: 12pt;\">Te\u017ea: pribli\u017eno 800 g<\/span><\/li>\n<\/ul>\n","protected":false},"featured_media":10188,"comment_status":"open","ping_status":"closed","template":"","meta":{"spay_email":""},"product_cat":[109],"product_tag":[],"_links":{"self":[{"href":"https:\/\/www.kormoran.si\/kormoranw\/index.php?rest_route=\/wp\/v2\/product\/10184"}],"collection":[{"href":"https:\/\/www.kormoran.si\/kormoranw\/index.php?rest_route=\/wp\/v2\/product"}],"about":[{"href":"https:\/\/www.kormoran.si\/kormoranw\/index.php?rest_route=\/wp\/v2\/types\/product"}],"replies":[{"embeddable":true,"href":"https:\/\/www.kormoran.si\/kormoranw\/index.php?rest_route=%2Fwp%2Fv2%2Fcomments&post=10184"}],"wp:featuredmedia":[{"embeddable":true,"href":"https:\/\/www.kormoran.si\/kormoranw\/index.php?rest_route=\/wp\/v2\/media\/10188"}],"wp:attachment":[{"href":"https:\/\/www.kormoran.si\/kormoranw\/index.php?rest_route=%2Fwp%2Fv2%2Fmedia&parent=10184"}],"wp:term":[{"taxonomy":"product_cat","embeddable":true,"href":"https:\/\/www.kormoran.si\/kormoranw\/index.php?rest_route=%2Fwp%2Fv2%2Fproduct_cat&post=10184"},{"taxonomy":"product_tag","embeddable":true,"href":"https:\/\/www.kormoran.si\/kormoranw\/index.php?rest_route=%2Fwp%2Fv2%2Fproduct_tag&post=10184"}],"curies":[{"name":"wp","href":"https:\/\/api.w.org\/{rel}","templated":true}]}}