{"id":10515,"date":"2026-02-13T13:49:31","date_gmt":"2026-02-13T13:49:31","guid":{"rendered":"https:\/\/www.kormoran.si\/kormoranw\/?post_type=product&#038;p=10515"},"modified":"2026-02-18T15:46:03","modified_gmt":"2026-02-18T15:46:03","slug":"ribiska-palica-carp-expert-max2-feeder","status":"publish","type":"product","link":"https:\/\/www.kormoran.si\/kormoranw\/?product=ribiska-palica-carp-expert-max2-feeder","title":{"rendered":"Ribi\u0161ka palica CARP EXPERT MAX2 FEEDER"},"content":{"rendered":"<p><span dir=\"auto\" style=\"font-family: arial, helvetica, sans-serif; font-size: 12pt;\">Pri\u010dakovanja dana\u0161njih ribi\u010dev in ekstremna uporaba opreme zahtevajo \u0161e mo\u010dnej\u0161e ribi\u0161ke izdelke, ki so maksimalno uporabni v specifi\u010dnih situacijah! Da bi zadostili tej zahtevi, je bila v okviru blagovne znamke Carp Expert ustvarjena odli\u010dna serija ribi\u0161kih palic s tipi\u010dnimi lastnostmi CXP: ponuja izjemno kakovost po dostopni ceni! Ta dru\u017eina ribi\u0161kih palic se imenuje MAX.<\/span><\/p>\n<p><span dir=\"auto\" style=\"font-family: arial, helvetica, sans-serif; font-size: 12pt;\">Osnovni material ribi\u0161kih palic serije MAX 2 je ogljik IM8.<\/span><\/p>\n<p><span dir=\"auto\" style=\"font-family: arial, helvetica, sans-serif; font-size: 12pt;\">Zakaj je IM8 nenavaden? Ve\u010dina ribi\u0161kih palic za krapa je izdelanih iz ogljika IM10 in v seriji Carp Expert ni nobene druge ribi\u0161ke palice, ki bi bila izdelana iz IM8, zato lahko s preizkusom dobite zanimivo novo izku\u0161njo.<\/span><\/p>\n<p><span dir=\"auto\" style=\"font-family: arial, helvetica, sans-serif; font-size: 12pt;\">Serija MAX2 Feeder pokriva 3 razpone mo\u010di metanja, ki so razvr\u0161\u010deni v lahke, srednje in mo\u010dne.<\/span><\/p>\n<p><span dir=\"auto\" style=\"font-family: arial, helvetica, sans-serif; font-size: 12pt;\">Najbolj\u0161i \u010dlan serije, imenovan Light, s svojimi 30-60 grami je primeren za manj\u0161e kanale in kratkoro\u010dni ribolov. Razli\u010dica Medium 60-100 gramov ponuja univerzalno ali &#8220;klasi\u010dno&#8221; srednjo pot za ribolov krapa v mirnih vodah. Strong z najtrdnej\u0161imi razli\u010dicami, zahvaljujo\u010d svojemu zna\u010daju 100-150 gramov in podolgovatemu ro\u010daju za odli\u010den oprijem, ponuja svojim uporabnikom alternativo ribolovu na oddaljenih lokacijah.<\/span><\/p>\n<p><span dir=\"auto\" style=\"font-family: arial, helvetica, sans-serif; font-size: 12pt;\">Seriji sta prilo\u017eeni 1 karbonska in 2 stekleni konici za podajanje.<\/span><\/p>\n<p><span dir=\"auto\" style=\"font-family: arial, helvetica, sans-serif; font-size: 12pt;\">Njihov videz zaznamuje prefinjen \u010drn blank z belimi napisi in srebrnim trakom na vodilu, kar daje seriji resni\u010dno impresiven, a zadr\u017ean videz!<\/span><\/p>\n<p><span dir=\"auto\" style=\"font-family: arial, helvetica, sans-serif; font-size: 12pt;\">Dr\u017ealo role je preizku\u0161ena razli\u010dica z odpiranjem od spodaj navzgor.<\/span><\/p>\n<p><span dir=\"auto\" style=\"font-family: arial, helvetica, sans-serif; font-size: 12pt;\">Ozek blank je presenetljivo lahek, zato ni neudoben niti pri dalj\u0161ih ribolovnih izletih.<\/span><\/p>\n<p><span dir=\"auto\" style=\"font-family: arial, helvetica, sans-serif; font-size: 12pt;\">Zaradi popolnega ravnovesja, ki temelji na izbrani velikosti, se spla\u010da izbrati med rolama 4000 in 6000.<\/span><\/p>\n<p><span dir=\"auto\" style=\"font-family: arial, helvetica, sans-serif; font-size: 12pt;\">Ne glede na to, ali gre za dolgi ribolov s podajalnikom ali metodni ribolov, bodo te palice dolgo \u010dasa zvesti spremljevalci v rokah vsakega ribi\u010da.<\/span><\/p>\n<hr \/>\n<div id=\"descriptionbox\">\n<table>\n<tbody>\n<tr>\n<td><span style=\"font-family: arial, helvetica, sans-serif; font-size: 12pt;\"><img class=\"lazyload\" src=\"data:image\/gif;base64,R0lGODlhAQABAAAAACH5BAEKAAEALAAAAAABAAEAAAICTAEAOw==\" data-src=\"https:\/\/images.energofish.hu\/descriptionbox\/karbon_im8.png\" alt=\"\" \/><\/span><\/td>\n<td class=\"txt-left\"><span dir=\"auto\" style=\"font-family: arial, helvetica, sans-serif; font-size: 12pt;\">Karbonske palice IM8 zagotovo izpolnjujejo potrebe vse ve\u010djega \u0161tevila tekmovalnih ribi\u010dev. Te tanke in lahke palice imajo dovolj mo\u010di, da se z lahkoto spopadejo z velikimi ribami. Nenazadnje so precej fleksibilne, kar vam omogo\u010da, da s plovcem natan\u010dno spustite dale\u010d.<\/span><\/td>\n<\/tr>\n<tr>\n<td><span style=\"font-family: arial, helvetica, sans-serif; font-size: 12pt;\"><img class=\"lazyload\" src=\"data:image\/gif;base64,R0lGODlhAQABAAAAACH5BAEKAAEALAAAAAABAAEAAAICTAEAOw==\" data-src=\"https:\/\/images.energofish.hu\/descriptionbox\/nyel.png\" alt=\"\" \/><\/span><\/td>\n<td class=\"txt-left\"><span dir=\"auto\" style=\"font-family: arial, helvetica, sans-serif; font-size: 12pt;\">Tanek, skraj\u0161an ro\u010daj, ki daje va\u0161i palici ekskluziven videz. Gobast del pod sede\u017eem koluta vam pomaga trdno oprijeti palico, ko me\u010dete vrvico ali igrate z ribo.<\/span><\/td>\n<\/tr>\n<tr>\n<td><span style=\"font-family: arial, helvetica, sans-serif; font-size: 12pt;\"><img class=\"lazyload\" src=\"data:image\/gif;base64,R0lGODlhAQABAAAAACH5BAEKAAEALAAAAAABAAEAAAICTAEAOw==\" data-src=\"https:\/\/images.energofish.hu\/descriptionbox\/orsotarto.png\" alt=\"\" \/><\/span><\/td>\n<td class=\"txt-left\"><span dir=\"auto\" style=\"font-family: arial, helvetica, sans-serif; font-size: 12pt;\">Palica ima klasi\u010den sede\u017e koluta z vija\u010dno matico. Ta tip se zaradi svoje preprostosti in zanesljive strukture uporablja \u017ee desetletja. Kolut lahko na palico pritrdite z dvema pokrov\u010dkoma in vijakom.<\/span><\/td>\n<\/tr>\n<tr>\n<td><span style=\"font-family: arial, helvetica, sans-serif; font-size: 12pt;\"><img class=\"lazyload\" src=\"data:image\/gif;base64,R0lGODlhAQABAAAAACH5BAEKAAEALAAAAAABAAEAAAICTAEAOw==\" data-src=\"https:\/\/images.energofish.hu\/descriptionbox\/gyuru_sic.png\" alt=\"\" \/><\/span><\/td>\n<td class=\"txt-left\"><span dir=\"auto\" style=\"font-family: arial, helvetica, sans-serif; font-size: 12pt;\">Pri izdelavi SIC vodil lahko tehniki zdaj uporabljajo tanke, lahke o\u010desce. Zahvaljujo\u010d edinstvenim prednostim silicijevega karbida so ta svetlobna vodila ostala trpe\u017ena in odporna proti obrabi.<\/span><\/td>\n<\/tr>\n<\/tbody>\n<\/table>\n<\/div>\n<table class=\"subproduct-table\" style=\"width: 80.2654%; height: 95px;\">\n<tbody>\n<tr>\n<th style=\"width: 12.9534%; text-align: center;\"><span dir=\"auto\" style=\"font-family: arial, helvetica, sans-serif; font-size: 12pt;\">\u0160t. artikla<\/span><\/th>\n<th style=\"width: 31.2175%; text-align: center;\"><\/th>\n<th style=\"width: 5.93478%; text-align: center;\"><span dir=\"auto\" style=\"font-family: arial, helvetica, sans-serif; font-size: 12pt;\">Dol\u017eina<\/span><\/th>\n<th style=\"width: 8.19546%; text-align: center;\"><span dir=\"auto\" style=\"font-family: arial, helvetica, sans-serif; font-size: 12pt;\">\u0160tevilke odsekov<\/span><\/th>\n<th style=\"width: 8.39828%; text-align: center;\"><span dir=\"auto\" style=\"font-family: arial, helvetica, sans-serif; font-size: 12pt;\">Te\u017ea meta<\/span><\/th>\n<th style=\"width: 5.54356%; text-align: center;\"><span dir=\"auto\" style=\"font-family: arial, helvetica, sans-serif; font-size: 12pt;\">Dejanje<\/span><\/th>\n<th style=\"width: 15.305%; text-align: center;\"><span dir=\"auto\" style=\"font-family: arial, helvetica, sans-serif; font-size: 12pt;\">Velikost po\u0161iljke<\/span><\/th>\n<th style=\"width: 104.037%; text-align: center;\"><span dir=\"auto\" style=\"font-family: arial, helvetica, sans-serif; font-size: 12pt;\">Te\u017ea<\/span><\/th>\n<\/tr>\n<\/tbody>\n<\/table>\n<table class=\"subproduct-table\" style=\"width: 80.5147%;\">\n<tbody>\n<tr class=\"\">\n<td class=\"nowrap\" style=\"width: 12.8497%; text-align: center;\"><span dir=\"auto\" style=\"font-family: arial, helvetica, sans-serif; font-size: 12pt;\">13324-390<\/span><\/td>\n<td style=\"width: 31.2172%; text-align: center;\"><span style=\"font-family: arial, helvetica, sans-serif; font-size: 12pt;\"><a href=\"https:\/\/images.energofish.hu\/smallimage\/S13324-360.JPG\" data-lightbox=\"lightbox_20251\" data-title=\"13324-390 ROD CARP EXPERT MAX2 FEEDER STRONG 3.9M &lt;br&gt;There is no unique product image for this product version, so the main product image is displayed.\"><img class=\"lazyload\" title=\"PALICA CARP EXPERT MAX2 FEEDER STRONG 3,9 M Za to razli\u010dico izdelka ni edinstvene slike izdelka, zato je prikazana glavna slika izdelka.\" src=\"data:image\/gif;base64,R0lGODlhAQABAAAAACH5BAEKAAEALAAAAAABAAEAAAICTAEAOw==\" data-src=\"https:\/\/images.energofish.hu\/smallimage\/S13324-360.JPG\" alt=\"PALICA CARP EXPERT MAX2 FEEDER STRONG 3,9 M Za to razli\u010dico izdelka ni edinstvene slike izdelka, zato je prikazana glavna slika izdelka.\" \/><\/a><\/span><\/td>\n<td style=\"width: 5.95377%; text-align: center;\"><span dir=\"auto\" style=\"font-family: arial, helvetica, sans-serif; font-size: 12pt;\">3,9 m<\/span><\/td>\n<td style=\"width: 8.13636%; text-align: center;\"><span dir=\"auto\" style=\"font-family: arial, helvetica, sans-serif; font-size: 12pt;\">3+3<\/span><\/td>\n<td style=\"width: 8.20758%; text-align: center;\"><span dir=\"auto\" style=\"font-family: arial, helvetica, sans-serif; font-size: 12pt;\">100\u2013150 g<\/span><\/td>\n<td style=\"width: 5.7024%; text-align: center;\"><span dir=\"auto\" style=\"font-family: arial, helvetica, sans-serif; font-size: 12pt;\">B<\/span><\/td>\n<td style=\"width: 15.2503%; text-align: center;\"><span dir=\"auto\" style=\"font-family: arial, helvetica, sans-serif; font-size: 12pt;\">136 cm<\/span><\/td>\n<td style=\"width: 28.4276%; text-align: center;\"><span dir=\"auto\" style=\"font-family: arial, helvetica, sans-serif; font-size: 12pt;\">361 g<\/span><\/td>\n<\/tr>\n<\/tbody>\n<\/table>\n<p>&nbsp;<\/p>\n","protected":false},"excerpt":{"rendered":"<p><span style=\"font-family: arial, helvetica, sans-serif; font-size: 12pt;\">\u0160t. artikla: 13324390 <\/span><br \/>\n<span style=\"font-family: arial, helvetica, sans-serif; font-size: 12pt;\">Dol\u017eina: 3,9 m <\/span><br \/>\n<span style=\"font-family: arial, helvetica, sans-serif; font-size: 12pt;\">\u0160tevilke odsekov: 3 + 3 <\/span><br \/>\n<span style=\"font-family: arial, helvetica, sans-serif; font-size: 12pt;\">Te\u017ea meta: 100 g &#8211; 150 g <\/span><br \/>\n<span style=\"font-family: arial, helvetica, sans-serif; font-size: 12pt;\">Akcija: B <\/span><br \/>\n<span style=\"font-family: arial, helvetica, sans-serif; font-size: 12pt;\">Velikost po\u0161iljke: 136 cm <\/span><br \/>\n<span style=\"font-family: arial, helvetica, sans-serif; font-size: 12pt;\">Te\u017ea: 361 g<\/span><\/p>\n","protected":false},"featured_media":10516,"comment_status":"open","ping_status":"closed","template":"","meta":{"spay_email":""},"product_cat":[61],"product_tag":[],"_links":{"self":[{"href":"https:\/\/www.kormoran.si\/kormoranw\/index.php?rest_route=\/wp\/v2\/product\/10515"}],"collection":[{"href":"https:\/\/www.kormoran.si\/kormoranw\/index.php?rest_route=\/wp\/v2\/product"}],"about":[{"href":"https:\/\/www.kormoran.si\/kormoranw\/index.php?rest_route=\/wp\/v2\/types\/product"}],"replies":[{"embeddable":true,"href":"https:\/\/www.kormoran.si\/kormoranw\/index.php?rest_route=%2Fwp%2Fv2%2Fcomments&post=10515"}],"wp:featuredmedia":[{"embeddable":true,"href":"https:\/\/www.kormoran.si\/kormoranw\/index.php?rest_route=\/wp\/v2\/media\/10516"}],"wp:attachment":[{"href":"https:\/\/www.kormoran.si\/kormoranw\/index.php?rest_route=%2Fwp%2Fv2%2Fmedia&parent=10515"}],"wp:term":[{"taxonomy":"product_cat","embeddable":true,"href":"https:\/\/www.kormoran.si\/kormoranw\/index.php?rest_route=%2Fwp%2Fv2%2Fproduct_cat&post=10515"},{"taxonomy":"product_tag","embeddable":true,"href":"https:\/\/www.kormoran.si\/kormoranw\/index.php?rest_route=%2Fwp%2Fv2%2Fproduct_tag&post=10515"}],"curies":[{"name":"wp","href":"https:\/\/api.w.org\/{rel}","templated":true}]}}