{"id":10554,"date":"2026-02-19T13:21:19","date_gmt":"2026-02-19T13:21:19","guid":{"rendered":"https:\/\/www.kormoran.si\/kormoranw\/?post_type=product&#038;p=10554"},"modified":"2026-02-19T13:37:12","modified_gmt":"2026-02-19T13:37:12","slug":"flexi-povodec-5m-trak","status":"publish","type":"product","link":"https:\/\/www.kormoran.si\/kormoranw\/?product=flexi-povodec-5m-trak","title":{"rendered":"Flexi povodec 5m &#8211; trak"},"content":{"rendered":"<p><span style=\"font-family: arial, helvetica, sans-serif; font-size: 12pt;\">Naj bo to kratek ali dalj\u0161i pohod: s prakti\u010dnimi povodci flexi\u00ae postane vsak sprehod spro\u0161\u010dujo\u010d u\u017eitek. Seveda vsi modeli flexi\u00ae fun kolekcije navdu\u0161ijo z obi\u010dajno visoko flexi\u00ae kakovostjo, ki daje vsakemu lastniku psa varen ob\u010dutek, ko svojega \u0161tirino\u017eca pelje na sprehod. Patentirani zavorni in povratni sistem daje va\u0161emu dragemu nadzorovano svobodo gibanja v vsakem trenutku, kljub povodcu.<\/span><\/p>\n<p><span style=\"font-family: arial, helvetica, sans-serif; font-size: 12pt;\">Povodec z trakom v velikosti S, M in L<\/span><\/p>\n<ul style=\"list-style-type: disc;\">\n<li><span style=\"font-family: arial, helvetica, sans-serif; font-size: 12pt;\">velikost S do 15 kg<\/span><\/li>\n<li><span style=\"font-family: arial, helvetica, sans-serif; font-size: 12pt;\">velikost M do 25kg<\/span><\/li>\n<li><span style=\"font-family: arial, helvetica, sans-serif; font-size: 12pt;\">velikost L do 50kg<\/span><\/li>\n<\/ul>\n<p><span style=\"font-family: arial, helvetica, sans-serif; font-size: 12pt;\">S kromiranim karabinom<\/span><br \/>\n<span style=\"font-family: arial, helvetica, sans-serif; font-size: 12pt;\">Barva: \u010drna, modra ali rde\u010da (dostava glede na razpolo\u017eljivost)<\/span><br \/>\n<span style=\"font-family: arial, helvetica, sans-serif; font-size: 12pt;\">Dol\u017eina prostega teka do 5 m<\/span><br \/>\n<span style=\"font-family: arial, helvetica, sans-serif; font-size: 12pt;\">Izdelano v Nem\u010diji<\/span><\/p>\n","protected":false},"excerpt":{"rendered":"<p>Naj bo to kratek ali dalj\u0161i pohod: s prakti\u010dnimi povodci flexi\u00ae postane vsak sprehod spro\u0161\u010dujo\u010d u\u017eitek. Seveda vsi modeli flexi\u00ae fun kolekcije navdu\u0161ijo z obi\u010dajno visoko flexi\u00ae kakovostjo, ki daje vsakemu lastniku psa varen ob\u010dutek, ko svojega \u0161tirino\u017eca pelje na sprehod. Patentirani zavorni in povratni sistem daje va\u0161emu dragemu nadzorovano svobodo gibanja v vsakem trenutku,[&#8230;]<\/p>\n","protected":false},"featured_media":10562,"comment_status":"open","ping_status":"closed","template":"","meta":{"spay_email":""},"product_cat":[81],"product_tag":[],"_links":{"self":[{"href":"https:\/\/www.kormoran.si\/kormoranw\/index.php?rest_route=\/wp\/v2\/product\/10554"}],"collection":[{"href":"https:\/\/www.kormoran.si\/kormoranw\/index.php?rest_route=\/wp\/v2\/product"}],"about":[{"href":"https:\/\/www.kormoran.si\/kormoranw\/index.php?rest_route=\/wp\/v2\/types\/product"}],"replies":[{"embeddable":true,"href":"https:\/\/www.kormoran.si\/kormoranw\/index.php?rest_route=%2Fwp%2Fv2%2Fcomments&post=10554"}],"wp:featuredmedia":[{"embeddable":true,"href":"https:\/\/www.kormoran.si\/kormoranw\/index.php?rest_route=\/wp\/v2\/media\/10562"}],"wp:attachment":[{"href":"https:\/\/www.kormoran.si\/kormoranw\/index.php?rest_route=%2Fwp%2Fv2%2Fmedia&parent=10554"}],"wp:term":[{"taxonomy":"product_cat","embeddable":true,"href":"https:\/\/www.kormoran.si\/kormoranw\/index.php?rest_route=%2Fwp%2Fv2%2Fproduct_cat&post=10554"},{"taxonomy":"product_tag","embeddable":true,"href":"https:\/\/www.kormoran.si\/kormoranw\/index.php?rest_route=%2Fwp%2Fv2%2Fproduct_tag&post=10554"}],"curies":[{"name":"wp","href":"https:\/\/api.w.org\/{rel}","templated":true}]}}