{"id":10769,"date":"2026-03-21T10:48:05","date_gmt":"2026-03-21T10:48:05","guid":{"rendered":"https:\/\/www.kormoran.si\/kormoranw\/?post_type=product&#038;p=10769"},"modified":"2026-03-25T15:32:27","modified_gmt":"2026-03-25T15:32:27","slug":"arami-algoex-pond-200ml-proti-sirjenju-alg","status":"publish","type":"product","link":"https:\/\/www.kormoran.si\/kormoranw\/?product=arami-algoex-pond-200ml-proti-sirjenju-alg","title":{"rendered":"Arami ALGOEX POND 200ml &#8211; proti \u0161irjenju alg v ribniku"},"content":{"rendered":"<p><span style=\"font-family: arial, helvetica, sans-serif; font-size: 12pt;\"><strong>Algoex Pond<\/strong> je specializirano u\u010dinkovito sredstvo proizvajalca Arami, namenjeno proti \u0161irjenju alg in fitoparazitov v vrtnih ribnikih.<\/span><\/p>\n<p><span style=\"font-family: arial, helvetica, sans-serif; font-size: 12pt;\"><strong>Glavne zna\u010dilnosti:<\/strong><\/span><\/p>\n<ul style=\"list-style-type: disc;\">\n<li><span style=\"font-family: arial, helvetica, sans-serif; font-size: 12pt;\">Namen: U\u010dinkovito prepre\u010duje \u0161irjenje vseh vrst alg in parazitov, ki lahko skvarijo videz in biolo\u0161ko ravnovesje va\u0161ega ribnika.<\/span><\/li>\n<li><span style=\"font-family: arial, helvetica, sans-serif; font-size: 12pt;\">Delovanje: Sredstvo pomaga ohranjati vodo bistro in zdravo za ribe ter rastline.<\/span><\/li>\n<li><span style=\"font-family: arial, helvetica, sans-serif; font-size: 12pt;\">Uporaba: Priporo\u010dljivo je, da pred uporabo mehansko odstranite \u010dim ve\u010dji del alg (npr. nitaste alge), da sredstvo deluje bolj u\u010dinkovito na preostanek. <\/span><br \/>\n<span style=\"font-family: arial, helvetica, sans-serif; font-size: 12pt;\">100ml zadostuje za 2000 litrov vode v ribniku. Posodo za zalivanje napolnite z vodo iz ribnika, dodajte potrebno koli\u010dino ALGOEX POND-a, preme\u0161ate in enakomerno po\u0161kropite celotno povr\u0161ino ribnika. Po treh dneh o\u010distite ribnik izumrlih alg z mre\u017eami ali s sesanjem.<\/span><\/li>\n<\/ul>\n<p><span style=\"font-family: arial, helvetica, sans-serif; font-size: 12pt;\"><strong>Pomembno pred uporabo:<\/strong><\/span><br \/>\n<span style=\"font-family: arial, helvetica, sans-serif; font-size: 12pt;\">Za najbolj\u0161i u\u010dinek kateregakoli sredstva proti algam strokovnjaki priporo\u010dajo:<\/span><br \/>\n<span style=\"font-family: arial, helvetica, sans-serif; font-size: 12pt;\">Preverjanje trdote vode: Karbonatna trdota (KH) naj bo vsaj 3\u20136 \u00b0dH, da bo delovanje varno in stabilno.<\/span><br \/>\n<span style=\"font-family: arial, helvetica, sans-serif; font-size: 12pt;\">Odstranjevanje fosfatov: Alge se hranijo s fosfati, zato je dolgoro\u010dna re\u0161itev uporaba odstranjevalcev fosfatov.<\/span><\/p>\n<p><strong><span style=\"font-family: arial, helvetica, sans-serif; font-size: 12pt;\">Opozorilo: ne sme biti v dosegu otrok!<\/span><\/strong><br \/>\n<span style=\"font-family: arial, helvetica, sans-serif; font-size: 12pt;\">Rok trajanja: neomejen<\/span><\/p>\n<p>&nbsp;<\/p>\n","protected":false},"excerpt":{"rendered":"<p>Vsebina: 200 ml<\/p>\n","protected":false},"featured_media":10770,"comment_status":"open","ping_status":"closed","template":"","meta":{"spay_email":""},"product_cat":[110],"product_tag":[],"_links":{"self":[{"href":"https:\/\/www.kormoran.si\/kormoranw\/index.php?rest_route=\/wp\/v2\/product\/10769"}],"collection":[{"href":"https:\/\/www.kormoran.si\/kormoranw\/index.php?rest_route=\/wp\/v2\/product"}],"about":[{"href":"https:\/\/www.kormoran.si\/kormoranw\/index.php?rest_route=\/wp\/v2\/types\/product"}],"replies":[{"embeddable":true,"href":"https:\/\/www.kormoran.si\/kormoranw\/index.php?rest_route=%2Fwp%2Fv2%2Fcomments&post=10769"}],"wp:featuredmedia":[{"embeddable":true,"href":"https:\/\/www.kormoran.si\/kormoranw\/index.php?rest_route=\/wp\/v2\/media\/10770"}],"wp:attachment":[{"href":"https:\/\/www.kormoran.si\/kormoranw\/index.php?rest_route=%2Fwp%2Fv2%2Fmedia&parent=10769"}],"wp:term":[{"taxonomy":"product_cat","embeddable":true,"href":"https:\/\/www.kormoran.si\/kormoranw\/index.php?rest_route=%2Fwp%2Fv2%2Fproduct_cat&post=10769"},{"taxonomy":"product_tag","embeddable":true,"href":"https:\/\/www.kormoran.si\/kormoranw\/index.php?rest_route=%2Fwp%2Fv2%2Fproduct_tag&post=10769"}],"curies":[{"name":"wp","href":"https:\/\/api.w.org\/{rel}","templated":true}]}}