{"id":10789,"date":"2026-03-25T10:05:48","date_gmt":"2026-03-25T10:05:48","guid":{"rendered":"https:\/\/www.kormoran.si\/kormoranw\/?post_type=product&#038;p=10789"},"modified":"2026-03-25T10:05:48","modified_gmt":"2026-03-25T10:05:48","slug":"hrana-za-talne-akvarijske-ribe-vitakraft-premium-tabs","status":"publish","type":"product","link":"https:\/\/www.kormoran.si\/kormoranw\/?product=hrana-za-talne-akvarijske-ribe-vitakraft-premium-tabs","title":{"rendered":"Hrana za talne akvarijske ribe &#8211; Vitakraft Premium TABS"},"content":{"rendered":"<p data-start=\"0\" data-end=\"87\"><span style=\"font-family: arial, helvetica, sans-serif; font-size: 12pt;\"><strong data-start=\"0\" data-end=\"87\"><span class=\"hover:entity-accent entity-underline inline cursor-pointer align-baseline\"><span class=\"whitespace-normal\">Vitakraft<\/span><\/span> Premium TABS \u2013 hrana za talne akvarijske ribe<\/strong><\/span><\/p>\n<p data-start=\"89\" data-end=\"319\"><span style=\"font-family: arial, helvetica, sans-serif; font-size: 12pt;\">Kakovostna popolna hrana v obliki tablet, posebej razvita za <strong data-start=\"150\" data-end=\"164\">talne ribe<\/strong> (npr. somi\u010de in druge vrste, ki se prehranjujejo na dnu akvarija). Tablete se hitro potopijo in omogo\u010dajo naravno prehranjevanje brez motenja ostalih rib.\u00a0<\/span><\/p>\n<h3 data-section-id=\"z67sje\" data-start=\"321\" data-end=\"345\"><span style=\"font-family: arial, helvetica, sans-serif; font-size: 12pt;\">\u00a0Klju\u010dne prednosti:<\/span><\/h3>\n<ul data-start=\"346\" data-end=\"637\">\n<li data-section-id=\"6ia47a\" data-start=\"346\" data-end=\"417\"><span style=\"font-family: arial, helvetica, sans-serif; font-size: 12pt;\"><strong data-start=\"348\" data-end=\"369\">Prebiotic formula<\/strong> \u2013 podpira zdravo prebavo in dobro po\u010dutje rib<\/span><\/li>\n<li data-section-id=\"ex9f2n\" data-start=\"418\" data-end=\"467\"><span style=\"font-family: arial, helvetica, sans-serif; font-size: 12pt;\"><strong data-start=\"420\" data-end=\"437\">Immune Active<\/strong> \u2013 krepi odpornost organizma<\/span><\/li>\n<li data-section-id=\"qwuhgn\" data-start=\"468\" data-end=\"515\"><span style=\"font-family: arial, helvetica, sans-serif; font-size: 12pt;\"><strong data-start=\"470\" data-end=\"485\">Colour Plus<\/strong> \u2013 poudari naravne barve rib<\/span><\/li>\n<li data-section-id=\"1pjptmq\" data-start=\"516\" data-end=\"585\"><span style=\"font-family: arial, helvetica, sans-serif; font-size: 12pt;\"><strong data-start=\"518\" data-end=\"548\">Z dodatkom kozic (shrimps)<\/strong> \u2013 izbolj\u0161an okus in vir beljakovin<\/span><\/li>\n<li data-section-id=\"b4r54i\" data-start=\"586\" data-end=\"637\"><span style=\"font-family: arial, helvetica, sans-serif; font-size: 12pt;\"><strong data-start=\"588\" data-end=\"606\">Tablete za dno<\/strong> \u2013 idealne za talne vrste rib<\/span><\/li>\n<\/ul>\n<p data-start=\"687\" data-end=\"971\"><strong data-start=\"687\" data-end=\"699\">Sestava: <\/strong>\u017dita, ribe in ribji stranski proizvodi, mleko in mle\u010dni proizvodi, kvasovke (MOS 3000 mg\/kg, beta-glukan 460 mg\/kg), mehku\u017eci in raki (kozice 3,8 %), rastlinski beljakovinski izvle\u010dki, \u017eelatina, alge, olja in ma\u0161\u010dobe, minerali, zelenjava, rastlinski stranski proizvodi.<\/p>\n<p data-start=\"973\" data-end=\"1076\"><strong data-start=\"973\" data-end=\"985\">Dodatki: <\/strong>Vitamin A 9.485 IU, vitamin D3 840 IU, vitamin C 196 mg, astaksantin 40 mg.<br data-start=\"1063\" data-end=\"1066\" \/>Z barvili.<\/p>\n<h3 data-section-id=\"1mberoj\" data-start=\"767\" data-end=\"785\"><span style=\"font-family: arial, helvetica, sans-serif; font-size: 12pt;\">Primerno za:\u00a0<\/span><\/h3>\n<ul style=\"list-style-type: disc;\">\n<li>talne ribe (npr. Corydoras, Ancistrus ipd.)<\/li>\n<li>sladkovodne akvarije<\/li>\n<\/ul>\n<p><strong>Prehranjevanje:<\/strong> Hranite 1\u20132x dnevno v koli\u010dini, ki jo ribe pojedo v nekaj minutah.<\/p>\n<p><span style=\"font-family: arial, helvetica, sans-serif; font-size: 12pt;\"><strong>Pakiranje:<\/strong> cca. 100 tablet (100 ml)<\/span><\/p>\n","protected":false},"excerpt":{"rendered":"<p><span style=\"font-family: arial, helvetica, sans-serif; font-size: 12pt;\">Potapljajo\u010di se Vitakraft<sup>\u00ae\u00a0 <\/sup>Premium TABS z dragocenimi kozicami.<\/span><\/p>\n<p><span style=\"font-family: arial, helvetica, sans-serif; font-size: 12pt;\">Popolna hrana je bila razvita posebej za hranjenje somov in drugih okrasnih rib, ki se hranijo pri dnu. <\/span><\/p>\n<p><span style=\"font-family: arial, helvetica, sans-serif; font-size: 12pt;\">Celovita oskrba z vsemi pomembnimi prehranskimi sestavinami za vitalnost in barvitost!<\/span><\/p>\n","protected":false},"featured_media":10790,"comment_status":"open","ping_status":"closed","template":"","meta":{"spay_email":""},"product_cat":[110],"product_tag":[],"_links":{"self":[{"href":"https:\/\/www.kormoran.si\/kormoranw\/index.php?rest_route=\/wp\/v2\/product\/10789"}],"collection":[{"href":"https:\/\/www.kormoran.si\/kormoranw\/index.php?rest_route=\/wp\/v2\/product"}],"about":[{"href":"https:\/\/www.kormoran.si\/kormoranw\/index.php?rest_route=\/wp\/v2\/types\/product"}],"replies":[{"embeddable":true,"href":"https:\/\/www.kormoran.si\/kormoranw\/index.php?rest_route=%2Fwp%2Fv2%2Fcomments&post=10789"}],"wp:featuredmedia":[{"embeddable":true,"href":"https:\/\/www.kormoran.si\/kormoranw\/index.php?rest_route=\/wp\/v2\/media\/10790"}],"wp:attachment":[{"href":"https:\/\/www.kormoran.si\/kormoranw\/index.php?rest_route=%2Fwp%2Fv2%2Fmedia&parent=10789"}],"wp:term":[{"taxonomy":"product_cat","embeddable":true,"href":"https:\/\/www.kormoran.si\/kormoranw\/index.php?rest_route=%2Fwp%2Fv2%2Fproduct_cat&post=10789"},{"taxonomy":"product_tag","embeddable":true,"href":"https:\/\/www.kormoran.si\/kormoranw\/index.php?rest_route=%2Fwp%2Fv2%2Fproduct_tag&post=10789"}],"curies":[{"name":"wp","href":"https:\/\/api.w.org\/{rel}","templated":true}]}}