{"id":10829,"date":"2026-03-31T09:08:15","date_gmt":"2026-03-31T09:08:15","guid":{"rendered":"https:\/\/www.kormoran.si\/kormoranw\/?post_type=product&#038;p=10829"},"modified":"2026-03-31T09:35:48","modified_gmt":"2026-03-31T09:35:48","slug":"navezani-trnki-mikado-herring-rig","status":"publish","type":"product","link":"https:\/\/www.kormoran.si\/kormoranw\/?product=navezani-trnki-mikado-herring-rig","title":{"rendered":"Navezani trnki Mikado Herring Rig"},"content":{"rendered":"<div class=\"flex max-w-full flex-col gap-4 grow\">\n<div class=\"min-h-8 text-message relative flex w-full flex-col items-end gap-2 text-start break-words whitespace-normal outline-none keyboard-focused:focus-ring [.text-message+&amp;]:mt-1\" dir=\"auto\" tabindex=\"0\" data-message-author-role=\"assistant\" data-message-id=\"48098af5-70ed-474e-9f71-e28aad9539b6\" data-turn-start-message=\"true\" data-message-model-slug=\"gpt-5-3\">\n<div class=\"flex w-full flex-col gap-1 empty:hidden\">\n<div class=\"markdown prose dark:prose-invert w-full wrap-break-word light markdown-new-styling\">\n<p data-start=\"83\" data-end=\"318\"><span style=\"font-family: arial, helvetica, sans-serif; font-size: 12pt;\">Mikado Herring Rig je kakovosten sistem navezanih trnkov, zasnovan posebej za lov jatnih rib, kot so slaniki, sardele in druge manj\u0161e morske vrste. Gre za t. i. <em data-start=\"251\" data-end=\"266\">sabiki navezo<\/em>, ki omogo\u010da hiter in u\u010dinkovit ulov ve\u010d rib hkrati.<\/span><\/p>\n<p data-start=\"320\" data-end=\"622\"><span style=\"font-family: arial, helvetica, sans-serif; font-size: 12pt;\">Naveza je izdelana iz trpe\u017ene in skoraj nevidne vrvice, na kateri je name\u0161\u010denih ve\u010d ostrih trnkov, obogatenih z ble\u0161\u010de\u010dimi umetnimi dodatki (perje ali folija), ki posnemajo majhne ribice oziroma plankton. Ti dodatki mo\u010dno pove\u010dajo privla\u010dnost in spro\u017eijo napad rib tudi takrat, ko niso najbolj aktivne.<\/span><\/p>\n<p data-start=\"624\" data-end=\"638\"><span style=\"font-family: arial, helvetica, sans-serif; font-size: 12pt;\"><strong data-start=\"624\" data-end=\"638\">Lastnosti:<\/strong><\/span><\/p>\n<ul data-start=\"639\" data-end=\"887\">\n<li data-section-id=\"mi9997\" data-start=\"639\" data-end=\"687\"><span style=\"font-family: arial, helvetica, sans-serif; font-size: 12pt;\">6 navezanih trnkov za hkratni ulov ve\u010d rib, dol\u017eine navez 6 x 25 cm, nosilnost 10 kg<\/span><\/li>\n<li data-section-id=\"10o8tgm\" data-start=\"688\" data-end=\"742\"><span style=\"font-family: arial, helvetica, sans-serif; font-size: 12pt;\">Realisti\u010dni svetle\u010di dodatki za ve\u010djo u\u010dinkovitost<\/span><\/li>\n<li data-section-id=\"1qwiy90\" data-start=\"743\" data-end=\"780\"><span style=\"font-family: arial, helvetica, sans-serif; font-size: 12pt;\">Izredno ostri in zanesljivi trnki<\/span><\/li>\n<li data-section-id=\"15spuyl\" data-start=\"781\" data-end=\"831\"><span style=\"font-family: arial, helvetica, sans-serif; font-size: 12pt;\">Enostavna uporaba \u2013 primerna tudi za za\u010detnike<\/span><\/li>\n<li data-section-id=\"pw2q7n\" data-start=\"832\" data-end=\"887\"><span style=\"font-family: arial, helvetica, sans-serif; font-size: 12pt;\">Idealno za morski ribolov z obale, pomola ali \u010dolna<\/span><\/li>\n<\/ul>\n<p data-start=\"889\" data-end=\"1088\"><span style=\"font-family: arial, helvetica, sans-serif; font-size: 12pt;\"><strong data-start=\"889\" data-end=\"901\">Uporaba:<\/strong><\/span><br \/>\n<span style=\"font-family: arial, helvetica, sans-serif; font-size: 12pt;\">Navezo preprosto pritrdite na glavno vrvico, na konec pa dodate ute\u017e. Spustite v vodo in z rahlim dvigovanjem ter spu\u0161\u010danjem posnemajte gibanje jate \u2013 pogosto boste ujeli ve\u010d rib hkrati.<\/span><\/p>\n<p data-start=\"1090\" data-end=\"1239\" data-is-last-node=\"\" data-is-only-node=\"\"><span style=\"font-family: arial, helvetica, sans-serif; font-size: 12pt;\">Mikado Herring Sabiki Rig je odli\u010dna izbira za vse ribi\u010de, ki \u017eelijo hitro in u\u010dinkovito loviti manj\u0161e jatne rib \u2013 bodisi za vabo ali za kulinariko.<\/span><\/p>\n<\/div>\n<\/div>\n<\/div>\n<\/div>\n<div class=\"z-0 flex min-h-[46px] justify-start\"><\/div>\n<div class=\"mt-3 w-full empty:hidden\">\n<div class=\"text-center\">\n<div>\n<div class=\"inline-flex border border-gray-100 dark:border-gray-700 rounded-xl\">\n<div class=\"bg-token-main-surface-tertiary w-px flex-1 self-stretch\"><\/div>\n<\/div>\n<\/div>\n<\/div>\n<\/div>\n","protected":false},"excerpt":{"rendered":"<p>Mikado Herring Rig je kakovosten sistem navezanih trnkov, zasnovan posebej za lov jatnih rib, kot so slaniki, sardele in druge manj\u0161e morske vrste. Gre za t. i. sabiki navezo, ki omogo\u010da hiter in u\u010dinkovit ulov ve\u010d rib hkrati. Naveza je izdelana iz trpe\u017ene in skoraj nevidne vrvice, na kateri je name\u0161\u010denih ve\u010d ostrih trnkov, obogatenih[&#8230;]<\/p>\n","protected":false},"featured_media":10834,"comment_status":"open","ping_status":"closed","template":"","meta":{"spay_email":""},"product_cat":[55],"product_tag":[],"_links":{"self":[{"href":"https:\/\/www.kormoran.si\/kormoranw\/index.php?rest_route=\/wp\/v2\/product\/10829"}],"collection":[{"href":"https:\/\/www.kormoran.si\/kormoranw\/index.php?rest_route=\/wp\/v2\/product"}],"about":[{"href":"https:\/\/www.kormoran.si\/kormoranw\/index.php?rest_route=\/wp\/v2\/types\/product"}],"replies":[{"embeddable":true,"href":"https:\/\/www.kormoran.si\/kormoranw\/index.php?rest_route=%2Fwp%2Fv2%2Fcomments&post=10829"}],"wp:featuredmedia":[{"embeddable":true,"href":"https:\/\/www.kormoran.si\/kormoranw\/index.php?rest_route=\/wp\/v2\/media\/10834"}],"wp:attachment":[{"href":"https:\/\/www.kormoran.si\/kormoranw\/index.php?rest_route=%2Fwp%2Fv2%2Fmedia&parent=10829"}],"wp:term":[{"taxonomy":"product_cat","embeddable":true,"href":"https:\/\/www.kormoran.si\/kormoranw\/index.php?rest_route=%2Fwp%2Fv2%2Fproduct_cat&post=10829"},{"taxonomy":"product_tag","embeddable":true,"href":"https:\/\/www.kormoran.si\/kormoranw\/index.php?rest_route=%2Fwp%2Fv2%2Fproduct_tag&post=10829"}],"curies":[{"name":"wp","href":"https:\/\/api.w.org\/{rel}","templated":true}]}}