{"id":10900,"date":"2026-04-13T16:19:23","date_gmt":"2026-04-13T14:19:23","guid":{"rendered":"https:\/\/www.kormoran.si\/kormoranw\/?post_type=product&#038;p=10900"},"modified":"2026-04-13T16:25:58","modified_gmt":"2026-04-13T14:25:58","slug":"boili-topni-carp-expert-neo-soluble-boilie-800g","status":"publish","type":"product","link":"https:\/\/www.kormoran.si\/kormoranw\/?product=boili-topni-carp-expert-neo-soluble-boilie-800g","title":{"rendered":"Boili, topni, CARP EXPERT NEO SOLUBLE BOILIE 800g"},"content":{"rendered":"<p><span style=\"font-family: arial, helvetica, sans-serif; font-size: 12pt;\"><strong><span dir=\"auto\">Carp Expert Neo Topni Boilie<\/span><\/strong><\/span><\/p>\n<p><span dir=\"auto\" style=\"font-family: arial, helvetica, sans-serif; font-size: 12pt;\">Topni boili CARP EXPERT NEO temelji na visoki hranilni vrednosti in nadzorovanem raztapljanju znotraj kategorije NEO. Cilj boilijev je, da jih ribe prepoznajo kot naravni vir hrane, hkrati pa jim s pomo\u010djo raztapljanja nenehno zagotavljajo informacije o mestu hranjenja.<\/span><\/p>\n<p><span dir=\"auto\" style=\"font-family: arial, helvetica, sans-serif; font-size: 12pt;\">NEO SOLUBLE BOILIE je na voljo v dveh razli\u010dnih premerih:<\/span><\/p>\n<ul>\n<li><span dir=\"auto\" style=\"font-family: arial, helvetica, sans-serif; font-size: 12pt;\">Velikost 20 mm je idealna izbira za splo\u0161ni ribolov z bojli, kjer je pomembna selektivnost, vendar izklju\u010ditev zaradi prevelike velikosti \u0161e ni potrebna.<\/span><\/li>\n<li><span dir=\"auto\" style=\"font-family: arial, helvetica, sans-serif; font-size: 12pt;\">24-milimetrski bojli je \u0161e posebej ugoden, kadar je cilj selektivno ujeti ve\u010dje ribe, pri \u010demer je pomembno izklju\u010diti manj\u0161e ribe.<\/span><\/li>\n<\/ul>\n<p><span style=\"font-family: arial, helvetica, sans-serif; font-size: 12pt;\"><strong><span dir=\"auto\">Kategorija NEO \u2013 raz\u0161irjene mo\u017enosti, ve\u010dja prilagodljivost<\/span><\/strong><\/span><br \/>\n<span dir=\"auto\" style=\"font-family: arial, helvetica, sans-serif; font-size: 12pt;\">Kategorija NEO, zgrajena na SMART temeljih, ponuja ve\u010djo svobodo pri razvoju strategij hranjenja. Topni bojliji aktivno sodelujejo v procesu hranjenja, hkrati pa ohranjajo dolgotrajen in stabilen u\u010dinek.<\/span><\/p>\n<ul>\n<li><span dir=\"auto\" style=\"font-family: arial, helvetica, sans-serif; font-size: 12pt;\">visoka hranilna vrednost, sestava na osnovi hrane<\/span><\/li>\n<li><span dir=\"auto\" style=\"font-family: arial, helvetica, sans-serif; font-size: 12pt;\">nadzorovano raztapljanje za neprekinjeno prisotnost<\/span><\/li>\n<li><span dir=\"auto\" style=\"font-family: arial, helvetica, sans-serif; font-size: 12pt;\">primerno za samostojno hranjenje boilijev in kombinirane strategije<\/span><\/li>\n<li><span dir=\"auto\" style=\"font-family: arial, helvetica, sans-serif; font-size: 12pt;\">uporabno vse leto, tudi pri razli\u010dnih temperaturah vode<\/span><\/li>\n<\/ul>\n<p><span style=\"font-family: arial, helvetica, sans-serif; font-size: 12pt;\"><strong><span dir=\"auto\">Predlagana uporaba<\/span><\/strong><\/span><br \/>\n<span dir=\"auto\" style=\"font-family: arial, helvetica, sans-serif; font-size: 12pt;\">Velikost 20 mm se dobro obnese kot samostojna vaba, lahko pa se kombinira tudi s peleti, me\u0161anicami semen ali glineno vabo. Raztapljanje pomaga ohranjati mesto hranjenja &#8220;\u017eivo&#8221;, fizi\u010dna prisotnost bojlija pa zagotavlja mo\u017enost selektivnega ribolova.<\/span><br \/>\n<span dir=\"auto\" style=\"font-family: arial, helvetica, sans-serif; font-size: 12pt;\">Posebej priporo\u010dljivo:<\/span><\/p>\n<ul>\n<li><span dir=\"auto\" style=\"font-family: arial, helvetica, sans-serif; font-size: 12pt;\">za hiter ribolov, ko \u017eelimo \u010dim hitreje ujeti ribo<\/span><\/li>\n<li><span dir=\"auto\" style=\"font-family: arial, helvetica, sans-serif; font-size: 12pt;\">v hladnej\u0161i vodi, ko uporaba ve\u010djih vab \u0161e ni priporo\u010dljiva<\/span><\/li>\n<li><span dir=\"auto\" style=\"font-family: arial, helvetica, sans-serif; font-size: 12pt;\">v vodah, kjer so pomembne naravne zna\u010dilnosti hrane<\/span><\/li>\n<\/ul>\n<p><span dir=\"auto\" style=\"font-family: arial, helvetica, sans-serif; font-size: 12pt;\">Razli\u010dica 24 mm je idealna izbira za ve\u010dje vode z intenzivnej\u0161im ribolovnim pritiskom in kjer je ciljno usmerjen ulov rib primarni. V kombinaciji s peleti, me\u0161anicami semen ali glineno vabo ostane hranjenje stabilno, ve\u010dji ko\u0161\u010dki pa zagotavljajo selektivne ugrize.<\/span><br \/>\n<span dir=\"auto\" style=\"font-family: arial, helvetica, sans-serif; font-size: 12pt;\">Priporo\u010deno:<\/span><\/p>\n<ul>\n<li><span dir=\"auto\" style=\"font-family: arial, helvetica, sans-serif; font-size: 12pt;\">za ciljni ribolov ve\u010djih krapov<\/span><\/li>\n<li><span dir=\"auto\" style=\"font-family: arial, helvetica, sans-serif; font-size: 12pt;\">za dalj\u0161e cikle hranjenja<\/span><\/li>\n<li><span dir=\"auto\" style=\"font-family: arial, helvetica, sans-serif; font-size: 12pt;\">v toplej\u0161i vodi in med obdobji intenzivnej\u0161ega hranjenja<\/span><\/li>\n<\/ul>\n<p><span style=\"font-family: arial, helvetica, sans-serif; font-size: 12pt;\"><strong><span dir=\"auto\">Okusi in priporo\u010dila<\/span><\/strong><\/span><\/p>\n<p><span dir=\"auto\" style=\"font-family: arial, helvetica, sans-serif; font-size: 12pt;\">Tigrov oreh (Tigernut)<\/span><\/p>\n<ul>\n<li><span dir=\"auto\" style=\"font-family: arial, helvetica, sans-serif; font-size: 12pt;\">naravni zna\u010daj na osnovi semen<\/span><\/li>\n<li><span dir=\"auto\" style=\"font-family: arial, helvetica, sans-serif; font-size: 12pt;\">idealno za dalj\u0161a hranjenja<\/span><\/li>\n<\/ul>\n<p><span dir=\"auto\" style=\"font-family: arial, helvetica, sans-serif; font-size: 12pt;\">Ribja moka (Fishmeal)<\/span><\/p>\n<ul>\n<li><span dir=\"auto\" style=\"font-family: arial, helvetica, sans-serif; font-size: 12pt;\">mo\u010dan, naraven beljakovinski profil<\/span><\/li>\n<li><span dir=\"auto\" style=\"font-family: arial, helvetica, sans-serif; font-size: 12pt;\">odli\u010dno v toplej\u0161i vodi<\/span><\/li>\n<\/ul>\n","protected":false},"excerpt":{"rendered":"<p><span dir=\"auto\" style=\"font-family: arial, helvetica, sans-serif; font-size: 12pt;\">Ribja moka (Fishmeal)<\/span><\/p>\n<ul>\n<li><span dir=\"auto\" style=\"font-family: arial, helvetica, sans-serif; font-size: 12pt;\">mo\u010dan, naraven beljakovinski profil<\/span><\/li>\n<li><span dir=\"auto\" style=\"font-family: arial, helvetica, sans-serif; font-size: 12pt;\">odli\u010dno v toplej\u0161i vodi<\/span><\/li>\n<li><span style=\"font-family: arial, helvetica, sans-serif; font-size: 12pt;\">800g<\/span><\/li>\n<li><span style=\"font-family: arial, helvetica, sans-serif; font-size: 12pt;\">20mm<\/span><\/li>\n<\/ul>\n","protected":false},"featured_media":10902,"comment_status":"open","ping_status":"closed","template":"","meta":{"spay_email":""},"product_cat":[117],"product_tag":[],"_links":{"self":[{"href":"https:\/\/www.kormoran.si\/kormoranw\/index.php?rest_route=\/wp\/v2\/product\/10900"}],"collection":[{"href":"https:\/\/www.kormoran.si\/kormoranw\/index.php?rest_route=\/wp\/v2\/product"}],"about":[{"href":"https:\/\/www.kormoran.si\/kormoranw\/index.php?rest_route=\/wp\/v2\/types\/product"}],"replies":[{"embeddable":true,"href":"https:\/\/www.kormoran.si\/kormoranw\/index.php?rest_route=%2Fwp%2Fv2%2Fcomments&post=10900"}],"wp:featuredmedia":[{"embeddable":true,"href":"https:\/\/www.kormoran.si\/kormoranw\/index.php?rest_route=\/wp\/v2\/media\/10902"}],"wp:attachment":[{"href":"https:\/\/www.kormoran.si\/kormoranw\/index.php?rest_route=%2Fwp%2Fv2%2Fmedia&parent=10900"}],"wp:term":[{"taxonomy":"product_cat","embeddable":true,"href":"https:\/\/www.kormoran.si\/kormoranw\/index.php?rest_route=%2Fwp%2Fv2%2Fproduct_cat&post=10900"},{"taxonomy":"product_tag","embeddable":true,"href":"https:\/\/www.kormoran.si\/kormoranw\/index.php?rest_route=%2Fwp%2Fv2%2Fproduct_tag&post=10900"}],"curies":[{"name":"wp","href":"https:\/\/api.w.org\/{rel}","templated":true}]}}