{"id":10941,"date":"2026-04-23T16:39:53","date_gmt":"2026-04-23T14:39:53","guid":{"rendered":"https:\/\/www.kormoran.si\/kormoranw\/?post_type=product&#038;p=10941"},"modified":"2026-04-23T16:45:35","modified_gmt":"2026-04-23T14:45:35","slug":"polarizirana-soncna-ocala-mikado-2","status":"publish","type":"product","link":"https:\/\/www.kormoran.si\/kormoranw\/?product=polarizirana-soncna-ocala-mikado-2","title":{"rendered":"Polarizirana son\u010dna o\u010dala MIKADO"},"content":{"rendered":"<p><span style=\"font-family: arial, helvetica, sans-serif; font-size: 12pt;\">Mikado polarizirana o\u010dala z rjavimi stekli zmanj\u0161ujejo ble\u0161\u010danje in izbolj\u0161ajo vidljivost v vodi.<\/span><\/p>\n<p><span style=\"font-family: arial, helvetica, sans-serif; font-size: 12pt;\">Udobna in lahka \u2013 idealna za ribolov in vsakodnevno uporabo.<\/span><\/p>\n<p>&nbsp;<\/p>\n","protected":false},"excerpt":{"rendered":"<ul>\n<li data-section-id=\"19zlg7x\" data-start=\"420\" data-end=\"468\"><span style=\"font-family: arial, helvetica, sans-serif; font-size: 12pt;\">Polarizirana Mikado o\u010dala model AMO-0484B-GY<\/span><\/li>\n<li data-section-id=\"fm0y88\" data-start=\"469\" data-end=\"522\"><span style=\"font-family: arial, helvetica, sans-serif; font-size: 12pt;\">U\u010dinkovito zmanj\u0161ujejo ble\u0161\u010danje z vodne povr\u0161ine<\/span><\/li>\n<li data-section-id=\"e8x2ef\" data-start=\"523\" data-end=\"579\"><span style=\"font-family: arial, helvetica, sans-serif; font-size: 12pt;\">Pove\u010dajo vidljivost pod gladino (idealno za ribolov)<\/span><\/li>\n<li data-section-id=\"h5imtt\" data-start=\"580\" data-end=\"629\"><span style=\"font-family: arial, helvetica, sans-serif; font-size: 12pt;\">\u0160\u010ditijo o\u010di pred son\u010dno svetlobo (UV za\u0161\u010dita)<\/span><\/li>\n<li data-section-id=\"176m429\" data-start=\"630\" data-end=\"671\"><span style=\"font-family: arial, helvetica, sans-serif; font-size: 12pt;\">Lahka in udobna za celodnevno no\u0161enje<\/span><\/li>\n<li data-section-id=\"3pojbc\" data-start=\"672\" data-end=\"724\"><span style=\"font-family: arial, helvetica, sans-serif; font-size: 12pt;\">\u0160porten dizajn za ribolov, vo\u017enjo ali prosti \u010das<\/span><\/li>\n<\/ul>\n","protected":false},"featured_media":10942,"comment_status":"open","ping_status":"closed","template":"","meta":{"spay_email":""},"product_cat":[111],"product_tag":[],"_links":{"self":[{"href":"https:\/\/www.kormoran.si\/kormoranw\/index.php?rest_route=\/wp\/v2\/product\/10941"}],"collection":[{"href":"https:\/\/www.kormoran.si\/kormoranw\/index.php?rest_route=\/wp\/v2\/product"}],"about":[{"href":"https:\/\/www.kormoran.si\/kormoranw\/index.php?rest_route=\/wp\/v2\/types\/product"}],"replies":[{"embeddable":true,"href":"https:\/\/www.kormoran.si\/kormoranw\/index.php?rest_route=%2Fwp%2Fv2%2Fcomments&post=10941"}],"wp:featuredmedia":[{"embeddable":true,"href":"https:\/\/www.kormoran.si\/kormoranw\/index.php?rest_route=\/wp\/v2\/media\/10942"}],"wp:attachment":[{"href":"https:\/\/www.kormoran.si\/kormoranw\/index.php?rest_route=%2Fwp%2Fv2%2Fmedia&parent=10941"}],"wp:term":[{"taxonomy":"product_cat","embeddable":true,"href":"https:\/\/www.kormoran.si\/kormoranw\/index.php?rest_route=%2Fwp%2Fv2%2Fproduct_cat&post=10941"},{"taxonomy":"product_tag","embeddable":true,"href":"https:\/\/www.kormoran.si\/kormoranw\/index.php?rest_route=%2Fwp%2Fv2%2Fproduct_tag&post=10941"}],"curies":[{"name":"wp","href":"https:\/\/api.w.org\/{rel}","templated":true}]}}