{"id":10957,"date":"2026-04-29T16:02:56","date_gmt":"2026-04-29T14:02:56","guid":{"rendered":"https:\/\/www.kormoran.si\/kormoranw\/?post_type=product&#038;p=10957"},"modified":"2026-04-29T16:07:46","modified_gmt":"2026-04-29T14:07:46","slug":"podmetalka-carp-expert-silverfish","status":"publish","type":"product","link":"https:\/\/www.kormoran.si\/kormoranw\/?product=podmetalka-carp-expert-silverfish","title":{"rendered":"Podmetalka CARP EXPERT SILVERFISH 3 m"},"content":{"rendered":"<p><span dir=\"auto\" style=\"font-family: arial, helvetica, sans-serif; font-size: 12pt;\">Podmetalka za ribolov Carp Expert SilverFish<\/span><\/p>\n<p><span style=\"font-family: arial, helvetica, sans-serif; font-size: 12pt;\"><span dir=\"auto\">Podmetalka Carp Expert SilverFish je ultra lahek aluminijast model, na voljo <\/span><span dir=\"auto\">3 metrska razli\u010dica \u2013 opremljena s 3-delnim teleskopskim ro\u010dajem, ki ponuja impresiven doseg. Idealna za vi\u0161je bregove ali uporabo z dalj\u0161imi palicami.<\/span><\/span><\/p>\n<p><span dir=\"auto\" style=\"font-family: arial, helvetica, sans-serif; font-size: 12pt;\">Glava mre\u017ee za pristajanje ima klasi\u010dno trikotno obliko, dimenzije 53 \u00d7 53 cm in globino 43 cm. Zaradi teh dimenzij je idealna za pristajanje belih rib in manj\u0161ih krapov.<\/span><\/p>\n<p><span dir=\"auto\" style=\"font-family: arial, helvetica, sans-serif; font-size: 12pt;\">Mehko tkana mre\u017ea s srednje debelimi odprtinami je ne\u017ena do rib in primerna za vse na\u010dine ribolova z veliko ribo \u2013 ne glede na to, ali imate raje ribolov s feederjem ali uporabo match palice, bo podmetalka SilverFish zanesljivo delovala.<\/span><\/p>\n<p><span dir=\"auto\" style=\"font-family: arial, helvetica, sans-serif; font-size: 12pt;\">Lahka, prakti\u010dna in vsestranska \u2013 odli\u010dna izbira za vsakodnevni ribolov z veliko ribo.<\/span><\/p>\n","protected":false},"excerpt":{"rendered":"<p><span dir=\"auto\" style=\"font-family: arial, helvetica, sans-serif; font-size: 12pt;\">Dimenzije 53 \u00d7 53 cm in globino 43 cm<\/span><\/p>\n<p><span style=\"font-family: arial, helvetica, sans-serif; font-size: 12pt;\">Teleskopski ro\u010daj: 3 m<\/span><\/p>\n","protected":false},"featured_media":10958,"comment_status":"open","ping_status":"closed","template":"","meta":{"spay_email":""},"product_cat":[107],"product_tag":[],"_links":{"self":[{"href":"https:\/\/www.kormoran.si\/kormoranw\/index.php?rest_route=\/wp\/v2\/product\/10957"}],"collection":[{"href":"https:\/\/www.kormoran.si\/kormoranw\/index.php?rest_route=\/wp\/v2\/product"}],"about":[{"href":"https:\/\/www.kormoran.si\/kormoranw\/index.php?rest_route=\/wp\/v2\/types\/product"}],"replies":[{"embeddable":true,"href":"https:\/\/www.kormoran.si\/kormoranw\/index.php?rest_route=%2Fwp%2Fv2%2Fcomments&post=10957"}],"wp:featuredmedia":[{"embeddable":true,"href":"https:\/\/www.kormoran.si\/kormoranw\/index.php?rest_route=\/wp\/v2\/media\/10958"}],"wp:attachment":[{"href":"https:\/\/www.kormoran.si\/kormoranw\/index.php?rest_route=%2Fwp%2Fv2%2Fmedia&parent=10957"}],"wp:term":[{"taxonomy":"product_cat","embeddable":true,"href":"https:\/\/www.kormoran.si\/kormoranw\/index.php?rest_route=%2Fwp%2Fv2%2Fproduct_cat&post=10957"},{"taxonomy":"product_tag","embeddable":true,"href":"https:\/\/www.kormoran.si\/kormoranw\/index.php?rest_route=%2Fwp%2Fv2%2Fproduct_tag&post=10957"}],"curies":[{"name":"wp","href":"https:\/\/api.w.org\/{rel}","templated":true}]}}