{"id":10962,"date":"2026-04-29T16:37:56","date_gmt":"2026-04-29T14:37:56","guid":{"rendered":"https:\/\/www.kormoran.si\/kormoranw\/?post_type=product&#038;p=10962"},"modified":"2026-04-29T16:37:57","modified_gmt":"2026-04-29T14:37:57","slug":"mreza-carp-expert-pro-keepnet-3-m","status":"publish","type":"product","link":"https:\/\/www.kormoran.si\/kormoranw\/?product=mreza-carp-expert-pro-keepnet-3-m","title":{"rendered":"Mre\u017ea Carp Expert Pro Keepnet 3 m"},"content":{"rendered":"<p><span dir=\"auto\" style=\"font-family: arial, helvetica, sans-serif; font-size: 12pt;\">Mre\u017ea Carp Expert Pro Keepnet, je tekmovalna \u010duvarka (keepnet), zasnovana za brezhibno delovanje ne le v tekmovalnih pogojih, temve\u010d tudi med vsakodnevnim ribolovom. <\/span><span dir=\"auto\" style=\"font-family: arial, helvetica, sans-serif; font-size: 12pt;\">Ima gosto tkano, visokokakovostno mre\u017eo, ki je odli\u010dna z vidika dobrobiti rib \u2013 prepre\u010duje, da bi se plavuti zataknile, in zagotavlja temnej\u0161e, mirnej\u0161e okolje za za\u010dasno zadr\u017eane ribe.<\/span><\/p>\n<p><span dir=\"auto\" style=\"font-family: arial, helvetica, sans-serif; font-size: 12pt;\">Zahvaljujo\u010d pravokotnim obro\u010dem mre\u017ea zagotavlja veliko prostora tudi v plitvej\u0161ih vodah, zaradi \u010desar je idealna za varno zadr\u017eevanje krapa, orade ali drugih vrst.<\/span><\/p>\n<p><span dir=\"auto\" style=\"font-family: arial, helvetica, sans-serif; font-size: 12pt;\">Rde\u010d oja\u010dan zgornji del ne daje mre\u017ei Pro le modernega videza, temve\u010d tudi mo\u010dno pove\u010da njeno vzdr\u017eljivost in \u017eivljenjsko dobo.<\/span><\/p>\n<p><span style=\"font-family: arial, helvetica, sans-serif; font-size: 12pt;\">Za kak\u0161en ribolov je primerna \u010duvarica:<\/span><\/p>\n<ul data-start=\"875\" data-end=\"1012\">\n<li data-section-id=\"gvwkpe\" data-start=\"875\" data-end=\"908\"><span style=\"font-family: arial, helvetica, sans-serif; font-size: 12pt;\">\u2714\ufe0f tekmovanja (match, feeder)<\/span><\/li>\n<li data-section-id=\"1rru19z\" data-start=\"909\" data-end=\"938\"><span style=\"font-family: arial, helvetica, sans-serif; font-size: 12pt;\">\u2714\ufe0f ribniki \/ stoje\u010de vode<\/span><\/li>\n<li data-section-id=\"40q0kh\" data-start=\"939\" data-end=\"965\"><span style=\"font-family: arial, helvetica, sans-serif; font-size: 12pt;\">\u2714\ufe0f krap, plo\u0161\u010di\u010d, linj<\/span><\/li>\n<li data-section-id=\"18jehd8\" data-start=\"966\" data-end=\"1012\"><span style=\"font-family: arial, helvetica, sans-serif; font-size: 12pt;\">\u2714\ufe0f tudi za ve\u010dje ulove (zaradi prostornosti)<\/span><\/li>\n<\/ul>\n","protected":false},"excerpt":{"rendered":"<ul>\n<li data-section-id=\"yfw1ax\" data-start=\"292\" data-end=\"411\"><span style=\"font-family: arial, helvetica, sans-serif; font-size: 12pt;\"><strong data-start=\"294\" data-end=\"315\">Fina, gosta mre\u017ea <\/strong>\u2192 ne po\u0161koduje rib in prepre\u010duje zapletanje plavuti<\/span><\/li>\n<li data-section-id=\"pq6613\" data-start=\"412\" data-end=\"507\"><span style=\"font-family: arial, helvetica, sans-serif; font-size: 12pt;\"><strong data-start=\"414\" data-end=\"435\">Temnej\u0161i material <\/strong>\u2192 ribe so bolj mirne v vodi<\/span><\/li>\n<li data-section-id=\"1f5yz9d\" data-start=\"508\" data-end=\"619\"><span style=\"font-family: arial, helvetica, sans-serif; font-size: 12pt;\"><strong data-start=\"510\" data-end=\"531\">Pravokotni obro\u010di <\/strong>\u2192 ve\u010d prostora, posebej uporabno v plitvini<\/span><\/li>\n<li data-section-id=\"16sd4bz\" data-start=\"620\" data-end=\"751\"><span style=\"font-family: arial, helvetica, sans-serif; font-size: 12pt;\"><strong data-start=\"622\" data-end=\"659\">Oja\u010dan zgornji del (rde\u010d\/oran\u017een) <\/strong>\u2192 ve\u010dja vzdr\u017eljivost in dalj\u0161a \u017eivljenjska doba<\/span><\/li>\n<li data-section-id=\"hcvdg\" data-start=\"752\" data-end=\"831\"><span style=\"font-family: arial, helvetica, sans-serif; font-size: 12pt;\"><strong data-start=\"754\" data-end=\"765\">Dol\u017eina:<\/strong>\u00a0<strong data-start=\"776\" data-end=\"791\">3 m\u00a0<\/strong><\/span><\/li>\n<\/ul>\n","protected":false},"featured_media":10963,"comment_status":"open","ping_status":"closed","template":"","meta":{"spay_email":""},"product_cat":[107],"product_tag":[],"_links":{"self":[{"href":"https:\/\/www.kormoran.si\/kormoranw\/index.php?rest_route=\/wp\/v2\/product\/10962"}],"collection":[{"href":"https:\/\/www.kormoran.si\/kormoranw\/index.php?rest_route=\/wp\/v2\/product"}],"about":[{"href":"https:\/\/www.kormoran.si\/kormoranw\/index.php?rest_route=\/wp\/v2\/types\/product"}],"replies":[{"embeddable":true,"href":"https:\/\/www.kormoran.si\/kormoranw\/index.php?rest_route=%2Fwp%2Fv2%2Fcomments&post=10962"}],"wp:featuredmedia":[{"embeddable":true,"href":"https:\/\/www.kormoran.si\/kormoranw\/index.php?rest_route=\/wp\/v2\/media\/10963"}],"wp:attachment":[{"href":"https:\/\/www.kormoran.si\/kormoranw\/index.php?rest_route=%2Fwp%2Fv2%2Fmedia&parent=10962"}],"wp:term":[{"taxonomy":"product_cat","embeddable":true,"href":"https:\/\/www.kormoran.si\/kormoranw\/index.php?rest_route=%2Fwp%2Fv2%2Fproduct_cat&post=10962"},{"taxonomy":"product_tag","embeddable":true,"href":"https:\/\/www.kormoran.si\/kormoranw\/index.php?rest_route=%2Fwp%2Fv2%2Fproduct_tag&post=10962"}],"curies":[{"name":"wp","href":"https:\/\/api.w.org\/{rel}","templated":true}]}}