{"id":10968,"date":"2026-05-05T14:37:29","date_gmt":"2026-05-05T12:37:29","guid":{"rendered":"https:\/\/www.kormoran.si\/kormoranw\/?post_type=product&#038;p=10968"},"modified":"2026-05-05T14:38:21","modified_gmt":"2026-05-05T12:38:21","slug":"glava-podmetalke-mikado","status":"publish","type":"product","link":"https:\/\/www.kormoran.si\/kormoranw\/?product=glava-podmetalke-mikado","title":{"rendered":"Glava podmetalke MIKADO"},"content":{"rendered":"<p><span style=\"font-family: arial, helvetica, sans-serif; font-size: 12pt;\">Zelo globoka, mo\u010dna glava podebelne mre\u017ee z dodatnim oprijemom, ki se lahko uporablja za ulov amurja, jesetra, mrene ali ve\u010djih krapov. Idealna izbira za za\u010detnike in napredne ribi\u010de. Izdelana iz mehke mre\u017ee.<\/span><\/p>\n<p>&nbsp;<\/p>\n","protected":false},"excerpt":{"rendered":"<p>&nbsp;<\/p>\n<ul style=\"list-style-type: disc;\">\n<li><span style=\"font-family: arial, helvetica, sans-serif; font-size: 12pt;\"><strong>Okvir:<\/strong>\u00a0aluminij<\/span><\/li>\n<li><span style=\"font-family: arial, helvetica, sans-serif; font-size: 12pt;\"><strong>Velikost mre\u017ee:<\/strong> <span dir=\"auto\">55 x 45 cm<\/span><\/span><\/li>\n<li><span style=\"font-family: arial, helvetica, sans-serif; font-size: 12pt;\"><strong>Globina mre\u017ee:\u00a0<\/strong>50 &#8211; 60 cm<\/span><\/li>\n<li><span style=\"font-family: arial, helvetica, sans-serif; font-size: 12pt;\"><strong>Velikost o\u010desa mre\u017ee:<\/strong>\u00a08\u00d76 mm<\/span><\/li>\n<li><span style=\"font-family: arial, helvetica, sans-serif; font-size: 12pt;\"><strong>Te\u017ea:<\/strong>\u00a0300gr<\/span><\/li>\n<\/ul>\n","protected":false},"featured_media":10969,"comment_status":"open","ping_status":"closed","template":"","meta":{"spay_email":""},"product_cat":[107],"product_tag":[],"_links":{"self":[{"href":"https:\/\/www.kormoran.si\/kormoranw\/index.php?rest_route=\/wp\/v2\/product\/10968"}],"collection":[{"href":"https:\/\/www.kormoran.si\/kormoranw\/index.php?rest_route=\/wp\/v2\/product"}],"about":[{"href":"https:\/\/www.kormoran.si\/kormoranw\/index.php?rest_route=\/wp\/v2\/types\/product"}],"replies":[{"embeddable":true,"href":"https:\/\/www.kormoran.si\/kormoranw\/index.php?rest_route=%2Fwp%2Fv2%2Fcomments&post=10968"}],"wp:featuredmedia":[{"embeddable":true,"href":"https:\/\/www.kormoran.si\/kormoranw\/index.php?rest_route=\/wp\/v2\/media\/10969"}],"wp:attachment":[{"href":"https:\/\/www.kormoran.si\/kormoranw\/index.php?rest_route=%2Fwp%2Fv2%2Fmedia&parent=10968"}],"wp:term":[{"taxonomy":"product_cat","embeddable":true,"href":"https:\/\/www.kormoran.si\/kormoranw\/index.php?rest_route=%2Fwp%2Fv2%2Fproduct_cat&post=10968"},{"taxonomy":"product_tag","embeddable":true,"href":"https:\/\/www.kormoran.si\/kormoranw\/index.php?rest_route=%2Fwp%2Fv2%2Fproduct_tag&post=10968"}],"curies":[{"name":"wp","href":"https:\/\/api.w.org\/{rel}","templated":true}]}}