{"id":10978,"date":"2026-05-05T10:50:59","date_gmt":"2026-05-05T08:50:59","guid":{"rendered":"https:\/\/www.kormoran.si\/kormoranw\/?post_type=product&#038;p=10978"},"modified":"2026-05-05T10:50:59","modified_gmt":"2026-05-05T08:50:59","slug":"podmetalka-carp-expert-tele-strong-24-m","status":"publish","type":"product","link":"https:\/\/www.kormoran.si\/kormoranw\/?product=podmetalka-carp-expert-tele-strong-24-m","title":{"rendered":"Podmetalka Carp Expert Tele Strong\u00a02,4 m"},"content":{"rendered":"<p style=\"font-weight: 400;\"><span style=\"font-family: arial, helvetica, sans-serif; font-size: 12pt;\">Carp Expert Tele Strong\u00a0<\/span><\/p>\n<p style=\"font-weight: 400;\"><span style=\"font-family: arial, helvetica, sans-serif; font-size: 12pt;\">Podmetalka Tele Strong s prakti\u010dnim teleskopskim sistemom in aluminijastim ro\u010dajem, ki je, kot \u017ee ime pove, resni\u010dno mo\u010dna zasnova med podebelnimi mre\u017eami, hkrati pa je enostavna za prena\u0161anje in uporabo.<\/span><\/p>\n<p style=\"font-weight: 400;\"><span style=\"font-family: arial, helvetica, sans-serif; font-size: 12pt;\">Ro\u010daj podmeta\u010da ima plasti\u010dno zaponko, ki jo je mogo\u010de enostavno odpreti in zapreti. Poleg tega bi radi opozorili na kovinski adapter, ki ga je mogo\u010de zapreti z enim pritiskom navzgor in za odpiranje je potreben le en gib.<\/span><\/p>\n<p style=\"font-weight: 400;\"><span style=\"font-family: arial, helvetica, sans-serif; font-size: 12pt;\">Ta model je idealna izbira za ribi\u010de, ki jim je pomemben udoben transport\u00a0,\u00a0a se kljub temu ne \u017eelijo odpovedati maksimalni vzdr\u017eljivosti.<\/span><\/p>\n<p style=\"font-weight: 400;\"><span style=\"font-family: arial, helvetica, sans-serif; font-size: 12pt;\">Ne glede na izku\u0161nje je ta oja\u010dana zasnova priporo\u010dljiva vsem. Odli\u010dno se obnese na jezerih in rekah, tudi pri lovu ve\u010djih rib.<\/span><\/p>\n","protected":false},"excerpt":{"rendered":"<p><span style=\"font-family: arial, helvetica, sans-serif;\">Dol\u017eina: 2,4 m<\/span><br \/>\n<span style=\"font-family: arial, helvetica, sans-serif;\">Velikost glave: 60x55x40 cm<\/span><br \/>\n<span style=\"font-family: arial, helvetica, sans-serif;\">Material: Aluminij + mre\u017ea<\/span><br \/>\n<span style=\"font-family: arial, helvetica, sans-serif;\">\u0160t. odsekov: 3<\/span><br \/>\n<span style=\"font-family: arial, helvetica, sans-serif;\">Te\u017ea: 735 g<\/span><\/p>\n","protected":false},"featured_media":10980,"comment_status":"open","ping_status":"closed","template":"","meta":{"spay_email":""},"product_cat":[22],"product_tag":[],"_links":{"self":[{"href":"https:\/\/www.kormoran.si\/kormoranw\/index.php?rest_route=\/wp\/v2\/product\/10978"}],"collection":[{"href":"https:\/\/www.kormoran.si\/kormoranw\/index.php?rest_route=\/wp\/v2\/product"}],"about":[{"href":"https:\/\/www.kormoran.si\/kormoranw\/index.php?rest_route=\/wp\/v2\/types\/product"}],"replies":[{"embeddable":true,"href":"https:\/\/www.kormoran.si\/kormoranw\/index.php?rest_route=%2Fwp%2Fv2%2Fcomments&post=10978"}],"wp:featuredmedia":[{"embeddable":true,"href":"https:\/\/www.kormoran.si\/kormoranw\/index.php?rest_route=\/wp\/v2\/media\/10980"}],"wp:attachment":[{"href":"https:\/\/www.kormoran.si\/kormoranw\/index.php?rest_route=%2Fwp%2Fv2%2Fmedia&parent=10978"}],"wp:term":[{"taxonomy":"product_cat","embeddable":true,"href":"https:\/\/www.kormoran.si\/kormoranw\/index.php?rest_route=%2Fwp%2Fv2%2Fproduct_cat&post=10978"},{"taxonomy":"product_tag","embeddable":true,"href":"https:\/\/www.kormoran.si\/kormoranw\/index.php?rest_route=%2Fwp%2Fv2%2Fproduct_tag&post=10978"}],"curies":[{"name":"wp","href":"https:\/\/api.w.org\/{rel}","templated":true}]}}