{"id":11061,"date":"2026-05-06T10:36:23","date_gmt":"2026-05-06T08:36:23","guid":{"rendered":"https:\/\/www.kormoran.si\/kormoranw\/?post_type=product&#038;p=11061"},"modified":"2026-05-06T10:38:25","modified_gmt":"2026-05-06T08:38:25","slug":"deznik-carp-expert-burgundy","status":"publish","type":"product","link":"https:\/\/www.kormoran.si\/kormoranw\/?product=deznik-carp-expert-burgundy","title":{"rendered":"De\u017enik CARP EXPERT BURGUNDY 220 cm"},"content":{"rendered":"<p><span style=\"font-family: arial, helvetica, sans-serif; font-size: 12pt;\"><span dir=\"auto\">Ribi\u0161ki de\u017enik <strong>Carp\u00a0<\/strong><\/span><strong><span dir=\"auto\"><strong>E<\/strong>xpert Burgundy<\/span><\/strong><span dir=\"auto\">\u00a0je nepogre\u0161ljiv kos opreme za udobje ob bregu, saj ni le prakti\u010den, temve\u010d zaradi svoje elegantne bordo (temno rde\u010de) barve izstopa tudi po videzu. Ta stilski odtenek je odli\u010dna izbira za ribi\u010de, ki cenijo tako funkcionalnost kot estetiko.<\/span><\/span><\/p>\n<p><span dir=\"auto\" style=\"font-family: arial, helvetica, sans-serif; font-size: 12pt;\">De\u017enik nudi odli\u010dno za\u0161\u010dito pred vremenskimi vplivi: u\u010dinkovito \u0161\u010diti pred de\u017ejem, hkrati pa ponuja prijetno senco v poletni vro\u010dini. Zasnova sen\u010dnikov Carp Expert omogo\u010da hitro in enostavno postavitev, zaradi \u010desar so idealna izbira za kraj\u0161e, tako imenovane &#8220;hitre&#8221; ribolovne seanse.<\/span><\/p>\n<p><span dir=\"auto\" style=\"font-family: arial, helvetica, sans-serif; font-size: 12pt;\">Njegova trpe\u017ena konstrukcija in visokokakovostni materiali zagotavljajo dolgo \u017eivljenjsko dobo, zaradi \u010desar je de\u017enik zanesljiv spremljevalec ob vodi ve\u010d sezon. Zahvaljujo\u010d nastavljivi zasnovi lahko preprosto nastavite optimalni kot, tako da spreminjanje son\u010dne svetlobe ali vetrovnih razmer ne bo problem.<\/span><\/p>\n","protected":false},"excerpt":{"rendered":"<ul>\n<li><span dir=\"auto\" style=\"font-family: arial, helvetica, sans-serif; font-size: 12pt;\">Elegantna bordo (temno rde\u010da) barva<\/span><\/li>\n<li><span dir=\"auto\" style=\"font-family: arial, helvetica, sans-serif; font-size: 12pt;\">Hitro postavljena, prakti\u010dna konstrukcija<\/span><\/li>\n<li><span dir=\"auto\" style=\"font-family: arial, helvetica, sans-serif; font-size: 12pt;\">\u0160\u010diti pred de\u017ejem in mo\u010dno son\u010dno svetlobo<\/span><\/li>\n<li><span dir=\"auto\" style=\"font-family: arial, helvetica, sans-serif; font-size: 12pt;\">Nastavljiva zasnova za maksimalno za\u0161\u010dito<\/span><\/li>\n<li><span dir=\"auto\" style=\"font-family: arial, helvetica, sans-serif; font-size: 12pt;\">Trpe\u017eni materiali, dolga \u017eivljenjska doba<\/span><\/li>\n<\/ul>\n","protected":false},"featured_media":11062,"comment_status":"open","ping_status":"closed","template":"","meta":{"spay_email":""},"product_cat":[58],"product_tag":[],"_links":{"self":[{"href":"https:\/\/www.kormoran.si\/kormoranw\/index.php?rest_route=\/wp\/v2\/product\/11061"}],"collection":[{"href":"https:\/\/www.kormoran.si\/kormoranw\/index.php?rest_route=\/wp\/v2\/product"}],"about":[{"href":"https:\/\/www.kormoran.si\/kormoranw\/index.php?rest_route=\/wp\/v2\/types\/product"}],"replies":[{"embeddable":true,"href":"https:\/\/www.kormoran.si\/kormoranw\/index.php?rest_route=%2Fwp%2Fv2%2Fcomments&post=11061"}],"wp:featuredmedia":[{"embeddable":true,"href":"https:\/\/www.kormoran.si\/kormoranw\/index.php?rest_route=\/wp\/v2\/media\/11062"}],"wp:attachment":[{"href":"https:\/\/www.kormoran.si\/kormoranw\/index.php?rest_route=%2Fwp%2Fv2%2Fmedia&parent=11061"}],"wp:term":[{"taxonomy":"product_cat","embeddable":true,"href":"https:\/\/www.kormoran.si\/kormoranw\/index.php?rest_route=%2Fwp%2Fv2%2Fproduct_cat&post=11061"},{"taxonomy":"product_tag","embeddable":true,"href":"https:\/\/www.kormoran.si\/kormoranw\/index.php?rest_route=%2Fwp%2Fv2%2Fproduct_tag&post=11061"}],"curies":[{"name":"wp","href":"https:\/\/api.w.org\/{rel}","templated":true}]}}