{"id":3302,"date":"2022-01-16T17:45:55","date_gmt":"2022-01-16T17:45:55","guid":{"rendered":"http:\/\/www.kormoran.si\/kormoranw\/?post_type=product&#038;p=3302"},"modified":"2026-01-28T15:26:07","modified_gmt":"2026-01-28T15:26:07","slug":"nordik-plain-pain","status":"publish","type":"product","link":"https:\/\/www.kormoran.si\/kormoranw\/?product=nordik-plain-pain","title":{"rendered":"Pi\u0161\u010dal Nordik Plain Pain"},"content":{"rendered":"<p>Zaradi edinstvene zasnove membrane,\u00a0pi\u0161\u010dalka za klicanje lisic\u00a0izpu\u0161\u010da zvok, ki je podoben\u00a0zvoku bole\u010dine in agonije \u017eivali.<br \/>\nZ ugrizom na razli\u010dne zvo\u010dne plo\u0161\u010de in\u00a0z razli\u010dnim pihanjem\u00a0skozi\u00a0obe strani pi\u0161\u010dalke, le-ta proizvaja prakti\u010dno vse splo\u0161no znane\u00a0zvoke tesnobe, potrebne za u\u010dinkovito klicanje plenilcev (lisic).<br \/>\nPi\u0161\u010dalka\u00a0je \u0161ir\u0161a na eni\u00a0 in tanj\u0161a na drugi strani, zato\u00a0boste iz nje pridobili razli\u010dne tone.<br \/>\nNa\u010deloma lahko pridobite iz vsake strani pi\u0161\u010dalke vsaj tri razli\u010dne tone.<br \/>\n\u010ce ugriznete pi\u0161\u010dalko po sredini,\u00a0 boste iz obeh strani pridobili splo\u0161en zvok \u017eivali v agoniji.<br \/>\nZ vsakim ugrizom bli\u017eje robu pi\u0161\u010dali, lahko nastavite ton do \u017eelenega zvoka.<\/p>\n<p><span style=\"color: #000000;\"><strong>Predlagamo klicanje v naslednjih \u010dasovnih intervalih:<\/strong><\/span><\/p>\n<p>Piskajte dolge in kratke zvoke 15-25 sekund.<br \/>\nKlicanje ponovljajte \u010dez 3-4 minute.<br \/>\nNa zelo odprtem terenu priporo\u010damo\u00a0ponovno klicanje \u017ee\u00a0po 2 minutah.<\/p>\n<div class=\"jetpack-video-wrapper\"><iframe loading=\"lazy\" title=\"Nordik Plain Pain - A preview\" width=\"750\" height=\"422\" src=\"https:\/\/www.youtube.com\/embed\/_v6Sj1qCwts?feature=oembed\" frameborder=\"0\" allow=\"accelerometer; autoplay; clipboard-write; encrypted-media; gyroscope; picture-in-picture; web-share\" referrerpolicy=\"strict-origin-when-cross-origin\" allowfullscreen><\/iframe><\/div>\n","protected":false},"excerpt":{"rendered":"<p>Pi\u0161\u010dalka za klic lisice. Zaradi edinstvene zasnove membrane,\u00a0pi\u0161\u010dalka za klicanje lisic\u00a0izpu\u0161\u010da zvok, ki je podoben\u00a0zvoku bole\u010dine in agonije \u017eivali.<\/p>\n","protected":false},"featured_media":3303,"comment_status":"open","ping_status":"closed","template":"","meta":{"spay_email":""},"product_cat":[33],"product_tag":[],"_links":{"self":[{"href":"https:\/\/www.kormoran.si\/kormoranw\/index.php?rest_route=\/wp\/v2\/product\/3302"}],"collection":[{"href":"https:\/\/www.kormoran.si\/kormoranw\/index.php?rest_route=\/wp\/v2\/product"}],"about":[{"href":"https:\/\/www.kormoran.si\/kormoranw\/index.php?rest_route=\/wp\/v2\/types\/product"}],"replies":[{"embeddable":true,"href":"https:\/\/www.kormoran.si\/kormoranw\/index.php?rest_route=%2Fwp%2Fv2%2Fcomments&post=3302"}],"wp:featuredmedia":[{"embeddable":true,"href":"https:\/\/www.kormoran.si\/kormoranw\/index.php?rest_route=\/wp\/v2\/media\/3303"}],"wp:attachment":[{"href":"https:\/\/www.kormoran.si\/kormoranw\/index.php?rest_route=%2Fwp%2Fv2%2Fmedia&parent=3302"}],"wp:term":[{"taxonomy":"product_cat","embeddable":true,"href":"https:\/\/www.kormoran.si\/kormoranw\/index.php?rest_route=%2Fwp%2Fv2%2Fproduct_cat&post=3302"},{"taxonomy":"product_tag","embeddable":true,"href":"https:\/\/www.kormoran.si\/kormoranw\/index.php?rest_route=%2Fwp%2Fv2%2Fproduct_tag&post=3302"}],"curies":[{"name":"wp","href":"https:\/\/api.w.org\/{rel}","templated":true}]}}