{"id":4426,"date":"2022-02-02T11:23:45","date_gmt":"2022-02-02T11:23:45","guid":{"rendered":"http:\/\/www.kormoran.si\/kormoranw\/?post_type=product&#038;p=4426"},"modified":"2025-12-13T07:48:03","modified_gmt":"2025-12-13T07:48:03","slug":"pistola-walther-ppq-9x19","status":"publish","type":"product","link":"https:\/\/www.kormoran.si\/kormoranw\/?product=pistola-walther-ppq-9x19","title":{"rendered":"Pi\u0161tola Walther PPQ 9&#215;19"},"content":{"rendered":"<p><span style=\"font-size: 14pt; color: #000000; font-family: helvetica, arial, sans-serif;\"><strong>Walther PPQ 9&#215;19<\/strong><\/span><\/p>\n<p>Odli\u010dna polavtomatska pi\u0161tola Walther PPQ, kaliber 9&#215;19 (9mm luger). Zraven pi\u0161tole dobite 2 nabojnika za 15 kom. Je odli\u010dna pi\u0161tola ergonomi\u010dne oblike,\u00a0 narejena za hitro takti\u010dno streljanje, izredno natan\u010dna in odporna na razli\u010dne zunanje vplive. Poglejte si test specialnih enot <a href=\"http:\/\/www.youtube.com\/watch?v=5rMsYFzwHi8\" target=\"_blank\" rel=\"noopener\">&gt;KLIK&lt;<\/a><\/p>\n<table class=\" alignleft\" style=\"height: 253px; width: 49.2526%; margin-left: auto; margin-right: auto; border-style: none;\">\n<thead>\n<tr style=\"height: 253px;\">\n<td style=\"width: 100%; border-style: hidden; text-align: left; vertical-align: top; height: 253px;\">\n<table style=\"width: 81.3747%; height: 452px; border: 1px solid #ffffff;\">\n<thead>\n<tr style=\"border-color: #cccccc; border-width: 1px;\">\n<td style=\"background-color: #262f40; border: 1px solid #c7c7c7; height: 22px; width: 76.3223%;\" colspan=\"3\"><span style=\"font-size: 14pt; color: #ffffff; font-family: helvetica;\">\u00a0<span style=\"font-size: 12pt;\">Tehni\u010dni podatki<\/span><\/span><\/td>\n<\/tr>\n<tr style=\"background-color: #ffffff;\">\n<td style=\"background-color: #ececec; border: 1px solid #c7c7c7; width: 44.4188%; height: 24px;\"><span style=\"font-size: 10pt; color: #333333; font-family: helvetica;\">\u00a0Kaliber<\/span><\/td>\n<td style=\"border: 1px solid #c7c7c7; width: 31.9035%; height: 24px;\"><span style=\"font-family: helvetica; font-size: 10pt; color: #333333;\">\u00a09 mm x 19,40 S&amp;W<\/span><\/td>\n<td style=\"border: 1px solid #c7c7c7; width: 91.282%; height: 24px;\"><span style=\"font-family: helvetica; font-size: 10pt; color: #333333;\">\u00a0<\/span><\/td>\n<\/tr>\n<tr style=\"background-color: #ffffff;\">\n<td style=\"background-color: #ececec; border: 1px solid #c7c7c7; width: 44.4188%; height: 24px;\"><span style=\"font-size: 10pt; color: #333333; font-family: helvetica;\">\u00a0Skupna dol\u017eina<\/span><\/td>\n<td style=\"border: 1px solid #c7c7c7; width: 31.9035%; height: 24px;\"><span style=\"font-size: 10pt; font-family: helvetica; color: #333333;\">\u00a0180 mm<\/span><\/td>\n<td style=\"border: 1px solid #c7c7c7; width: 91.282%; height: 24px;\"><span style=\"font-size: 10pt; font-family: helvetica; color: #333333;\">\u00a0184 mm<\/span><\/td>\n<\/tr>\n<tr style=\"height: 24px;\">\n<td style=\"background-color: #ececec; border: 1px solid #c7c7c7; width: 44.4188%; height: 24px;\"><span style=\"font-size: 10pt; color: #333333; font-family: helvetica;\">\u00a0Dol\u017eina zaklepa<\/span><\/td>\n<td style=\"border: 1px solid #c7c7c7; width: 31.9035%; height: 24px;\"><span style=\"font-size: 10pt; font-family: helvetica; color: #333333;\">\u00a0179 mm<\/span><\/td>\n<td style=\"border: 1px solid #c7c7c7; width: 91.282%; height: 24px;\"><span style=\"font-size: 10pt; font-family: helvetica; color: #333333;\">\u00a0183 mm<\/span><\/td>\n<\/tr>\n<tr style=\"height: 24px;\">\n<td style=\"background-color: #ececec; border: 1px solid #c7c7c7; width: 44.4188%; height: 24px;\"><span style=\"font-size: 10pt; line-height: normal; color: #333333; font-family: helvetica;\">\u00a0\u0160irina<\/span><\/td>\n<td style=\"background-color: #ffffff; border: 1px solid #c7c7c7; width: 31.9035%; height: 24px;\"><span style=\"color: #333333; font-family: helvetica; font-size: 10pt;\">\u00a034 mm<\/span><\/td>\n<td style=\"background-color: #ffffff; border: 1px solid #c7c7c7; width: 91.282%; height: 24px;\"><span style=\"color: #333333; font-family: helvetica; font-size: 10pt;\">\u00a034 mm<\/span><\/td>\n<\/tr>\n<tr style=\"background-color: #f5f5f6;\">\n<td style=\"background-color: #ececec; border: 1px solid #c7c7c7; width: 44.4188%; height: 22px;\"><span style=\"font-size: 10pt; line-height: normal; color: #333333; font-family: helvetica;\">\u00a0Vi\u0161ina<\/span><\/td>\n<td style=\"background-color: #ffffff; border: 1px solid #c7c7c7; width: 31.9035%; height: 22px;\"><span style=\"font-size: 10pt; line-height: normal; font-family: helvetica; color: #333333;\">\u00a0135 mm<\/span><\/td>\n<td style=\"background-color: #ffffff; border: 1px solid #c7c7c7; width: 91.282%; height: 22px;\"><span style=\"font-size: 10pt; line-height: normal; font-family: helvetica; color: #333333;\">\u00a0135 mm<\/span><\/td>\n<\/tr>\n<tr style=\"height: 24px;\">\n<td style=\"background-color: #ececec; border: 1px solid #c7c7c7; width: 44.4188%; height: 24px;\"><span style=\"font-size: 10pt; font-family: helvetica; color: #333333;\"><span style=\"line-height: normal;\">\u00a0Dol\u017eina cevi<\/span><\/span><\/td>\n<td style=\"background-color: #ffffff; border: 1px solid #c7c7c7; width: 31.9035%; height: 24px;\"><span style=\"font-size: 10pt; line-height: normal; font-family: helvetica; color: #333333;\">\u00a0102 mm<\/span><\/td>\n<td style=\"background-color: #ffffff; border: 1px solid #c7c7c7; width: 91.282%; height: 24px;\"><span style=\"font-size: 10pt; line-height: normal; font-family: helvetica; color: #333333;\">\u00a0106 mm<\/span><\/td>\n<\/tr>\n<tr style=\"height: 24px;\">\n<td style=\"background-color: #ececec; border: 1px solid #c7c7c7; width: 44.4188%; height: 24px;\"><span style=\"font-size: 10pt; font-family: helvetica; color: #333333;\"><span style=\"line-height: normal;\">\u00a0Dol\u017eina med merki<\/span><\/span><\/td>\n<td style=\"background-color: #ffffff; border: 1px solid #c7c7c7; width: 31.9035%; height: 24px;\"><span style=\"font-size: 10pt; line-height: normal; font-family: helvetica; color: #333333;\">\u00a0156 mm<\/span><\/td>\n<td style=\"background-color: #ffffff; border: 1px solid #c7c7c7; width: 91.282%; height: 24px;\"><span style=\"font-size: 10pt; line-height: normal; font-family: helvetica; color: #333333;\">\u00a0158 mm<\/span><\/td>\n<\/tr>\n<tr style=\"height: 24px;\">\n<td style=\"background-color: #ececec; border: 1px solid #c7c7c7; width: 44.4188%; height: 24px;\"><span style=\"font-family: helvetica; font-size: 10pt; color: #333333;\"><span style=\"line-height: normal;\">\u00a0Dol\u017eina do pro\u017eilca<\/span><\/span><\/td>\n<td style=\"background-color: #ffffff; border: 1px solid #c7c7c7; width: 31.9035%; height: 24px;\"><span style=\"font-family: helvetica; font-size: 10pt; color: #333333;\">\u00a072 mm<\/span><\/td>\n<td style=\"background-color: #ffffff; border: 1px solid #c7c7c7; width: 91.282%; height: 24px;\"><span style=\"font-family: helvetica; font-size: 10pt; color: #333333;\">\u00a072 mm<\/span><\/td>\n<\/tr>\n<tr style=\"height: 24px;\">\n<td style=\"background-color: #ececec; border: 1px solid #c7c7c7; width: 44.4188%; height: 24px;\"><span style=\"font-family: helvetica; font-size: 10pt; color: #333333;\"><span style=\"line-height: normal;\">\u00a0Obseg gripa<\/span><\/span><\/td>\n<td style=\"background-color: #ffffff; border: 1px solid #c7c7c7; width: 31.9035%; height: 24px;\"><span style=\"font-family: helvetica; font-size: 10pt; color: #333333;\">\u00a0134 mm<\/span><\/td>\n<td style=\"background-color: #ffffff; border: 1px solid #c7c7c7; width: 91.282%; height: 24px;\"><span style=\"font-family: helvetica; font-size: 10pt; color: #333333;\">\u00a0134 mm<\/span><\/td>\n<\/tr>\n<tr style=\"height: 24px;\">\n<td style=\"background-color: #ececec; border: 1px solid #c7c7c7; width: 44.4188%; height: 24px;\"><span style=\"font-family: helvetica; font-size: 10pt; color: #333333;\"><span style=\"line-height: normal;\">\u00a0Dol\u017eina od sredine cevi do gripa<\/span><\/span><\/td>\n<td style=\"background-color: #ffffff; border: 1px solid #c7c7c7; width: 31.9035%; height: 24px;\"><span style=\"font-family: helvetica; font-size: 10pt; color: #333333;\">\u00a025 mm<\/span><\/td>\n<td style=\"background-color: #ffffff; border: 1px solid #c7c7c7; width: 91.282%; height: 24px;\"><span style=\"font-family: helvetica; font-size: 10pt; color: #333333;\">\u00a025 mm<\/span><\/td>\n<\/tr>\n<tr style=\"height: 24px;\">\n<td style=\"background-color: #ececec; border: 1px solid #c7c7c7; width: 44.4188%; height: 24px;\"><span style=\"font-family: helvetica; font-size: 10pt; color: #333333;\"><span style=\"line-height: normal;\">\u00a0Te\u017ea brez nabojnika<\/span><\/span><\/td>\n<td style=\"background-color: #ffffff; border: 1px solid #c7c7c7; width: 31.9035%; height: 24px;\"><span style=\"font-family: helvetica; font-size: 10pt; color: #333333;\">\u00a0615 g<\/span><\/td>\n<td style=\"background-color: #ffffff; border: 1px solid #c7c7c7; width: 91.282%; height: 24px;\"><span style=\"font-family: helvetica; font-size: 10pt; color: #333333;\">\u00a0625 g<\/span><\/td>\n<\/tr>\n<tr style=\"height: 24px;\">\n<td style=\"background-color: #ececec; border: 1px solid #c7c7c7; width: 44.4188%; height: 24px;\"><span style=\"font-family: helvetica; font-size: 10pt; color: #333333;\"><span style=\"line-height: normal;\">\u00a0Te\u017ea z praznim nabojnikom<\/span><\/span><\/td>\n<td style=\"background-color: #ffffff; border: 1px solid #c7c7c7; width: 31.9035%; height: 24px;\"><span style=\"font-family: helvetica; font-size: 10pt; color: #333333;\">\u00a0695 g<\/span><\/td>\n<td style=\"background-color: #ffffff; border: 1px solid #c7c7c7; width: 91.282%; height: 24px;\"><span style=\"font-family: helvetica; font-size: 10pt; color: #333333;\">\u00a0705 g<\/span><\/td>\n<\/tr>\n<tr style=\"height: 24px;\">\n<td style=\"background-color: #ececec; border: 1px solid #c7c7c7; width: 44.4188%; height: 24px;\"><span style=\"font-family: helvetica; font-size: 10pt; color: #333333;\"><span style=\"line-height: normal;\">\u00a0Kapaciteta nabojnika<\/span><\/span><\/td>\n<td style=\"background-color: #ffffff; border: 1px solid #c7c7c7; width: 31.9035%; height: 24px;\"><span style=\"font-family: helvetica; font-size: 10pt; color: #333333;\">\u00a015 \/ 17<\/span><\/td>\n<td style=\"background-color: #ffffff; border: 1px solid #c7c7c7; width: 91.282%; height: 24px;\"><span style=\"font-family: helvetica; font-size: 10pt; color: #333333;\">\u00a012 \/ 14<\/span><\/td>\n<\/tr>\n<tr style=\"height: 24px;\">\n<td style=\"background-color: #ececec; border: 1px solid #c7c7c7; width: 44.4188%; height: 24px;\"><span style=\"font-family: helvetica; font-size: 10pt; color: #333333;\"><span style=\"line-height: normal;\">\u00a0Na\u010din pro\u017eenja<\/span><\/span><\/td>\n<td style=\"background-color: #ffffff; border: 1px solid #c7c7c7; width: 31.9035%; height: 24px;\"><span style=\"font-family: helvetica; font-size: 10pt; color: #333333;\">\u00a0potek zaklepa<\/span><\/td>\n<td style=\"background-color: #ffffff; border: 1px solid #c7c7c7; width: 91.282%; height: 24px;\"><span style=\"font-family: helvetica; font-size: 10pt; color: #333333;\">\u00a0potek zaklepa<\/span><\/td>\n<\/tr>\n<tr style=\"height: 24px;\">\n<td style=\"background-color: #ececec; border: 1px solid #c7c7c7; width: 44.4188%; height: 24px;\"><span style=\"font-family: helvetica; font-size: 10pt; color: #333333;\"><span style=\"line-height: normal;\">\u00a0Sicherungen<\/span><\/span><\/td>\n<td style=\"background-color: #ffffff; border: 1px solid #c7c7c7; width: 31.9035%; height: 24px;\"><span style=\"font-family: helvetica; font-size: 10pt; color: #333333;\">\u00a03 avtomat.<\/span><\/td>\n<td style=\"background-color: #ffffff; border: 1px solid #c7c7c7; width: 91.282%; height: 24px;\"><span style=\"font-family: helvetica; font-size: 10pt; color: #333333;\">\u00a03 avtomat.<\/span><\/td>\n<\/tr>\n<tr style=\"height: 24px;\">\n<td style=\"background-color: #ececec; border: 1px solid #c7c7c7; width: 44.4188%; height: 24px;\"><span style=\"font-family: helvetica; font-size: 10pt; color: #333333;\"><span style=\"line-height: normal;\">\u00a0Te\u017ea potega zaklepa<\/span><\/span><\/td>\n<td style=\"background-color: #ffffff; border: 1px solid #c7c7c7; width: 31.9035%; height: 24px;\"><span style=\"font-family: helvetica; font-size: 10pt; color: #333333;\">\u00a025 N<\/span><\/td>\n<td style=\"background-color: #ffffff; border: 1px solid #c7c7c7; width: 91.282%; height: 24px;\"><span style=\"font-size: 10pt; color: #333333;\">\u00a025 N<\/span><\/td>\n<\/tr>\n<tr style=\"height: 24px;\">\n<td style=\"background-color: #ececec; border: 1px solid #c7c7c7; width: 44.4188%; height: 24px;\"><span style=\"font-family: helvetica; font-size: 10pt; color: #333333;\"><span style=\"line-height: normal;\">\u00a0Dol\u017eina pro\u017eenja<\/span><\/span><\/td>\n<td style=\"background-color: #ffffff; border: 1px solid #c7c7c7; width: 31.9035%; height: 24px;\"><span style=\"font-family: helvetica; font-size: 10pt; color: #333333;\">\u00a09 mm<\/span><\/td>\n<td style=\"background-color: #ffffff; border: 1px solid #c7c7c7; width: 91.282%; height: 24px;\"><span style=\"font-size: 10pt; color: #333333;\">\u00a09 mm<\/span><\/td>\n<\/tr>\n<tr style=\"height: 24px;\">\n<td style=\"background-color: #ececec; border: 1px solid #c7c7c7; width: 44.4188%; height: 24px;\"><span style=\"font-family: helvetica; font-size: 10pt; color: #333333;\"><span style=\"line-height: normal;\">\u00a0Dol\u017eina \u0161ina<\/span><\/span><\/td>\n<td style=\"background-color: #ffffff; border: 1px solid #c7c7c7; width: 31.9035%; height: 24px;\"><span style=\"font-family: helvetica; font-size: 10pt; color: #333333;\">\u00a0MIL-STD-1913<\/span><\/td>\n<td style=\"background-color: #ffffff; border: 1px solid #c7c7c7; width: 91.282%; height: 24px;\"><span style=\"font-family: helvetica; font-size: 10pt; color: #333333;\"> MIL-STD-1913<\/span><\/td>\n<\/tr>\n<\/thead>\n<\/table>\n<\/td>\n<\/tr>\n<\/thead>\n<\/table>\n","protected":false},"excerpt":{"rendered":"<p>Odli\u010dna polavtomatska pi\u0161tola Walther PPQ, kaliber 9&#215;19 (9mm luger). Zraven pi\u0161tole dobite 2 nabojnika za 15 kom. Je odli\u010dna pi\u0161tola ergonomi\u010dne oblike,\u00a0 narejena za hitro takti\u010dno streljanje, izredno natan\u010dna in odporna na razli\u010dne zunanje vplive.<\/p>\n","protected":false},"featured_media":4435,"comment_status":"open","ping_status":"closed","template":"","meta":{"spay_email":""},"product_cat":[22,26],"product_tag":[],"_links":{"self":[{"href":"https:\/\/www.kormoran.si\/kormoranw\/index.php?rest_route=\/wp\/v2\/product\/4426"}],"collection":[{"href":"https:\/\/www.kormoran.si\/kormoranw\/index.php?rest_route=\/wp\/v2\/product"}],"about":[{"href":"https:\/\/www.kormoran.si\/kormoranw\/index.php?rest_route=\/wp\/v2\/types\/product"}],"replies":[{"embeddable":true,"href":"https:\/\/www.kormoran.si\/kormoranw\/index.php?rest_route=%2Fwp%2Fv2%2Fcomments&post=4426"}],"wp:featuredmedia":[{"embeddable":true,"href":"https:\/\/www.kormoran.si\/kormoranw\/index.php?rest_route=\/wp\/v2\/media\/4435"}],"wp:attachment":[{"href":"https:\/\/www.kormoran.si\/kormoranw\/index.php?rest_route=%2Fwp%2Fv2%2Fmedia&parent=4426"}],"wp:term":[{"taxonomy":"product_cat","embeddable":true,"href":"https:\/\/www.kormoran.si\/kormoranw\/index.php?rest_route=%2Fwp%2Fv2%2Fproduct_cat&post=4426"},{"taxonomy":"product_tag","embeddable":true,"href":"https:\/\/www.kormoran.si\/kormoranw\/index.php?rest_route=%2Fwp%2Fv2%2Fproduct_tag&post=4426"}],"curies":[{"name":"wp","href":"https:\/\/api.w.org\/{rel}","templated":true}]}}