{"id":4427,"date":"2022-02-02T11:24:08","date_gmt":"2022-02-02T11:24:08","guid":{"rendered":"http:\/\/www.kormoran.si\/kormoranw\/?post_type=product&#038;p=4427"},"modified":"2025-12-13T07:49:35","modified_gmt":"2025-12-13T07:49:35","slug":"cold-1911","status":"publish","type":"product","link":"https:\/\/www.kormoran.si\/kormoranw\/?product=cold-1911","title":{"rendered":"Colt 1911 Gold Cup"},"content":{"rendered":"<p><span style=\"font-family: helvetica, arial, sans-serif;\"><span style=\"font-size: 14pt; color: #000000;\"><strong>Colt 1911 Gold Cup<\/strong><\/span><\/span><\/p>\n<p>Gold Cup je popolna kopija legendarne pi\u0161tole Colt 1911. Vklju\u010duje varovalko na vratu gripa, skeletni spro\u017eilec in ostali profesionalni dodatki. Colt 1911 A1 Gold Cup\u00a0 semi-automatic kaliber 22 l.r. je proizveden v Waltherju pod licenco Colta. To je edina prava replika na svetu.<\/p>\n<table class=\" alignleft\" style=\"height: 253px; width: 49.2526%; margin-left: auto; margin-right: auto; border-style: none;\">\n<thead>\n<tr style=\"height: 253px;\">\n<td style=\"width: 100%; border-style: hidden; text-align: left; vertical-align: top; height: 253px;\">\n<table style=\"width: 73.221%; height: 212px; border: 1px solid #ffffff;\">\n<thead>\n<tr style=\"border-color: #cccccc; border-width: 1px;\">\n<td style=\"background-color: #262f40; border: 1px solid #c7c7c7; width: 82.9611%; height: 22px;\" colspan=\"2\"><span style=\"font-size: 14pt; color: #ffffff; font-family: helvetica;\">\u00a0<span style=\"font-size: 12pt;\">Tehni\u010dni podatki<\/span><\/span><\/td>\n<\/tr>\n<tr style=\"background-color: #ffffff;\">\n<td style=\"background-color: #ececec; border: 1px solid #c7c7c7; width: 44.4188%; height: 24px;\"><span style=\"font-size: 10pt; color: #333333; font-family: helvetica;\">\u00a0Sistem<\/span><\/td>\n<td style=\"border: 1px solid #c7c7c7; width: 38.5423%; height: 24px;\"><span style=\"font-family: helvetica; font-size: 10pt; color: #333333;\">\u00a0Pol avtomatska pi\u0161tola<\/span><\/td>\n<\/tr>\n<tr style=\"background-color: #ffffff;\">\n<td style=\"background-color: #ececec; border: 1px solid #c7c7c7; width: 44.4188%; height: 24px;\"><span style=\"font-size: 10pt; color: #333333; font-family: helvetica;\">\u00a0Kaliber<\/span><\/td>\n<td style=\"border: 1px solid #c7c7c7; width: 38.5423%; height: 24px;\"><span style=\"font-size: 10pt; font-family: helvetica; color: #333333;\">\u00a022 l.r.<\/span><\/td>\n<\/tr>\n<tr style=\"height: 24px;\">\n<td style=\"background-color: #ececec; border: 1px solid #c7c7c7; width: 44.4188%; height: 24px;\"><span style=\"font-size: 10pt; color: #333333; font-family: helvetica;\">\u00a0Kapaciteta nabojnika<\/span><\/td>\n<td style=\"border: 1px solid #c7c7c7; width: 38.5423%; height: 24px;\"><span style=\"font-size: 10pt; font-family: helvetica; color: #333333;\">\u00a012 kom \/ nabojnik<\/span><\/td>\n<\/tr>\n<tr style=\"height: 24px;\">\n<td style=\"background-color: #ececec; border: 1px solid #c7c7c7; width: 44.4188%; height: 24px;\"><span style=\"font-size: 10pt; line-height: normal; color: #333333; font-family: helvetica;\">\u00a0Varnost<\/span><\/td>\n<td style=\"background-color: #ffffff; border: 1px solid #c7c7c7; width: 38.5423%; height: 24px;\"><span style=\"color: #333333; font-family: helvetica; font-size: 10pt;\">\u00a0Ro\u010dna varovalka, Grip varovalka<\/span><\/td>\n<\/tr>\n<tr style=\"background-color: #f5f5f6;\">\n<td style=\"background-color: #ececec; border: 1px solid #c7c7c7; width: 44.4188%; height: 22px;\"><span style=\"font-size: 10pt; line-height: normal; color: #333333; font-family: helvetica;\">\u00a0Grip<\/span><\/td>\n<td style=\"background-color: #ffffff; border: 1px solid #c7c7c7; width: 38.5423%; height: 22px;\"><span style=\"font-size: 10pt; line-height: normal; font-family: helvetica; color: #333333;\">\u00a0Gumiran grip<\/span><\/td>\n<\/tr>\n<tr style=\"height: 24px;\">\n<td style=\"background-color: #ececec; border: 1px solid #c7c7c7; width: 44.4188%; height: 24px;\"><span style=\"font-size: 10pt; font-family: helvetica; color: #333333;\"><span style=\"line-height: normal;\">\u00a0Pro\u017eilec<\/span><\/span><\/td>\n<td style=\"background-color: #ffffff; border: 1px solid #c7c7c7; width: 38.5423%; height: 24px;\"><span style=\"font-size: 10pt; line-height: normal; font-family: helvetica; color: #333333;\">\u00a0SA<\/span><\/td>\n<\/tr>\n<tr style=\"height: 24px;\">\n<td style=\"background-color: #ececec; border: 1px solid #c7c7c7; width: 44.4188%; height: 24px;\"><span style=\"font-size: 10pt; font-family: helvetica; color: #333333;\"><span style=\"line-height: normal;\">\u00a0Merki<\/span><\/span><\/td>\n<td style=\"background-color: #ffffff; border: 1px solid #c7c7c7; width: 38.5423%; height: 24px;\"><span style=\"font-size: 10pt; line-height: normal; font-family: helvetica; color: #333333;\">\u00a0nastavjivi<\/span><\/td>\n<\/tr>\n<tr style=\"height: 24px;\">\n<td style=\"background-color: #ececec; border: 1px solid #c7c7c7; width: 44.4188%; height: 24px;\"><span style=\"font-family: helvetica; font-size: 10pt; color: #333333;\"><span style=\"line-height: normal;\">\u00a0Dol\u017eina cevi<\/span><\/span><\/td>\n<td style=\"background-color: #ffffff; border: 1px solid #c7c7c7; width: 38.5423%; height: 24px;\"><span style=\"font-family: helvetica; font-size: 10pt; color: #333333;\">\u00a0127 mm<\/span><\/td>\n<\/tr>\n<tr>\n<td style=\"background-color: #ececec; border: 1px solid #c7c7c7; width: 44.4188%;\"><span style=\"font-family: helvetica; font-size: 10pt; color: #333333;\"><span style=\"line-height: normal;\">\u00a0Mere (d\/v\/\u0161)<\/span><\/span><\/td>\n<td style=\"background-color: #ffffff; border: 1px solid #c7c7c7; width: 38.5423%;\"><span style=\"font-family: helvetica; font-size: 10pt; color: #333333;\">\u00a0225\/140\/35<\/span><\/td>\n<\/tr>\n<tr>\n<td style=\"background-color: #ececec; border: 1px solid #c7c7c7; width: 44.4188%;\"><span style=\"font-family: helvetica; font-size: 10pt; color: #333333;\"><span style=\"line-height: normal;\">\u00a0Te\u017ea<\/span><\/span><\/td>\n<td style=\"background-color: #ffffff; border: 1px solid #c7c7c7; width: 38.5423%;\"><span style=\"font-family: helvetica; font-size: 10pt; color: #333333;\">\u00a0940 g<\/span><\/td>\n<\/tr>\n<tr>\n<td style=\"background-color: #ececec; border: 1px solid #c7c7c7; width: 44.4188%;\"><span style=\"font-family: helvetica; font-size: 10pt; color: #333333;\"><span style=\"line-height: normal;\">\u00a0Originalo pakiranje<\/span><\/span><\/td>\n<td style=\"background-color: #ffffff; border: 1px solid #c7c7c7; width: 38.5423%;\"><span style=\"font-family: helvetica; font-size: 10pt; color: #333333;\">\u00a0plasti\u010dna \u0161katla<\/span><\/td>\n<\/tr>\n<\/thead>\n<\/table>\n<\/td>\n<\/tr>\n<\/thead>\n<\/table>\n","protected":false},"excerpt":{"rendered":"<p>Gold Cup je popolna kopija legendarne pi\u0161tole Colt 1911. Vklju\u010duje varovalko na vratu gripa, skeletni spro\u017eilec in ostali profesionalni dodatki. Colt 1911 A1 Gold Cup\u00a0 semi-automatic kaliber 22 l.r. je proizveden v Waltherju pod licenco Colta. To je edina prava replika na svetu.<\/p>\n","protected":false},"featured_media":4428,"comment_status":"open","ping_status":"closed","template":"","meta":{"spay_email":""},"product_cat":[22,26],"product_tag":[],"_links":{"self":[{"href":"https:\/\/www.kormoran.si\/kormoranw\/index.php?rest_route=\/wp\/v2\/product\/4427"}],"collection":[{"href":"https:\/\/www.kormoran.si\/kormoranw\/index.php?rest_route=\/wp\/v2\/product"}],"about":[{"href":"https:\/\/www.kormoran.si\/kormoranw\/index.php?rest_route=\/wp\/v2\/types\/product"}],"replies":[{"embeddable":true,"href":"https:\/\/www.kormoran.si\/kormoranw\/index.php?rest_route=%2Fwp%2Fv2%2Fcomments&post=4427"}],"wp:featuredmedia":[{"embeddable":true,"href":"https:\/\/www.kormoran.si\/kormoranw\/index.php?rest_route=\/wp\/v2\/media\/4428"}],"wp:attachment":[{"href":"https:\/\/www.kormoran.si\/kormoranw\/index.php?rest_route=%2Fwp%2Fv2%2Fmedia&parent=4427"}],"wp:term":[{"taxonomy":"product_cat","embeddable":true,"href":"https:\/\/www.kormoran.si\/kormoranw\/index.php?rest_route=%2Fwp%2Fv2%2Fproduct_cat&post=4427"},{"taxonomy":"product_tag","embeddable":true,"href":"https:\/\/www.kormoran.si\/kormoranw\/index.php?rest_route=%2Fwp%2Fv2%2Fproduct_tag&post=4427"}],"curies":[{"name":"wp","href":"https:\/\/api.w.org\/{rel}","templated":true}]}}