{"id":4897,"date":"2022-02-14T13:44:10","date_gmt":"2022-02-14T13:44:10","guid":{"rendered":"http:\/\/www.kormoran.si\/kormoranw\/?post_type=product&#038;p=4897"},"modified":"2025-12-13T07:44:31","modified_gmt":"2025-12-13T07:44:31","slug":"wolfram-predvrvica-2-kos","status":"publish","type":"product","link":"https:\/\/www.kormoran.si\/kormoranw\/?product=wolfram-predvrvica-2-kos","title":{"rendered":"MIKADO Wolfram predvrvica 2 kos."},"content":{"rendered":"<div id=\"content\" class=\"col-lg-10 col-xl-8 col-xxl-6\">\n<div id=\"app-product-card\" class=\"container-fluid product-card text-primary p-0\">\n<div class=\"row my-2 no-gutters my-md-4\">\n<div class=\"col-12\">\n<div><span style=\"font-family: arial, helvetica, sans-serif; font-size: 12pt;\">Prednost volframovih filamentov je, da jih plenilci, zlasti \u0161\u010duke, ne morejo pregrizniti. Tudi v dalj\u0161em obdobju mirovanja smo lahko prepri\u010dani, da lahko ujamemo ribo. Na zgornjem delu je name\u0161\u010dena vrtljivka, na dnu pa je pritrjena vrtljiva sponka za enostavno menjavo vabe.<\/span><br \/>\n<span style=\"font-family: arial, helvetica, sans-serif; font-size: 12pt;\">Material je 100 % odporen na ostre zobe plenilcev.<\/span><\/div>\n<\/div>\n<\/div>\n<div class=\"row mt-3 no-gutters\">\n<h3 id=\"specification\" class=\"text-1-5 font-weight-bold\"><span style=\"font-family: arial, helvetica, sans-serif; font-size: 12pt;\">Specifikacija :<\/span><\/h3>\n<\/div>\n<div class=\"row my-2 my-md-4\">\n<div class=\"col-6\">\n<ul style=\"list-style-type: disc;\">\n<li class=\"d-flex justify-content-between py-2 border-bottom border-1 border-info\"><span style=\"font-family: arial, helvetica, sans-serif; font-size: 12pt;\">Dol\u017eina (cm): 22,5cm<\/span><\/li>\n<li class=\"d-flex justify-content-between py-2 border-bottom border-1 border-info\"><span style=\"font-family: arial, helvetica, sans-serif; font-size: 12pt;\">Vrsta: <span class=\"font-weight-bold\">Volfram<\/span><\/span><\/li>\n<li><span style=\"font-family: arial, helvetica, sans-serif; font-size: 12pt;\">Mo\u010d (kg): 9<span class=\"font-weight-bold\">,00kg<\/span><\/span><\/li>\n<\/ul>\n<\/div>\n<div class=\"col-6\"><\/div>\n<div class=\"col-6\"><\/div>\n<div class=\"col-6\">\n<div class=\"d-flex justify-content-between py-2 border-bottom border-1 border-info\"><\/div>\n<\/div>\n<\/div>\n<\/div>\n<\/div>\n<p>&nbsp;<\/p>\n","protected":false},"excerpt":{"rendered":"<ul style=\"list-style-type: disc;\">\n<li class=\"d-flex justify-content-between py-2 border-bottom border-1 border-info\"><span style=\"font-family: arial, helvetica, sans-serif; font-size: 12pt;\">Dol\u017eina (cm): 22,5cm<\/span><\/li>\n<li class=\"d-flex justify-content-between py-2 border-bottom border-1 border-info\"><span style=\"font-family: arial, helvetica, sans-serif; font-size: 12pt;\">Vrsta: <span class=\"font-weight-bold\">Volfram<\/span><\/span><\/li>\n<li><span style=\"font-family: arial, helvetica, sans-serif; font-size: 12pt;\">Mo\u010d (kg): 9<span class=\"font-weight-bold\">,00kg<\/span><\/span><\/li>\n<\/ul>\n","protected":false},"featured_media":9289,"comment_status":"open","ping_status":"closed","template":"","meta":{"spay_email":""},"product_cat":[36,56],"product_tag":[],"_links":{"self":[{"href":"https:\/\/www.kormoran.si\/kormoranw\/index.php?rest_route=\/wp\/v2\/product\/4897"}],"collection":[{"href":"https:\/\/www.kormoran.si\/kormoranw\/index.php?rest_route=\/wp\/v2\/product"}],"about":[{"href":"https:\/\/www.kormoran.si\/kormoranw\/index.php?rest_route=\/wp\/v2\/types\/product"}],"replies":[{"embeddable":true,"href":"https:\/\/www.kormoran.si\/kormoranw\/index.php?rest_route=%2Fwp%2Fv2%2Fcomments&post=4897"}],"wp:featuredmedia":[{"embeddable":true,"href":"https:\/\/www.kormoran.si\/kormoranw\/index.php?rest_route=\/wp\/v2\/media\/9289"}],"wp:attachment":[{"href":"https:\/\/www.kormoran.si\/kormoranw\/index.php?rest_route=%2Fwp%2Fv2%2Fmedia&parent=4897"}],"wp:term":[{"taxonomy":"product_cat","embeddable":true,"href":"https:\/\/www.kormoran.si\/kormoranw\/index.php?rest_route=%2Fwp%2Fv2%2Fproduct_cat&post=4897"},{"taxonomy":"product_tag","embeddable":true,"href":"https:\/\/www.kormoran.si\/kormoranw\/index.php?rest_route=%2Fwp%2Fv2%2Fproduct_tag&post=4897"}],"curies":[{"name":"wp","href":"https:\/\/api.w.org\/{rel}","templated":true}]}}