{"id":5345,"date":"2022-02-24T09:20:32","date_gmt":"2022-02-24T09:20:32","guid":{"rendered":"http:\/\/www.kormoran.si\/kormoranw\/?post_type=product&#038;p=5345"},"modified":"2026-05-06T16:30:27","modified_gmt":"2026-05-06T14:30:27","slug":"pva-mreza-45mm-x-7m","status":"publish","type":"product","link":"https:\/\/www.kormoran.si\/kormoranw\/?product=pva-mreza-45mm-x-7m","title":{"rendered":"PVA mre\u017ea &#8211; 45mm x 5m"},"content":{"rendered":"<p><span dir=\"auto\">PVA sistem Carp Expert Micro Mesh 5m\u00a0<\/span><\/p>\n<p><span dir=\"auto\">Za kratico PVA se skriva polivinil alkohol, vodotopni material, ki se uporablja v ribi\u0161ki industriji za izdelavo mre\u017eic, vre\u010dk ali trakov. Ti izdelki postajajo vse bolj priljubljeni med kraparji, saj vse ve\u010d ljudi prepoznava u\u010dinkovitost majhnih, koncentriranih vab.<\/span><\/p>\n<p><span dir=\"auto\">PVA mre\u017eice so morda najbolj znana oblika teh dodatkov, zato Carp Expert v svoji ponudbi ponuja ve\u010d vrst.<\/span><\/p>\n<p><span dir=\"auto\">Sistem Carp Expert Micro Mesh PVA je celovit sistem za ribolov s PVA mre\u017eico, ki ga sestavljajo trpe\u017een plasti\u010dni valj za shranjevanje, ki ohranja na\u0161o PVA mre\u017eico vedno suho, plasti\u010dna cev, na katero je name\u0161\u010dena mre\u017eica, kar olaj\u0161a njeno polnjenje, in orodje za polnjenje, ki pomaga pri stiskanju izbrane atraktantne snovi.<\/span><\/p>\n<p><span dir=\"auto\">Zahvaljujo\u010d mikromre\u017easti mre\u017eici lahko na\u0161i me\u0161anici dodamo tudi drobnozrnate spod me\u0161anice ali majhne pelete poleg celih, zdrobljenih ali mletih bojlijev, ne da bi se razsuli.<\/span><\/p>\n<p><span dir=\"auto\">Pri sestavljanju me\u0161anice je bistveno zagotoviti, da sestavine ne vsebujejo vode, saj bi ta prezgodaj raztopila vse na\u0161e PVA izdelke. Vendar pa lahko aromo teh me\u0161anic okrepite s sladkorjem, CSL ali teko\u010dinami na osnovi alkohola, ki so primerne za PVA in so posebej zasnovane za te prilo\u017enosti.<\/span><\/p>\n<p><span dir=\"auto\">Na voljo v razli\u010dicah 25, 35 in 45 mm. 25 mm je bolj primerna za metanje, 45 mm bo morda v\u0161e\u010d tistim, ki imajo raje navijanje, medtem ko je 35 mm univerzalna vrsta za vse namene.<\/span><\/p>\n<p><span dir=\"auto\">Zahvaljujo\u010d ekonomi\u010dnemu pakiranju po 5 m omogo\u010da pripravo ve\u010d deset PVA vre\u010dk, ki lahko ob pravilni uporabi in na pravem mestu prispevajo k \u0161tevilnim \u010dudovitim ulovom za ribi\u010de!<\/span><\/p>\n","protected":false},"excerpt":{"rendered":"<p>&#8211; 45 mm x 5 m<br \/>\n&#8211; hitro tope\u010da<br \/>\n&#8211; metoda &#8220;Reload&#8221;<\/p>\n","protected":false},"featured_media":9470,"comment_status":"open","ping_status":"closed","template":"","meta":{"spay_email":""},"product_cat":[36,58],"product_tag":[],"_links":{"self":[{"href":"https:\/\/www.kormoran.si\/kormoranw\/index.php?rest_route=\/wp\/v2\/product\/5345"}],"collection":[{"href":"https:\/\/www.kormoran.si\/kormoranw\/index.php?rest_route=\/wp\/v2\/product"}],"about":[{"href":"https:\/\/www.kormoran.si\/kormoranw\/index.php?rest_route=\/wp\/v2\/types\/product"}],"replies":[{"embeddable":true,"href":"https:\/\/www.kormoran.si\/kormoranw\/index.php?rest_route=%2Fwp%2Fv2%2Fcomments&post=5345"}],"wp:featuredmedia":[{"embeddable":true,"href":"https:\/\/www.kormoran.si\/kormoranw\/index.php?rest_route=\/wp\/v2\/media\/9470"}],"wp:attachment":[{"href":"https:\/\/www.kormoran.si\/kormoranw\/index.php?rest_route=%2Fwp%2Fv2%2Fmedia&parent=5345"}],"wp:term":[{"taxonomy":"product_cat","embeddable":true,"href":"https:\/\/www.kormoran.si\/kormoranw\/index.php?rest_route=%2Fwp%2Fv2%2Fproduct_cat&post=5345"},{"taxonomy":"product_tag","embeddable":true,"href":"https:\/\/www.kormoran.si\/kormoranw\/index.php?rest_route=%2Fwp%2Fv2%2Fproduct_tag&post=5345"}],"curies":[{"name":"wp","href":"https:\/\/api.w.org\/{rel}","templated":true}]}}