{"id":5641,"date":"2022-03-03T15:08:02","date_gmt":"2022-03-03T15:08:02","guid":{"rendered":"http:\/\/www.kormoran.si\/kormoranw\/?post_type=product&#038;p=5641"},"modified":"2026-01-15T15:20:20","modified_gmt":"2026-01-15T15:20:20","slug":"povodec-soft-grip-2m","status":"publish","type":"product","link":"https:\/\/www.kormoran.si\/kormoranw\/?product=povodec-soft-grip-2m","title":{"rendered":"Povodec Soft grip, 20mm\/200cm"},"content":{"rendered":"<p>Mo\u010dan in mehek povodec dol\u017eine 200cm, lahko ga skraj\u0161ate z prestavljanjem karabina na 175cm ali 123cm. \u0160irina je 20mm.<\/p>\n<p>Na voljo tudi v drugih barva kot so \u010drna, siva, modra. Po\u0161ljite povpra\u0161evanje po barvah.<\/p>\n<h4><\/h4>\n","protected":false},"excerpt":{"rendered":"<p>Mehak in mo\u010dan povodec dol\u017eine 2m. Na voljo v razli\u010dnih\u00a0 barvah.<\/p>\n","protected":false},"featured_media":5643,"comment_status":"open","ping_status":"closed","template":"","meta":{"spay_email":""},"product_cat":[81],"product_tag":[],"_links":{"self":[{"href":"https:\/\/www.kormoran.si\/kormoranw\/index.php?rest_route=\/wp\/v2\/product\/5641"}],"collection":[{"href":"https:\/\/www.kormoran.si\/kormoranw\/index.php?rest_route=\/wp\/v2\/product"}],"about":[{"href":"https:\/\/www.kormoran.si\/kormoranw\/index.php?rest_route=\/wp\/v2\/types\/product"}],"replies":[{"embeddable":true,"href":"https:\/\/www.kormoran.si\/kormoranw\/index.php?rest_route=%2Fwp%2Fv2%2Fcomments&post=5641"}],"wp:featuredmedia":[{"embeddable":true,"href":"https:\/\/www.kormoran.si\/kormoranw\/index.php?rest_route=\/wp\/v2\/media\/5643"}],"wp:attachment":[{"href":"https:\/\/www.kormoran.si\/kormoranw\/index.php?rest_route=%2Fwp%2Fv2%2Fmedia&parent=5641"}],"wp:term":[{"taxonomy":"product_cat","embeddable":true,"href":"https:\/\/www.kormoran.si\/kormoranw\/index.php?rest_route=%2Fwp%2Fv2%2Fproduct_cat&post=5641"},{"taxonomy":"product_tag","embeddable":true,"href":"https:\/\/www.kormoran.si\/kormoranw\/index.php?rest_route=%2Fwp%2Fv2%2Fproduct_tag&post=5641"}],"curies":[{"name":"wp","href":"https:\/\/api.w.org\/{rel}","templated":true}]}}