{"id":5681,"date":"2022-03-04T10:43:01","date_gmt":"2022-03-04T10:43:01","guid":{"rendered":"http:\/\/www.kormoran.si\/kormoranw\/?post_type=product&#038;p=5681"},"modified":"2022-03-04T10:43:01","modified_gmt":"2022-03-04T10:43:01","slug":"vrv-za-vlecenje-divjadi","status":"publish","type":"product","link":"https:\/\/www.kormoran.si\/kormoranw\/?product=vrv-za-vlecenje-divjadi","title":{"rendered":"Vrv za vle\u010denje divjadi"},"content":{"rendered":"<p>2-delni pripomo\u010dek za vle\u010denje divjadi je primeren za te\u017eo divjadi do pribli\u017eno 180 kg. Komplet je sestavljen iz posebne vrvi (\u00d8 5 mm, natezna trdnost pribl. 300 kg) in pasu \u0161irine cca 5 cm (vle\u010dna trdnost cca. 180 kg) z vrtljivko in karabinom. Plasti\u010dni trak z izvezenim logotipom se lahko namesti \u010dez ramo, da la\u017eje vle\u010dete divjad. Tako ima lovec spet proste roke. Dol\u017eina traku cca 81 cm, dol\u017eina vrvi cca 120 cm. Barvni signal oran\u017ena.<\/p>\n<p>Tehni\u010dne specifikacije<br \/>\nDol\u017eina pasu: cca 81 cm<br \/>\nDol\u017eina vrvi: cca 120 cm<br \/>\nBarva: signalno oran\u017ena<br \/>\nza pribli\u017eno 180 kg te\u017ee divjadi<br \/>\nprakti\u010dni komplet<br \/>\ntrajna kakovost<\/p>\n","protected":false},"excerpt":{"rendered":"<p>Vrv za vle\u010denje divjadi, divje svinje in podobno do 180kg<\/p>\n","protected":false},"featured_media":5682,"comment_status":"open","ping_status":"closed","template":"","meta":{"spay_email":""},"product_cat":[30],"product_tag":[],"_links":{"self":[{"href":"https:\/\/www.kormoran.si\/kormoranw\/index.php?rest_route=\/wp\/v2\/product\/5681"}],"collection":[{"href":"https:\/\/www.kormoran.si\/kormoranw\/index.php?rest_route=\/wp\/v2\/product"}],"about":[{"href":"https:\/\/www.kormoran.si\/kormoranw\/index.php?rest_route=\/wp\/v2\/types\/product"}],"replies":[{"embeddable":true,"href":"https:\/\/www.kormoran.si\/kormoranw\/index.php?rest_route=%2Fwp%2Fv2%2Fcomments&post=5681"}],"wp:featuredmedia":[{"embeddable":true,"href":"https:\/\/www.kormoran.si\/kormoranw\/index.php?rest_route=\/wp\/v2\/media\/5682"}],"wp:attachment":[{"href":"https:\/\/www.kormoran.si\/kormoranw\/index.php?rest_route=%2Fwp%2Fv2%2Fmedia&parent=5681"}],"wp:term":[{"taxonomy":"product_cat","embeddable":true,"href":"https:\/\/www.kormoran.si\/kormoranw\/index.php?rest_route=%2Fwp%2Fv2%2Fproduct_cat&post=5681"},{"taxonomy":"product_tag","embeddable":true,"href":"https:\/\/www.kormoran.si\/kormoranw\/index.php?rest_route=%2Fwp%2Fv2%2Fproduct_tag&post=5681"}],"curies":[{"name":"wp","href":"https:\/\/api.w.org\/{rel}","templated":true}]}}