{"id":5851,"date":"2022-03-09T14:14:43","date_gmt":"2022-03-09T14:14:43","guid":{"rendered":"http:\/\/www.kormoran.si\/kormoranw\/?post_type=product&#038;p=5851"},"modified":"2025-03-06T13:54:53","modified_gmt":"2025-03-06T13:54:53","slug":"kovcek-za-puske-redhead","status":"publish","type":"product","link":"https:\/\/www.kormoran.si\/kormoranw\/?product=kovcek-za-puske-redhead","title":{"rendered":"Kov\u010dek za pu\u0161ko Pro Max"},"content":{"rendered":"<p>Lahek in robusten kov\u010dek za pu\u0161ke. V notranjosti podlo\u017een z nabru\u0161eno peno. Luknje omogo\u010dajo zaklepanje s klju\u010davnicami. Primerno za letalsko potovanje! Patentirani \u201cPillar-Lock-System\u201d zagotavlja dodatno stabilnost s pomo\u010djo notranjih plasti\u010dnih stebrov. V elegantni obliki za pu\u0161ke in pu\u0161ke s strelnimi daljnogledi.<\/p>\n<p>Dimenzije (D x \u0160 x V) 135cm x 30,5cm x 11 cm.<\/p>\n<ul>\n<li>robusten in odporen<\/li>\n<li>zaklepanje<\/li>\n<li>idealno razmerje med kvaliteto in ceno<\/li>\n<\/ul>\n","protected":false},"excerpt":{"rendered":"<p>Kov\u010dek za dolgocevno oro\u017eje, za 1 pu\u0161ko z daljnogledom<\/p>\n","protected":false},"featured_media":5854,"comment_status":"open","ping_status":"closed","template":"","meta":{"spay_email":""},"product_cat":[30],"product_tag":[],"_links":{"self":[{"href":"https:\/\/www.kormoran.si\/kormoranw\/index.php?rest_route=\/wp\/v2\/product\/5851"}],"collection":[{"href":"https:\/\/www.kormoran.si\/kormoranw\/index.php?rest_route=\/wp\/v2\/product"}],"about":[{"href":"https:\/\/www.kormoran.si\/kormoranw\/index.php?rest_route=\/wp\/v2\/types\/product"}],"replies":[{"embeddable":true,"href":"https:\/\/www.kormoran.si\/kormoranw\/index.php?rest_route=%2Fwp%2Fv2%2Fcomments&post=5851"}],"wp:featuredmedia":[{"embeddable":true,"href":"https:\/\/www.kormoran.si\/kormoranw\/index.php?rest_route=\/wp\/v2\/media\/5854"}],"wp:attachment":[{"href":"https:\/\/www.kormoran.si\/kormoranw\/index.php?rest_route=%2Fwp%2Fv2%2Fmedia&parent=5851"}],"wp:term":[{"taxonomy":"product_cat","embeddable":true,"href":"https:\/\/www.kormoran.si\/kormoranw\/index.php?rest_route=%2Fwp%2Fv2%2Fproduct_cat&post=5851"},{"taxonomy":"product_tag","embeddable":true,"href":"https:\/\/www.kormoran.si\/kormoranw\/index.php?rest_route=%2Fwp%2Fv2%2Fproduct_tag&post=5851"}],"curies":[{"name":"wp","href":"https:\/\/api.w.org\/{rel}","templated":true}]}}