{"id":5857,"date":"2022-03-10T07:59:26","date_gmt":"2022-03-10T07:59:26","guid":{"rendered":"http:\/\/www.kormoran.si\/kormoranw\/?post_type=product&#038;p=5857"},"modified":"2024-11-20T08:21:35","modified_gmt":"2024-11-20T08:21:35","slug":"meopta-artemis-2000-6x42","status":"publish","type":"product","link":"https:\/\/www.kormoran.si\/kormoranw\/?product=meopta-artemis-2000-6x42","title":{"rendered":"Strelni daljnogled Meopta Artemis 2000 6&#215;42"},"content":{"rendered":"<p>Odli\u010den strelni daljnogled Meopta Artemis 2000 6&#215;42, 25,4mm premera za monta\u017eo, te\u017ea 500g, vidno polje na 100m 7m,<\/p>\n","protected":false},"excerpt":{"rendered":"<ul>\n<li>25,4mm premer monta\u017ee<\/li>\n<li>te\u017ea: 500g<\/li>\n<li>vidno polje: 100m -7m<\/li>\n<\/ul>\n","protected":false},"featured_media":5858,"comment_status":"open","ping_status":"closed","template":"","meta":{"spay_email":""},"product_cat":[29],"product_tag":[],"_links":{"self":[{"href":"https:\/\/www.kormoran.si\/kormoranw\/index.php?rest_route=\/wp\/v2\/product\/5857"}],"collection":[{"href":"https:\/\/www.kormoran.si\/kormoranw\/index.php?rest_route=\/wp\/v2\/product"}],"about":[{"href":"https:\/\/www.kormoran.si\/kormoranw\/index.php?rest_route=\/wp\/v2\/types\/product"}],"replies":[{"embeddable":true,"href":"https:\/\/www.kormoran.si\/kormoranw\/index.php?rest_route=%2Fwp%2Fv2%2Fcomments&post=5857"}],"wp:featuredmedia":[{"embeddable":true,"href":"https:\/\/www.kormoran.si\/kormoranw\/index.php?rest_route=\/wp\/v2\/media\/5858"}],"wp:attachment":[{"href":"https:\/\/www.kormoran.si\/kormoranw\/index.php?rest_route=%2Fwp%2Fv2%2Fmedia&parent=5857"}],"wp:term":[{"taxonomy":"product_cat","embeddable":true,"href":"https:\/\/www.kormoran.si\/kormoranw\/index.php?rest_route=%2Fwp%2Fv2%2Fproduct_cat&post=5857"},{"taxonomy":"product_tag","embeddable":true,"href":"https:\/\/www.kormoran.si\/kormoranw\/index.php?rest_route=%2Fwp%2Fv2%2Fproduct_tag&post=5857"}],"curies":[{"name":"wp","href":"https:\/\/api.w.org\/{rel}","templated":true}]}}