{"id":5867,"date":"2022-03-10T08:37:28","date_gmt":"2022-03-10T08:37:28","guid":{"rendered":"http:\/\/www.kormoran.si\/kormoranw\/?post_type=product&#038;p=5867"},"modified":"2022-03-10T08:37:28","modified_gmt":"2022-03-10T08:37:28","slug":"brusilec-mikado","status":"publish","type":"product","link":"https:\/\/www.kormoran.si\/kormoranw\/?product=brusilec-mikado","title":{"rendered":"Brusilec- Mikado"},"content":{"rendered":"<p>Skrbno oblikovan brusilnik, ki vam omogo\u010da natan\u010dno bru\u0161enje no\u017ene konice ali katere koli druge stvari.<\/p>\n","protected":false},"excerpt":{"rendered":"<ul>\n<li>skrbno oblikovan<\/li>\n<li>Visoke kakovosti<\/li>\n<\/ul>\n","protected":false},"featured_media":5868,"comment_status":"open","ping_status":"closed","template":"","meta":{"spay_email":""},"product_cat":[58,30],"product_tag":[],"_links":{"self":[{"href":"https:\/\/www.kormoran.si\/kormoranw\/index.php?rest_route=\/wp\/v2\/product\/5867"}],"collection":[{"href":"https:\/\/www.kormoran.si\/kormoranw\/index.php?rest_route=\/wp\/v2\/product"}],"about":[{"href":"https:\/\/www.kormoran.si\/kormoranw\/index.php?rest_route=\/wp\/v2\/types\/product"}],"replies":[{"embeddable":true,"href":"https:\/\/www.kormoran.si\/kormoranw\/index.php?rest_route=%2Fwp%2Fv2%2Fcomments&post=5867"}],"wp:featuredmedia":[{"embeddable":true,"href":"https:\/\/www.kormoran.si\/kormoranw\/index.php?rest_route=\/wp\/v2\/media\/5868"}],"wp:attachment":[{"href":"https:\/\/www.kormoran.si\/kormoranw\/index.php?rest_route=%2Fwp%2Fv2%2Fmedia&parent=5867"}],"wp:term":[{"taxonomy":"product_cat","embeddable":true,"href":"https:\/\/www.kormoran.si\/kormoranw\/index.php?rest_route=%2Fwp%2Fv2%2Fproduct_cat&post=5867"},{"taxonomy":"product_tag","embeddable":true,"href":"https:\/\/www.kormoran.si\/kormoranw\/index.php?rest_route=%2Fwp%2Fv2%2Fproduct_tag&post=5867"}],"curies":[{"name":"wp","href":"https:\/\/api.w.org\/{rel}","templated":true}]}}