{"id":6044,"date":"2022-03-14T09:26:26","date_gmt":"2022-03-14T09:26:26","guid":{"rendered":"http:\/\/www.kormoran.si\/kormoranw\/?post_type=product&#038;p=6044"},"modified":"2026-05-10T20:27:27","modified_gmt":"2026-05-10T18:27:27","slug":"sredstvo-za-odganjanje-srnjadi-certosan","status":"publish","type":"product","link":"https:\/\/www.kormoran.si\/kormoranw\/?product=sredstvo-za-odganjanje-srnjadi-certosan","title":{"rendered":"Sredstvo za odganjanje srnjadi &#8211; Certosan"},"content":{"rendered":"<p><span style=\"font-family: arial, helvetica, sans-serif; font-size: 12pt;\">Certosan nudi u\u010dinkovito za\u0161\u010dito proti srnjadi kot tudi pred zajci. Uporablja se lahko v gozdu ali pa na doma\u010dem vrtu kjer z njim po\u0161kropimo samo poganjke ali brsti\u010de. \u010cas delovanja pa je odvisen od letnega \u010dasa. Pozimi in jeseni deluje do 6 mesecev po enem \u0161kropljenju. Poleti in spomladi pa je priporo\u010dljivo postopek ponoviti vsakih 6 tednov. <\/span><\/p>\n<p><span style=\"font-family: arial, helvetica, sans-serif; font-size: 12pt;\">Ena plastenka je dovolj za 380 nanosov. Teko\u010dino je primerno hraniti v hladnem (pribli\u017eno 4\u20136 \u00b0C) in temnem prostoru ter po odprtju uporabiti v 14. dneh.<\/span><\/p>\n<p><span style=\"font-family: arial, helvetica, sans-serif; font-size: 12pt;\"><strong><span dir=\"auto\">Navodila:<\/span><\/strong><span dir=\"auto\"> Pred uporabo napolnite s 400 ml vode in mo\u010dno pretresite. Ena stekleni\u010dka zadostuje za vsaj 380 nanosov. Pripravljeno me\u0161anico shranjujte na hladnem mestu (pribli\u017eno 4\u20136 \u00b0C) in porabite v 14 dneh.<\/span><\/span><\/p>\n<p><span style=\"font-family: arial, helvetica, sans-serif; font-size: 12pt;\"><strong><span dir=\"auto\">Opomba v skladu z uredbo EU o biocidnih proizvodih: &#8220;Biocidne proizvode uporabljajte previdno. Pred uporabo vedno preberite etiketo in informacije o izdelku.&#8221;<\/span><\/strong><\/span><\/p>\n<p><span dir=\"auto\" style=\"font-family: arial, helvetica, sans-serif; font-size: 12pt;\">Aktivna sestavina: Krvna moka. Formulacija: WP, pra\u0161ek, ki se dispergira v vodi. Ne dovolite, da izdelek, njegovi ostanki ali prazne posode in embala\u017ea pridejo v vodne poti. Izogibajte se nepotrebnemu stiku. Zloraba lahko povzro\u010di zdravstvene te\u017eave. Hraniti izven dosega otrok. Vsebino\/posodo pravilno zavrzite. Da bi se izognili tveganjem za ljudi in okolje, upo\u0161tevajte navodila za uporabo.<\/span><\/p>\n<p data-start=\"0\" data-end=\"38\"><span style=\"font-family: arial, helvetica, sans-serif; font-size: 12pt;\">Proizvajalec sredstva <strong data-start=\"22\" data-end=\"34\">Certosan<\/strong> je:<\/span><\/p>\n<p data-start=\"40\" data-end=\"96\"><span style=\"font-family: arial, helvetica, sans-serif; font-size: 12pt;\">\ud83d\udc49 <strong data-start=\"43\" data-end=\"94\"><span class=\"hover:entity-accent entity-underline inline cursor-pointer align-baseline\"><span class=\"whitespace-normal\">Hagopur AG<\/span><\/span> (Nem\u010dija)<\/strong><\/span><\/p>\n<ul data-start=\"98\" data-end=\"325\">\n<li data-section-id=\"glz1zd\" data-start=\"98\" data-end=\"201\"><span style=\"font-family: arial, helvetica, sans-serif; font-size: 12pt;\">Gre za nem\u0161kega proizvajalca specializiranih sredstev za <strong data-start=\"157\" data-end=\"199\">lovstvo, gozdarstvo in za\u0161\u010dito rastlin<\/strong><\/span><\/li>\n<li data-section-id=\"1gq9q23\" data-start=\"202\" data-end=\"325\"><span style=\"font-family: arial, helvetica, sans-serif; font-size: 12pt;\">Certosan je njihov znan <strong data-start=\"228\" data-end=\"285\">biolo\u0161ki repelent na osnovi proteinov, ma\u0161\u010dob in sol<\/strong><\/span><\/li>\n<\/ul>\n","protected":false},"excerpt":{"rendered":"<ul>\n<li data-section-id=\"k54dl4\" data-start=\"162\" data-end=\"222\"><span style=\"font-family: arial, helvetica, sans-serif; font-size: 12pt;\">U\u010dinkovito sredstvo za <strong data-start=\"187\" data-end=\"220\">odganjanje srnjadi in divjadi<\/strong><\/span><\/li>\n<li data-section-id=\"1nin04b\" data-start=\"223\" data-end=\"283\"><span style=\"font-family: arial, helvetica, sans-serif; font-size: 12pt;\">Pred uporabo dodajte <strong data-start=\"246\" data-end=\"261\">400 ml vode<\/strong> in dobro pretresite<\/span><\/li>\n<li data-section-id=\"17pnm91\" data-start=\"284\" data-end=\"337\"><span style=\"font-family: arial, helvetica, sans-serif; font-size: 12pt;\">Ena stekleni\u010dka zadostuje za <strong data-start=\"315\" data-end=\"335\">vsaj 380 nanosov<\/strong><\/span><\/li>\n<li data-section-id=\"i9mon2\" data-start=\"338\" data-end=\"394\"><span style=\"font-family: arial, helvetica, sans-serif; font-size: 12pt;\">Preprosta uporaba \u2013 nanos s \u0161kropljenjem na rastline<\/span><\/li>\n<li data-section-id=\"1vmu1n5\" data-start=\"395\" data-end=\"452\"><span style=\"font-family: arial, helvetica, sans-serif; font-size: 12pt;\">Pripravljeno me\u0161anico hranite na <strong data-start=\"430\" data-end=\"450\">hladnem (4\u20136 \u00b0C)<\/strong><\/span><\/li>\n<li data-section-id=\"1afryq0\" data-start=\"453\" data-end=\"505\"><span style=\"font-family: arial, helvetica, sans-serif; font-size: 12pt;\">Rok uporabe pripravljene me\u0161anice: <strong data-start=\"490\" data-end=\"503\">do 14 dni<\/strong><\/span><\/li>\n<li data-section-id=\"hnlyx6\" data-start=\"506\" data-end=\"569\"><span style=\"font-family: arial, helvetica, sans-serif; font-size: 12pt;\">Primerno za za\u0161\u010dito <strong data-start=\"528\" data-end=\"567\">vrtov, sadovnjakov in mladih dreves<\/strong><\/span><\/li>\n<li data-section-id=\"17t27id\" data-start=\"570\" data-end=\"621\"><span style=\"font-family: arial, helvetica, sans-serif; font-size: 12pt;\">Deluje na osnovi <strong data-start=\"589\" data-end=\"619\">vonja \u2013 ne \u0161koduje \u017eivalim<\/strong><\/span><\/li>\n<\/ul>\n","protected":false},"featured_media":6045,"comment_status":"open","ping_status":"closed","template":"","meta":{"spay_email":""},"product_cat":[30],"product_tag":[],"_links":{"self":[{"href":"https:\/\/www.kormoran.si\/kormoranw\/index.php?rest_route=\/wp\/v2\/product\/6044"}],"collection":[{"href":"https:\/\/www.kormoran.si\/kormoranw\/index.php?rest_route=\/wp\/v2\/product"}],"about":[{"href":"https:\/\/www.kormoran.si\/kormoranw\/index.php?rest_route=\/wp\/v2\/types\/product"}],"replies":[{"embeddable":true,"href":"https:\/\/www.kormoran.si\/kormoranw\/index.php?rest_route=%2Fwp%2Fv2%2Fcomments&post=6044"}],"wp:featuredmedia":[{"embeddable":true,"href":"https:\/\/www.kormoran.si\/kormoranw\/index.php?rest_route=\/wp\/v2\/media\/6045"}],"wp:attachment":[{"href":"https:\/\/www.kormoran.si\/kormoranw\/index.php?rest_route=%2Fwp%2Fv2%2Fmedia&parent=6044"}],"wp:term":[{"taxonomy":"product_cat","embeddable":true,"href":"https:\/\/www.kormoran.si\/kormoranw\/index.php?rest_route=%2Fwp%2Fv2%2Fproduct_cat&post=6044"},{"taxonomy":"product_tag","embeddable":true,"href":"https:\/\/www.kormoran.si\/kormoranw\/index.php?rest_route=%2Fwp%2Fv2%2Fproduct_tag&post=6044"}],"curies":[{"name":"wp","href":"https:\/\/api.w.org\/{rel}","templated":true}]}}