{"id":6176,"date":"2022-03-16T09:49:09","date_gmt":"2022-03-16T09:49:09","guid":{"rendered":"http:\/\/www.kormoran.si\/kormoranw\/?post_type=product&#038;p=6176"},"modified":"2025-10-29T14:53:20","modified_gmt":"2025-10-29T14:53:20","slug":"wobbler-fishunter-twilight-yugol-4cm-68-potopen","status":"publish","type":"product","link":"https:\/\/www.kormoran.si\/kormoranw\/?product=wobbler-fishunter-twilight-yugol-4cm-68-potopen","title":{"rendered":"Vobler CAVALIER"},"content":{"rendered":"<p>Izdelani iz visoko kakovostne, utrjene plastike. Popolnoma uravnote\u017een, deluje v vseh vrstah vode.\u00a0Obstajajo povr\u0161inske in\u00a0 globoko potopne razli\u010dice. Te delujejo zelo agresivno, simulirajo bolne ribe, ki privla\u010dijo plenilce z ustvarjanjem mo\u010dnega valovanja, posebne barve in z zvokom kovinskih kroglic. Vobler Fish Hunter je izdelani iz posebej strjene pene. Zasnovan s strani strokovnjakov za ribarjenje ter preizku\u0161en v vseh evropskih vodah.<\/p>\n<div id=\"content\" class=\"col-lg-10 col-xl-8 col-xxl-6\">\n<div id=\"app-product-card\" class=\"container-fluid p-0 product-card\">\n<div class=\"row p-0\">\n<div class=\"col-12\">\n<div id=\"accordionExample\" class=\"accordion mt-5\">\n<div class=\"card border-0\">\n<div id=\"collapseTwo\" class=\"card-body product-details__body collapse show\" aria-labelledby=\"headingTwo\" data-parent=\"#accordionExample\">\n<div class=\"p-md-5 p-2\">\n<div id=\"app-product-list\" class=\"container-fluid\">\n<div class=\"row align-items-start\">\n<div class=\"col-6\">\n<div class=\"d-flex justify-content-between py-2 border-bottom border-1 border-info\">Dol\u017eina(cm): <span class=\"font-weight-bold\">4<\/span><\/div>\n<\/div>\n<div class=\"col-6\">\n<div class=\"d-flex justify-content-between py-2 border-bottom border-1 border-info\">Globina potapljanja(m) : <span class=\"font-weight-bold\">do 2m<\/span><\/div>\n<\/div>\n<div class=\"col-6\">\n<div class=\"d-flex justify-content-between py-2 border-bottom border-1 border-info\">Vrsta: <span class=\"font-weight-bold\">Potopen<\/span><\/div>\n<\/div>\n<div class=\"col-6\">\n<div class=\"d-flex justify-content-between py-2 border-bottom border-1 border-info\">Ute\u017e(g): <span class=\"font-weight-bold\">3.5<\/span><\/div>\n<\/div>\n<\/div>\n<\/div>\n<\/div>\n<\/div>\n<\/div>\n<\/div>\n<\/div>\n<\/div>\n<\/div>\n<\/div>\n","protected":false},"excerpt":{"rendered":"<ul>\n<li>Iz kakovostne strnjene pene in plastike<\/li>\n<li>Za vse vrste vod<\/li>\n<li>potopen do 2 metra<\/li>\n<li>velikost: 4cm<\/li>\n<\/ul>\n","protected":false},"featured_media":6180,"comment_status":"open","ping_status":"closed","template":"","meta":{"spay_email":""},"product_cat":[57],"product_tag":[],"_links":{"self":[{"href":"https:\/\/www.kormoran.si\/kormoranw\/index.php?rest_route=\/wp\/v2\/product\/6176"}],"collection":[{"href":"https:\/\/www.kormoran.si\/kormoranw\/index.php?rest_route=\/wp\/v2\/product"}],"about":[{"href":"https:\/\/www.kormoran.si\/kormoranw\/index.php?rest_route=\/wp\/v2\/types\/product"}],"replies":[{"embeddable":true,"href":"https:\/\/www.kormoran.si\/kormoranw\/index.php?rest_route=%2Fwp%2Fv2%2Fcomments&post=6176"}],"wp:featuredmedia":[{"embeddable":true,"href":"https:\/\/www.kormoran.si\/kormoranw\/index.php?rest_route=\/wp\/v2\/media\/6180"}],"wp:attachment":[{"href":"https:\/\/www.kormoran.si\/kormoranw\/index.php?rest_route=%2Fwp%2Fv2%2Fmedia&parent=6176"}],"wp:term":[{"taxonomy":"product_cat","embeddable":true,"href":"https:\/\/www.kormoran.si\/kormoranw\/index.php?rest_route=%2Fwp%2Fv2%2Fproduct_cat&post=6176"},{"taxonomy":"product_tag","embeddable":true,"href":"https:\/\/www.kormoran.si\/kormoranw\/index.php?rest_route=%2Fwp%2Fv2%2Fproduct_tag&post=6176"}],"curies":[{"name":"wp","href":"https:\/\/api.w.org\/{rel}","templated":true}]}}