{"id":7213,"date":"2022-12-29T15:54:44","date_gmt":"2022-12-29T15:54:44","guid":{"rendered":"http:\/\/www.kormoran.si\/kormoranw\/?post_type=product&#038;p=7213"},"modified":"2022-12-29T15:54:44","modified_gmt":"2022-12-29T15:54:44","slug":"gamase-swedteam","status":"publish","type":"product","link":"https:\/\/www.kormoran.si\/kormoranw\/?product=gamase-swedteam","title":{"rendered":"Gama\u0161e SWEDTEAM"},"content":{"rendered":"<p>Vodotesne, tesno prilegajo\u010de gama\u0161e.<br \/>\nElasti\u010den spodnji del gle\u017enja z zadrgo spredaj in vrvico na vrhu. Narejene so iz mo\u010dnega vodotesnega poliestra, z nastavljivim trakom pod podplatom, da se odli\u010dno prilegajo.<\/p>\n","protected":false},"excerpt":{"rendered":"<p>Proizvajalec: Swedteam<br \/>\nBarva: zelena<br \/>\nSurovinska sestava: 100% poliester<\/p>\n","protected":false},"featured_media":7214,"comment_status":"open","ping_status":"closed","template":"","meta":{"spay_email":""},"product_cat":[28],"product_tag":[],"_links":{"self":[{"href":"https:\/\/www.kormoran.si\/kormoranw\/index.php?rest_route=\/wp\/v2\/product\/7213"}],"collection":[{"href":"https:\/\/www.kormoran.si\/kormoranw\/index.php?rest_route=\/wp\/v2\/product"}],"about":[{"href":"https:\/\/www.kormoran.si\/kormoranw\/index.php?rest_route=\/wp\/v2\/types\/product"}],"replies":[{"embeddable":true,"href":"https:\/\/www.kormoran.si\/kormoranw\/index.php?rest_route=%2Fwp%2Fv2%2Fcomments&post=7213"}],"wp:featuredmedia":[{"embeddable":true,"href":"https:\/\/www.kormoran.si\/kormoranw\/index.php?rest_route=\/wp\/v2\/media\/7214"}],"wp:attachment":[{"href":"https:\/\/www.kormoran.si\/kormoranw\/index.php?rest_route=%2Fwp%2Fv2%2Fmedia&parent=7213"}],"wp:term":[{"taxonomy":"product_cat","embeddable":true,"href":"https:\/\/www.kormoran.si\/kormoranw\/index.php?rest_route=%2Fwp%2Fv2%2Fproduct_cat&post=7213"},{"taxonomy":"product_tag","embeddable":true,"href":"https:\/\/www.kormoran.si\/kormoranw\/index.php?rest_route=%2Fwp%2Fv2%2Fproduct_tag&post=7213"}],"curies":[{"name":"wp","href":"https:\/\/api.w.org\/{rel}","templated":true}]}}