{"id":7286,"date":"2022-12-30T10:00:16","date_gmt":"2022-12-30T10:00:16","guid":{"rendered":"http:\/\/www.kormoran.si\/kormoranw\/?post_type=product&#038;p=7286"},"modified":"2025-03-04T08:08:02","modified_gmt":"2025-03-04T08:08:02","slug":"pikado-puscice-harrows-matrix","status":"publish","type":"product","link":"https:\/\/www.kormoran.si\/kormoranw\/?product=pikado-puscice-harrows-matrix","title":{"rendered":"Pikado pu\u0161\u010dice Harrows Matrix"},"content":{"rendered":"<p>Konica: plasti\u010dna<br \/>\nPeresa: Retina 5504<br \/>\nTrup: Speedline<br \/>\nPremer 9,4 mm<br \/>\nDol\u017eina: 44 mm<\/p>\n","protected":false},"excerpt":{"rendered":"<p>Konica: plasti\u010dna Peresa: Retina 5504 Trup: Speedline Premer 9,4 mm Dol\u017eina: 44 mm<\/p>\n","protected":false},"featured_media":7287,"comment_status":"open","ping_status":"closed","template":"","meta":{"spay_email":""},"product_cat":[40,43],"product_tag":[],"_links":{"self":[{"href":"https:\/\/www.kormoran.si\/kormoranw\/index.php?rest_route=\/wp\/v2\/product\/7286"}],"collection":[{"href":"https:\/\/www.kormoran.si\/kormoranw\/index.php?rest_route=\/wp\/v2\/product"}],"about":[{"href":"https:\/\/www.kormoran.si\/kormoranw\/index.php?rest_route=\/wp\/v2\/types\/product"}],"replies":[{"embeddable":true,"href":"https:\/\/www.kormoran.si\/kormoranw\/index.php?rest_route=%2Fwp%2Fv2%2Fcomments&post=7286"}],"wp:featuredmedia":[{"embeddable":true,"href":"https:\/\/www.kormoran.si\/kormoranw\/index.php?rest_route=\/wp\/v2\/media\/7287"}],"wp:attachment":[{"href":"https:\/\/www.kormoran.si\/kormoranw\/index.php?rest_route=%2Fwp%2Fv2%2Fmedia&parent=7286"}],"wp:term":[{"taxonomy":"product_cat","embeddable":true,"href":"https:\/\/www.kormoran.si\/kormoranw\/index.php?rest_route=%2Fwp%2Fv2%2Fproduct_cat&post=7286"},{"taxonomy":"product_tag","embeddable":true,"href":"https:\/\/www.kormoran.si\/kormoranw\/index.php?rest_route=%2Fwp%2Fv2%2Fproduct_tag&post=7286"}],"curies":[{"name":"wp","href":"https:\/\/api.w.org\/{rel}","templated":true}]}}