{"id":7470,"date":"2023-01-24T12:55:56","date_gmt":"2023-01-24T12:55:56","guid":{"rendered":"http:\/\/www.kormoran.si\/kormoranw\/?post_type=product&#038;p=7470"},"modified":"2023-01-24T12:55:56","modified_gmt":"2023-01-24T12:55:56","slug":"camping-multifunkcijska-svetilka-mikado","status":"publish","type":"product","link":"https:\/\/www.kormoran.si\/kormoranw\/?product=camping-multifunkcijska-svetilka-mikado","title":{"rendered":"Camping multifunkcijska svetilka Mikado"},"content":{"rendered":"<p>Univerzalna svetilka,<\/p>\n<p>opremljena s 3 W &#8220;High Power Cree&#8221; LED, 13 belimi LED in 2 rde\u010dima LED. Deluje lahko v 3 na\u010dinih: kot svetilka za pohod, ki sveti naprej s polno mo\u010djo 3-vatne CREE diode, kot svetilka, ki osvetljuje vse naokoli z mo\u010djo 13 belih LED diod in kot opozorilna svetilka, ki oddaja utripajo\u010do rde\u010do svetlobo. Napaja se s tremi AAA baterijami, tehta 125 gramov.<\/p>\n","protected":false},"excerpt":{"rendered":"<p>Multifunkcijska svetilka Mikado<\/p>\n","protected":false},"featured_media":7471,"comment_status":"open","ping_status":"closed","template":"","meta":{"spay_email":""},"product_cat":[119],"product_tag":[],"_links":{"self":[{"href":"https:\/\/www.kormoran.si\/kormoranw\/index.php?rest_route=\/wp\/v2\/product\/7470"}],"collection":[{"href":"https:\/\/www.kormoran.si\/kormoranw\/index.php?rest_route=\/wp\/v2\/product"}],"about":[{"href":"https:\/\/www.kormoran.si\/kormoranw\/index.php?rest_route=\/wp\/v2\/types\/product"}],"replies":[{"embeddable":true,"href":"https:\/\/www.kormoran.si\/kormoranw\/index.php?rest_route=%2Fwp%2Fv2%2Fcomments&post=7470"}],"wp:featuredmedia":[{"embeddable":true,"href":"https:\/\/www.kormoran.si\/kormoranw\/index.php?rest_route=\/wp\/v2\/media\/7471"}],"wp:attachment":[{"href":"https:\/\/www.kormoran.si\/kormoranw\/index.php?rest_route=%2Fwp%2Fv2%2Fmedia&parent=7470"}],"wp:term":[{"taxonomy":"product_cat","embeddable":true,"href":"https:\/\/www.kormoran.si\/kormoranw\/index.php?rest_route=%2Fwp%2Fv2%2Fproduct_cat&post=7470"},{"taxonomy":"product_tag","embeddable":true,"href":"https:\/\/www.kormoran.si\/kormoranw\/index.php?rest_route=%2Fwp%2Fv2%2Fproduct_tag&post=7470"}],"curies":[{"name":"wp","href":"https:\/\/api.w.org\/{rel}","templated":true}]}}