{"id":7492,"date":"2023-01-25T08:10:03","date_gmt":"2023-01-25T08:10:03","guid":{"rendered":"http:\/\/www.kormoran.si\/kormoranw\/?post_type=product&#038;p=7492"},"modified":"2025-01-24T09:10:28","modified_gmt":"2025-01-24T09:10:28","slug":"hobby-cat-bio-clean-posip-za-macke-5kg","status":"publish","type":"product","link":"https:\/\/www.kormoran.si\/kormoranw\/?product=hobby-cat-bio-clean-posip-za-macke-5kg","title":{"rendered":"Hobby cat Bio clean posip za ma\u010dke, 5Kg"},"content":{"rendered":"<p><span style=\"font-family: arial, helvetica, sans-serif;\">Zaradi u\u010dinkovite tvorbe sprimkov jih lahko odstranjujemo z lopatko in pesek samo dosipamo in ga ne zamenjujemo v celoti. V posodo ga nasipamo do vi\u0161ine 7 cm. Novo polnjenje je priporo\u010dljivo nekje na 2-4 tedne. Zaradi dodatka bentonita ima pesek antibakterijski u\u010dinek. Pakiran je v impregnirani papirnati nosilni vre\u010di s prostornino 10 kg. Uporabljen pesek je priporo\u010dljivo odvre\u010di v smeti skupaj s hi\u0161nimi odpadki.<\/span><\/p>\n","protected":false},"excerpt":{"rendered":"<ul>\n<li><span style=\"font-family: arial, helvetica, sans-serif;\">Tvori sprimke<\/span><\/li>\n<li><span style=\"font-family: arial, helvetica, sans-serif;\">Lahko odstranljiv z lopatko<\/span><\/li>\n<li><span style=\"font-family: arial, helvetica, sans-serif;\">za dosipanje<\/span><\/li>\n<li><span style=\"font-family: arial, helvetica, sans-serif;\">antibakterijski u\u010dinek<\/span><\/li>\n<li><span style=\"font-family: arial, helvetica, sans-serif;\">5 Kg<\/span><\/li>\n<\/ul>\n","protected":false},"featured_media":7493,"comment_status":"open","ping_status":"closed","template":"","meta":{"spay_email":""},"product_cat":[83,79],"product_tag":[],"_links":{"self":[{"href":"https:\/\/www.kormoran.si\/kormoranw\/index.php?rest_route=\/wp\/v2\/product\/7492"}],"collection":[{"href":"https:\/\/www.kormoran.si\/kormoranw\/index.php?rest_route=\/wp\/v2\/product"}],"about":[{"href":"https:\/\/www.kormoran.si\/kormoranw\/index.php?rest_route=\/wp\/v2\/types\/product"}],"replies":[{"embeddable":true,"href":"https:\/\/www.kormoran.si\/kormoranw\/index.php?rest_route=%2Fwp%2Fv2%2Fcomments&post=7492"}],"wp:featuredmedia":[{"embeddable":true,"href":"https:\/\/www.kormoran.si\/kormoranw\/index.php?rest_route=\/wp\/v2\/media\/7493"}],"wp:attachment":[{"href":"https:\/\/www.kormoran.si\/kormoranw\/index.php?rest_route=%2Fwp%2Fv2%2Fmedia&parent=7492"}],"wp:term":[{"taxonomy":"product_cat","embeddable":true,"href":"https:\/\/www.kormoran.si\/kormoranw\/index.php?rest_route=%2Fwp%2Fv2%2Fproduct_cat&post=7492"},{"taxonomy":"product_tag","embeddable":true,"href":"https:\/\/www.kormoran.si\/kormoranw\/index.php?rest_route=%2Fwp%2Fv2%2Fproduct_tag&post=7492"}],"curies":[{"name":"wp","href":"https:\/\/api.w.org\/{rel}","templated":true}]}}