{"id":7570,"date":"2023-03-01T10:29:46","date_gmt":"2023-03-01T10:29:46","guid":{"rendered":"http:\/\/www.kormoran.si\/kormoranw\/?post_type=product&#038;p=7570"},"modified":"2026-03-18T08:48:46","modified_gmt":"2026-03-18T08:48:46","slug":"obtezeni-krmilnik","status":"publish","type":"product","link":"https:\/\/www.kormoran.si\/kormoranw\/?product=obtezeni-krmilnik","title":{"rendered":"Krmilnik &#8211; obte\u017een"},"content":{"rendered":"<p>Drsna rebrasta ko\u0161ara za hranjenje znamke Energo Team. Nepogre\u0161ljivo orodje za kraparje, ki uporablja z metodo lova na dnu, se lahko v nekaj minutah spremeni v zelo preprosto in morda naju\u010dinkovitej\u0161o kon\u010dno opremo.<\/p>\n<p>Krmilniki, ki drsijo po najlonu so primerni za talni ribolov in so enostavni za pritrditi.<\/p>\n","protected":false},"excerpt":{"rendered":"<ul style=\"list-style-type: disc;\">\n<li>Za talni ribolov<\/li>\n<li>Enostavna uporaba<\/li>\n<li>Te\u017ea: 20g<\/li>\n<\/ul>\n","protected":false},"featured_media":10752,"comment_status":"open","ping_status":"closed","template":"","meta":{"spay_email":""},"product_cat":[36,58],"product_tag":[],"_links":{"self":[{"href":"https:\/\/www.kormoran.si\/kormoranw\/index.php?rest_route=\/wp\/v2\/product\/7570"}],"collection":[{"href":"https:\/\/www.kormoran.si\/kormoranw\/index.php?rest_route=\/wp\/v2\/product"}],"about":[{"href":"https:\/\/www.kormoran.si\/kormoranw\/index.php?rest_route=\/wp\/v2\/types\/product"}],"replies":[{"embeddable":true,"href":"https:\/\/www.kormoran.si\/kormoranw\/index.php?rest_route=%2Fwp%2Fv2%2Fcomments&post=7570"}],"wp:featuredmedia":[{"embeddable":true,"href":"https:\/\/www.kormoran.si\/kormoranw\/index.php?rest_route=\/wp\/v2\/media\/10752"}],"wp:attachment":[{"href":"https:\/\/www.kormoran.si\/kormoranw\/index.php?rest_route=%2Fwp%2Fv2%2Fmedia&parent=7570"}],"wp:term":[{"taxonomy":"product_cat","embeddable":true,"href":"https:\/\/www.kormoran.si\/kormoranw\/index.php?rest_route=%2Fwp%2Fv2%2Fproduct_cat&post=7570"},{"taxonomy":"product_tag","embeddable":true,"href":"https:\/\/www.kormoran.si\/kormoranw\/index.php?rest_route=%2Fwp%2Fv2%2Fproduct_tag&post=7570"}],"curies":[{"name":"wp","href":"https:\/\/api.w.org\/{rel}","templated":true}]}}