{"id":7717,"date":"2023-09-02T06:44:51","date_gmt":"2023-09-02T06:44:51","guid":{"rendered":"http:\/\/www.kormoran.si\/kormoranw\/?post_type=product&#038;p=7717"},"modified":"2026-02-09T14:11:52","modified_gmt":"2026-02-09T14:11:52","slug":"omara-za-orozje-gun-5","status":"publish","type":"product","link":"https:\/\/www.kormoran.si\/kormoranw\/?product=omara-za-orozje-gun-5","title":{"rendered":"Omara za oro\u017eje GUN-5"},"content":{"rendered":"<p><strong>Tehni\u010dne zna\u010dilnosti<\/strong><\/p>\n<ul>\n<li>Zunanje mere : (Vx\u0160xG) 1500X370X265 mm<\/li>\n<li>Notranje mere : (Vx\u0160xG) 1245X365X240 mm<\/li>\n<li>Te\u017ea kg: 15.00<\/li>\n<li>Volumen l: 98,00<\/li>\n<\/ul>\n<p><strong>Zaklepanje<\/strong><\/p>\n<ul>\n<li>Cilindri\u010dna klju\u010davnica z 2 klju\u010dema<\/li>\n<\/ul>\n<p><strong>Opis<\/strong><\/p>\n<ul>\n<li>Enostenska omara za oro\u017eje iz visokokakovostne jeklene plo\u010devine<\/li>\n<li>2 lo\u010dena predala za 5 dolgih pu\u0161k in streliva<\/li>\n<li>Najve\u010dja vi\u0161ina oro\u017eja 1245 mm<\/li>\n<li>Notranji te\u010daji &#8211; kot odpiranja 90\u00b0<\/li>\n<li>Dr\u017ealo za \u010distilno palico na notranji strani vrat, dr\u017ealo za oro\u017eje<\/li>\n<li>1 leto garancije<\/li>\n<\/ul>\n<p><strong>Monta\u017ea<\/strong><\/p>\n<ul>\n<li>Vnaprej izvrtane luknje v dnu in na zadnji strani ohi\u0161ja pi\u0161tole<\/li>\n<li>Pritrjevanje je vedno priporo\u010dljivo<\/li>\n<li>Prilo\u017eena navodila za namestitev in uporabo<\/li>\n<\/ul>\n<p>* Zaradi okovja se zunanja globina pove\u010da za 15 mm<\/p>\n<p>&nbsp;<\/p>\n","protected":false},"excerpt":{"rendered":"<p>Rottnerjeva omara za oro\u017eje Gun 5 s klju\u010davnico na klju\u010d je sestavljena iz dveh lo\u010deno zaklenjenih predelkov. Zgornji predal za strelivo je zaklenjen s cilindri\u010dno klju\u010davnico (2 klju\u010da), spodnji predal se odpre s klju\u010dem za. Ponuja prostor za 5 dolgih pi\u0161tol in ima dr\u017ealo za \u010distilno palico na notranji strani vrat. Priporo\u010dljivo je sidranje, monta\u017eni material je prilo\u017een.<\/p>\n","protected":false},"featured_media":7725,"comment_status":"open","ping_status":"closed","template":"","meta":{"spay_email":""},"product_cat":[32],"product_tag":[],"_links":{"self":[{"href":"https:\/\/www.kormoran.si\/kormoranw\/index.php?rest_route=\/wp\/v2\/product\/7717"}],"collection":[{"href":"https:\/\/www.kormoran.si\/kormoranw\/index.php?rest_route=\/wp\/v2\/product"}],"about":[{"href":"https:\/\/www.kormoran.si\/kormoranw\/index.php?rest_route=\/wp\/v2\/types\/product"}],"replies":[{"embeddable":true,"href":"https:\/\/www.kormoran.si\/kormoranw\/index.php?rest_route=%2Fwp%2Fv2%2Fcomments&post=7717"}],"wp:featuredmedia":[{"embeddable":true,"href":"https:\/\/www.kormoran.si\/kormoranw\/index.php?rest_route=\/wp\/v2\/media\/7725"}],"wp:attachment":[{"href":"https:\/\/www.kormoran.si\/kormoranw\/index.php?rest_route=%2Fwp%2Fv2%2Fmedia&parent=7717"}],"wp:term":[{"taxonomy":"product_cat","embeddable":true,"href":"https:\/\/www.kormoran.si\/kormoranw\/index.php?rest_route=%2Fwp%2Fv2%2Fproduct_cat&post=7717"},{"taxonomy":"product_tag","embeddable":true,"href":"https:\/\/www.kormoran.si\/kormoranw\/index.php?rest_route=%2Fwp%2Fv2%2Fproduct_tag&post=7717"}],"curies":[{"name":"wp","href":"https:\/\/api.w.org\/{rel}","templated":true}]}}