{"id":8690,"date":"2024-12-16T14:54:01","date_gmt":"2024-12-16T14:54:01","guid":{"rendered":"https:\/\/www.kormoran.si\/kormoranw\/?post_type=product&#038;p=8690"},"modified":"2025-12-13T07:47:00","modified_gmt":"2025-12-13T07:47:00","slug":"fluna-gun-degreaser","status":"publish","type":"product","link":"https:\/\/www.kormoran.si\/kormoranw\/?product=fluna-gun-degreaser","title":{"rendered":"\u010cistilo Fluna Gun Degreaser"},"content":{"rendered":"<p><span style=\"font-family: arial, helvetica, sans-serif; font-size: 12pt;\"><em><strong>Fluna Tec Degreaser<\/strong><\/em>\u00a0je specialen razma\u0161\u010devalec in posebno \u010distilo, ki iz kovin odstrani olja, ma\u0161\u010dobe, vosek, itd.<\/span><\/p>\n<p><span style=\"font-family: arial, helvetica, sans-serif; font-size: 12pt;\">Fluna Tec Degreaser s kovine odstrani ostanke\u00a0<em>smodnika<\/em>,<em>\u00a0prahu<\/em>\u00a0in\u00a0<em>potu<\/em>. Fluna Tec Degreaser se lahko uporablja za ro\u010dno \u010di\u0161\u010denje in za \u010di\u0161\u010denje v ultra zvo\u010dnih banjicah.\u00a0<\/span><\/p>\n<p><span style=\"font-family: arial, helvetica, sans-serif; font-size: 12pt;\"><em><strong>Fluna Tec Degreaser<\/strong><\/em><strong>\u00a0je odli\u010dna priprava oro\u017eja, preden prvi\u010d nanesemo\u00a0Fluna Tec Gun Coating.<\/strong><\/span><\/p>\n<p><span style=\"font-family: arial, helvetica, sans-serif; font-size: 12pt;\"><strong><em>Zna\u010dilnosti:<\/em><\/strong><\/span><br \/>\n<span style=\"font-family: arial, helvetica, sans-serif; font-size: 12pt;\">\u2022 Isto\u010dasno odstranjuje umazanijo in razma\u0161\u010duje.<\/span><br \/>\n<span style=\"font-family: arial, helvetica, sans-serif; font-size: 12pt;\">\u2022 Enostaven je za uporabo in ni agresiven za gumo in plastiko.<\/span><\/p>\n<p><span style=\"font-family: arial, helvetica, sans-serif; font-size: 12pt;\"><strong><em>Uporaba:<\/em><\/strong><\/span><br \/>\n<span style=\"font-family: arial, helvetica, sans-serif; font-size: 12pt;\">Fluna Tec Degreaser se uporablja:<\/span><br \/>\n<span style=\"font-family: arial, helvetica, sans-serif; font-size: 12pt;\">&#8211; za razma\u0161\u010devanje oro\u017eja pred nanosom Fluna Tec Gun Coating,<\/span><br \/>\n<span style=\"font-family: arial, helvetica, sans-serif; font-size: 12pt;\">&#8211; za \u010di\u0161\u010denje oro\u017eja in odstranjevanje ostankov smodnika, olj, masti, voska in potu.<\/span><\/p>\n<p>&nbsp;<\/p>\n<div class=\"jetpack-video-wrapper\"><iframe loading=\"lazy\" title=\"A1 Titurial Fluna Gun Coating de\" width=\"750\" height=\"422\" src=\"https:\/\/www.youtube.com\/embed\/HIo_EyEK-_w?feature=oembed\" frameborder=\"0\" allow=\"accelerometer; autoplay; clipboard-write; encrypted-media; gyroscope; picture-in-picture; web-share\" referrerpolicy=\"strict-origin-when-cross-origin\" allowfullscreen><\/iframe><\/div>\n","protected":false},"excerpt":{"rendered":"<p><span style=\"font-family: arial, helvetica, sans-serif; font-size: 12pt;\">Made in Austria<\/span><\/p>\n<p><span style=\"font-family: arial, helvetica, sans-serif; font-size: 12pt;\">100 ml<\/span><\/p>\n","protected":false},"featured_media":8692,"comment_status":"open","ping_status":"closed","template":"","meta":{"spay_email":""},"product_cat":[22,30],"product_tag":[],"_links":{"self":[{"href":"https:\/\/www.kormoran.si\/kormoranw\/index.php?rest_route=\/wp\/v2\/product\/8690"}],"collection":[{"href":"https:\/\/www.kormoran.si\/kormoranw\/index.php?rest_route=\/wp\/v2\/product"}],"about":[{"href":"https:\/\/www.kormoran.si\/kormoranw\/index.php?rest_route=\/wp\/v2\/types\/product"}],"replies":[{"embeddable":true,"href":"https:\/\/www.kormoran.si\/kormoranw\/index.php?rest_route=%2Fwp%2Fv2%2Fcomments&post=8690"}],"wp:featuredmedia":[{"embeddable":true,"href":"https:\/\/www.kormoran.si\/kormoranw\/index.php?rest_route=\/wp\/v2\/media\/8692"}],"wp:attachment":[{"href":"https:\/\/www.kormoran.si\/kormoranw\/index.php?rest_route=%2Fwp%2Fv2%2Fmedia&parent=8690"}],"wp:term":[{"taxonomy":"product_cat","embeddable":true,"href":"https:\/\/www.kormoran.si\/kormoranw\/index.php?rest_route=%2Fwp%2Fv2%2Fproduct_cat&post=8690"},{"taxonomy":"product_tag","embeddable":true,"href":"https:\/\/www.kormoran.si\/kormoranw\/index.php?rest_route=%2Fwp%2Fv2%2Fproduct_tag&post=8690"}],"curies":[{"name":"wp","href":"https:\/\/api.w.org\/{rel}","templated":true}]}}