{"id":9056,"date":"2025-03-15T10:47:13","date_gmt":"2025-03-15T10:47:13","guid":{"rendered":"https:\/\/www.kormoran.si\/kormoranw\/?post_type=product&#038;p=9056"},"modified":"2026-03-10T14:44:14","modified_gmt":"2026-03-10T14:44:14","slug":"wizard-swimbait-paddle-shad","status":"publish","type":"product","link":"https:\/\/www.kormoran.si\/kormoranw\/?product=wizard-swimbait-paddle-shad","title":{"rendered":"WIZARD SWIMBAIT PADDLE SHAD BLUEGHOST"},"content":{"rendered":"<p><span style=\"font-family: arial, helvetica, sans-serif; font-size: 12pt;\">Wizard Swimbait &#8211; Paddle Shad<\/span><\/p>\n<p><span style=\"font-family: arial, helvetica, sans-serif; font-size: 12pt;\">To je specializirana vaba s svin\u010deno ute\u017ejo, ki je integrirana neposredno v mehko silikonsko telo, kar ustvarja brez\u0161iven, enoten videz in gibanje. To je lahko \u0161e posebej koristno, saj se plenilci pri lovu na plen pogosto mo\u010dno zana\u0161ajo na svoj vid.<\/span><\/p>\n<p><span style=\"font-family: arial, helvetica, sans-serif; font-size: 12pt;\">Svojo vrvico lahko pritrdite na zanko nad glavo, kar vabi daje edinstveno delovanje.<\/span><\/p>\n<p><span style=\"font-family: arial, helvetica, sans-serif; font-size: 12pt;\">Ohi\u0161je plavalne vabe je pro\u017eno, njena svetla, drzna barva pa dra\u017ei plenilce in jih izzove, da udarijo.<\/span><\/p>\n<p><span style=\"font-family: arial, helvetica, sans-serif; font-size: 12pt;\">Glede na veliko velikost vabe en trnek morda ne bo vedno popolnoma zavaroval udarca. Zato lahko spodaj pritrdite dodatno kljuko za bolj\u0161e mo\u017enosti trdne povezave.<\/span><\/p>\n<p><span style=\"font-family: arial, helvetica, sans-serif; font-size: 12pt;\">Naj vas ne prestra\u0161i velikost vabe; napadejo jo tudi manj\u0161e \u0161\u010duke, trofejne pa \u0161e bolj pritegnejo.<\/span><\/p>\n","protected":false},"excerpt":{"rendered":"<p><span style=\"font-family: arial, helvetica, sans-serif; font-size: 12pt;\">Velikost: 5 cm<\/span><\/p>\n<p>&nbsp;<\/p>\n","protected":false},"featured_media":10291,"comment_status":"open","ping_status":"closed","template":"","meta":{"spay_email":""},"product_cat":[36,55],"product_tag":[],"_links":{"self":[{"href":"https:\/\/www.kormoran.si\/kormoranw\/index.php?rest_route=\/wp\/v2\/product\/9056"}],"collection":[{"href":"https:\/\/www.kormoran.si\/kormoranw\/index.php?rest_route=\/wp\/v2\/product"}],"about":[{"href":"https:\/\/www.kormoran.si\/kormoranw\/index.php?rest_route=\/wp\/v2\/types\/product"}],"replies":[{"embeddable":true,"href":"https:\/\/www.kormoran.si\/kormoranw\/index.php?rest_route=%2Fwp%2Fv2%2Fcomments&post=9056"}],"wp:featuredmedia":[{"embeddable":true,"href":"https:\/\/www.kormoran.si\/kormoranw\/index.php?rest_route=\/wp\/v2\/media\/10291"}],"wp:attachment":[{"href":"https:\/\/www.kormoran.si\/kormoranw\/index.php?rest_route=%2Fwp%2Fv2%2Fmedia&parent=9056"}],"wp:term":[{"taxonomy":"product_cat","embeddable":true,"href":"https:\/\/www.kormoran.si\/kormoranw\/index.php?rest_route=%2Fwp%2Fv2%2Fproduct_cat&post=9056"},{"taxonomy":"product_tag","embeddable":true,"href":"https:\/\/www.kormoran.si\/kormoranw\/index.php?rest_route=%2Fwp%2Fv2%2Fproduct_tag&post=9056"}],"curies":[{"name":"wp","href":"https:\/\/api.w.org\/{rel}","templated":true}]}}