{"id":9113,"date":"2025-03-27T09:49:10","date_gmt":"2025-03-27T09:49:10","guid":{"rendered":"https:\/\/www.kormoran.si\/kormoranw\/?post_type=product&#038;p=9113"},"modified":"2025-03-27T09:56:17","modified_gmt":"2025-03-27T09:56:17","slug":"ribiska-palica-carp-expert-supreme-bolo-6m","status":"publish","type":"product","link":"https:\/\/www.kormoran.si\/kormoranw\/?product=ribiska-palica-carp-expert-supreme-bolo-6m","title":{"rendered":"Ribi\u0161ka palica CARP EXPERT SUPREME BOLO 6m"},"content":{"rendered":"<p><span style=\"font-family: arial, helvetica, sans-serif; font-size: 12pt;\">CARP EXPERT SUPREME BOLO PALICA<\/span><\/p>\n<p><span style=\"font-family: arial, helvetica, sans-serif; font-size: 12pt;\">Ta palica, izdelana iz karbona IM8, nudi zelo tog in robusten ob\u010dutek, kar omogo\u010da hitre in odlo\u010dne reakcije na udarce. \u0160e posebej je priporo\u010dljiv za re\u010dni ribolov, kjer se ribe zaradi hitrega toka nagibajo k agresivnemu hranjenju, kar pu\u0161\u010da malo \u010dasa za oklevanje. To vklju\u010duje vrste, kot je mrena, ki zahtevajo hitre reakcije, ki jih zagotavlja visokokakovostna palica, kot je Carp Expert Supreme Bolo.<\/span><\/p>\n<p><span style=\"font-family: arial, helvetica, sans-serif; font-size: 12pt;\">Z metno te\u017eo 8-20 g je bolj primeren za manj\u0161e plovce!<\/span><\/p>\n<p><span style=\"font-family: arial, helvetica, sans-serif; font-size: 12pt;\">\u017de na prvi pogled iz\u017eareva izrazit temen zna\u010daj s \u010drno osnovno barvo, ki jo krasijo srebrni in beli napisi ter rde\u010di vzorci!<\/span><\/p>\n<p><span style=\"font-family: arial, helvetica, sans-serif; font-size: 12pt;\">Razdalja od dna dr\u017eala koluta do konca palice je 41 cm, zaradi \u010desar je popolnoma primerna za povpre\u010dno dol\u017eino podlakti ribi\u010da. Ni niti predolgo, da bi ovirala uporabnost, niti prekratko, da bi bilo rokovanje z njim neprijetno. Merjeno v \u0161tevilkah, se njegova debelina giblje od 18-20-23 mm za 4-5-6-metrske razli\u010dice.<\/span><\/p>\n<p><span style=\"font-family: arial, helvetica, sans-serif; font-size: 12pt;\">Ko se premaknete po palici navzgor, boste opazili robusten komplet obro\u010dev, ki je zasnovan tako, da zaradi posebne konstrukcije prepre\u010duje zvijanje vrvice. Je lahek in prijeten na pogled. Njegovi vlo\u017eki SIC zagotavljajo, da tudi najtanj\u0161e monofilamentne vrvice ostanejo nepo\u0161kodovane!<\/span><\/p>\n<p><span style=\"font-family: arial, helvetica, sans-serif; font-size: 12pt;\">Priporo\u010dena debelina \u010drte za Carp Expert Supreme Bolo:<\/span><\/p>\n<p><span style=\"font-family: arial, helvetica, sans-serif; font-size: 12pt;\">Glavni vod: 0,14 &#8211; 0,18 mm<\/span><\/p>\n<p><span style=\"font-family: arial, helvetica, sans-serif; font-size: 12pt;\">Leader: 0,12 &#8211; 0,16 mm<\/span><\/p>\n<p><span style=\"font-family: arial, helvetica, sans-serif; font-size: 12pt;\">Ti premeri zagotavljajo, da so zna\u010dilnosti in lastnosti palice v celoti izkori\u0161\u010dene. Vendar to ne pomeni, da je palica nezlomljiva. Pravilna izbira linij nas ne odvezuje od previdne in spretne uporabe! Zato je klju\u010dnega pomena, da uporabite podvozno mre\u017eo z dol\u017eino ro\u010daja vsaj 3 metre in palice ne dr\u017eite pod kotom, kjer se konica preve\u010d upogne. \u010ce se odlo\u010dite, da boste ribo &#8220;dvignili&#8221; iz vode, to storite z odlo\u010dnim, enakomernim gibom, ko je riba pod visokim kotom, da zmanj\u0161ate obremenitev palice.<\/span><\/p>\n<p><span style=\"font-family: arial, helvetica, sans-serif; font-size: 12pt;\">Na konici je name\u0161\u010den drsni obro\u010d, ki omogo\u010da enakomerno porazdelitev pritiska.<\/span><\/p>\n<p><span style=\"font-family: arial, helvetica, sans-serif; font-size: 12pt;\">Izku\u0161enim ribi\u010dem priporo\u010damo tudi Carp Expert Supreme Bolo, saj bo resni\u010dno izbolj\u0161al na\u0161e izku\u0161nje ribolova na reki!<\/span><\/p>\n","protected":false},"excerpt":{"rendered":"<p><span style=\"font-family: arial, helvetica, sans-serif; font-size: 12pt;\">Dol\u017eina: 6m<\/span><br \/>\n<span style=\"font-family: arial, helvetica, sans-serif; font-size: 12pt;\">Akcija: 8-20g<\/span><br \/>\n<span style=\"font-family: arial, helvetica, sans-serif; font-size: 12pt;\">Te\u017ea: 340g<\/span><\/p>\n","protected":false},"featured_media":9114,"comment_status":"open","ping_status":"closed","template":"","meta":{"spay_email":""},"product_cat":[36,61],"product_tag":[],"_links":{"self":[{"href":"https:\/\/www.kormoran.si\/kormoranw\/index.php?rest_route=\/wp\/v2\/product\/9113"}],"collection":[{"href":"https:\/\/www.kormoran.si\/kormoranw\/index.php?rest_route=\/wp\/v2\/product"}],"about":[{"href":"https:\/\/www.kormoran.si\/kormoranw\/index.php?rest_route=\/wp\/v2\/types\/product"}],"replies":[{"embeddable":true,"href":"https:\/\/www.kormoran.si\/kormoranw\/index.php?rest_route=%2Fwp%2Fv2%2Fcomments&post=9113"}],"wp:featuredmedia":[{"embeddable":true,"href":"https:\/\/www.kormoran.si\/kormoranw\/index.php?rest_route=\/wp\/v2\/media\/9114"}],"wp:attachment":[{"href":"https:\/\/www.kormoran.si\/kormoranw\/index.php?rest_route=%2Fwp%2Fv2%2Fmedia&parent=9113"}],"wp:term":[{"taxonomy":"product_cat","embeddable":true,"href":"https:\/\/www.kormoran.si\/kormoranw\/index.php?rest_route=%2Fwp%2Fv2%2Fproduct_cat&post=9113"},{"taxonomy":"product_tag","embeddable":true,"href":"https:\/\/www.kormoran.si\/kormoranw\/index.php?rest_route=%2Fwp%2Fv2%2Fproduct_tag&post=9113"}],"curies":[{"name":"wp","href":"https:\/\/api.w.org\/{rel}","templated":true}]}}