{"id":9161,"date":"2025-05-08T12:21:22","date_gmt":"2025-05-08T12:21:22","guid":{"rendered":"https:\/\/www.kormoran.si\/kormoranw\/?post_type=product&#038;p=9161"},"modified":"2026-04-22T11:13:16","modified_gmt":"2026-04-22T09:13:16","slug":"mesanica-3-semen-timar-mix-koruza-psenica-konoplja","status":"publish","type":"product","link":"https:\/\/www.kormoran.si\/kormoranw\/?product=mesanica-3-semen-timar-mix-koruza-psenica-konoplja","title":{"rendered":"Me\u0161anica 3 semen (koruza, p\u0161enica, konoplja)"},"content":{"rendered":"<p><span style=\"font-family: arial, helvetica, sans-serif; font-size: 12pt;\">CARP EXPERT 6 MONTHS SPODMIX 1KG<\/span><\/p>\n<p><span dir=\"auto\" style=\"font-family: arial, helvetica, sans-serif; font-size: 12pt;\">Uporaba kuhanih semen je nujna pri ribolovu na orade, koreslja, krapa in amurja!<\/span><\/p>\n<p><span dir=\"auto\" style=\"font-family: arial, helvetica, sans-serif; font-size: 12pt;\">Tukaj govorimo predvsem o p\u0161enici in koruzi, sestavinama v spodmixu pa so dodana tudi konopljina semena.<\/span><\/p>\n<p><span dir=\"auto\" style=\"font-family: arial, helvetica, sans-serif; font-size: 12pt;\">Zagotavljajo hrano, bogato tako z beljakovinami kot z ogljikovimi hidrati.<\/span><\/p>\n<p><span dir=\"auto\" style=\"font-family: arial, helvetica, sans-serif; font-size: 12pt;\">Prednost kuhanih semen v primerjavi s suhimi ali namo\u010denimi je v tem, da jih ribe veliko bolj radi pojedo in jih veliko la\u017eje in hitreje prebavijo. Tako nam ni treba skrbeti, da bodo ribe, ki so za\u0161le v na\u0161o krmi\u0161\u010de, \u017eelele hrano spet dobiti \u0161ele \u010dez 1-2 dni.<\/span><\/p>\n<p><span dir=\"auto\" style=\"font-family: arial, helvetica, sans-serif; font-size: 12pt;\">To je \u0161e posebej pomembno v jezerih in drugih naravnih vodah z nizko gostoto rib.<\/span><\/p>\n<p><span dir=\"auto\" style=\"font-family: arial, helvetica, sans-serif; font-size: 12pt;\">Prodajajo se v neokusnih razli\u010dicah, zato jih ribam ponudimo v tak\u0161nem stanju ali pa lahko nadzorujemo, kateri okus in koliko ga dodamo v me\u0161anico.<\/span><\/p>\n<p><span dir=\"auto\" style=\"font-family: arial, helvetica, sans-serif; font-size: 12pt;\">Aromatizacija je priporo\u010dljiva predvsem spomladi in jeseni, v poletni sezoni pa sta njihov naravni, naravni okus in vonj neponovljiva. \u0160e posebej jih priporo\u010damo za ribolov z bojli in ture, saj imajo veliki krapi in amurji prav tako raje majhna semena kot bojlije ali pelete. Pomena koruze ni treba posebej razlagati.<\/span><\/p>\n<p><span dir=\"auto\" style=\"font-family: arial, helvetica, sans-serif; font-size: 12pt;\">Z lahkoto in v velikih koli\u010dinah ga je mogo\u010de dostaviti z bombo ali raketo. Zaradi ugodnih cen, ki se uporablja v velikih koli\u010dinah, je primeren tudi za privajanje na hrano.<\/span><\/p>\n<p>&nbsp;<\/p>\n","protected":false},"excerpt":{"rendered":"<p><span style=\"font-family: arial, helvetica, sans-serif; font-size: 12pt;\">Te\u017ea: 1kg<\/span><\/p>\n","protected":false},"featured_media":10922,"comment_status":"open","ping_status":"closed","template":"","meta":{"spay_email":""},"product_cat":[36,52],"product_tag":[],"_links":{"self":[{"href":"https:\/\/www.kormoran.si\/kormoranw\/index.php?rest_route=\/wp\/v2\/product\/9161"}],"collection":[{"href":"https:\/\/www.kormoran.si\/kormoranw\/index.php?rest_route=\/wp\/v2\/product"}],"about":[{"href":"https:\/\/www.kormoran.si\/kormoranw\/index.php?rest_route=\/wp\/v2\/types\/product"}],"replies":[{"embeddable":true,"href":"https:\/\/www.kormoran.si\/kormoranw\/index.php?rest_route=%2Fwp%2Fv2%2Fcomments&post=9161"}],"wp:featuredmedia":[{"embeddable":true,"href":"https:\/\/www.kormoran.si\/kormoranw\/index.php?rest_route=\/wp\/v2\/media\/10922"}],"wp:attachment":[{"href":"https:\/\/www.kormoran.si\/kormoranw\/index.php?rest_route=%2Fwp%2Fv2%2Fmedia&parent=9161"}],"wp:term":[{"taxonomy":"product_cat","embeddable":true,"href":"https:\/\/www.kormoran.si\/kormoranw\/index.php?rest_route=%2Fwp%2Fv2%2Fproduct_cat&post=9161"},{"taxonomy":"product_tag","embeddable":true,"href":"https:\/\/www.kormoran.si\/kormoranw\/index.php?rest_route=%2Fwp%2Fv2%2Fproduct_tag&post=9161"}],"curies":[{"name":"wp","href":"https:\/\/api.w.org\/{rel}","templated":true}]}}