{"id":9192,"date":"2025-05-19T09:46:17","date_gmt":"2025-05-19T09:46:17","guid":{"rendered":"https:\/\/www.kormoran.si\/kormoranw\/?post_type=product&#038;p=9192"},"modified":"2026-04-15T10:30:22","modified_gmt":"2026-04-15T08:30:22","slug":"viking-bolo-400","status":"publish","type":"product","link":"https:\/\/www.kormoran.si\/kormoranw\/?product=viking-bolo-400","title":{"rendered":"Ribi\u0161ka palica Viking bolo 500"},"content":{"rendered":"<p><span style=\"font-family: arial, helvetica, sans-serif; font-size: 12pt;\">V primerjavi s kompozitnimi palicami je ta karbonska palica IM6 lahka in enostavna za uporabo. Je odli\u010dna izbira za za\u010detnike, ki se \u017eelijo nau\u010diti tanko\u010dutnosti ribolova s \u200b\u200bplovcem. Uporabljate jo lahko v rekah in stoje\u010dih vodah. Zaradi ugodne cene in odpornosti na udarce je palica ET Viking Bolo izjemno priljubljena med bolonjskimi ribi\u010di. Za bolj\u0161o porazdelitev te\u017ee je opremljena s SIC vodili. Nedrse\u010d ro\u010daj omogo\u010da varno rokovanje s palico, kar je velika prednost, na primer pri lovljenju rib z mre\u017eo. Tukaj je nekaj nasvetov. Pri ribolovu v stoje\u010di vodi uporabite potapljajo\u010do se vrvico, da prepre\u010dite, da bi veter in tokovi motili va\u0161 plovec. Pri re\u010dnem ribolovu pa velja ravno nasprotno. Vrvica mora biti vedno na povr\u0161ini vode, da lahko nadzorujete plovec.<\/span><\/p>\n<hr \/>\n<div id=\"descriptionbox\">\n<table>\n<tbody>\n<tr>\n<td><span style=\"font-family: arial, helvetica, sans-serif; font-size: 12pt;\"><img class=\"lazyload\" src=\"data:image\/gif;base64,R0lGODlhAQABAAAAACH5BAEKAAEALAAAAAABAAEAAAICTAEAOw==\" data-src=\"https:\/\/images.energofish.hu\/descriptionbox\/akcio_c.png\" alt=\"\" \/><\/span><\/td>\n<td class=\"txt-left\"><span style=\"font-family: arial, helvetica, sans-serif; font-size: 12pt;\">Priljubljene ribi\u0161ke palice z zmerno akcijo. Upogib z zmerno akcijo se razprostira \u010dez zgornji dve tretjini palice. \u010ceprav so palice z zmerno akcijo bolj toge od palic s po\u010dasno akcijo, so dovolj mehke, da prenesejo obremenitev in zmanj\u0161ajo tveganje za izvle\u010denje trnka.<\/span><\/td>\n<\/tr>\n<tr>\n<td><span style=\"font-family: arial, helvetica, sans-serif; font-size: 12pt;\"><img class=\"lazyload\" src=\"data:image\/gif;base64,R0lGODlhAQABAAAAACH5BAEKAAEALAAAAAABAAEAAAICTAEAOw==\" data-src=\"https:\/\/images.energofish.hu\/descriptionbox\/karbon_im6.png\" alt=\"\" \/><\/span><\/td>\n<td class=\"txt-left\"><span style=\"font-family: arial, helvetica, sans-serif; font-size: 12pt;\">Z uporabo karbona IM6 so tehniki uspeli zmanj\u0161ati te\u017eo kakovostnih ribi\u0161kih palic, kar zagotavlja udoben in uspe\u0161en ribolov. Poleg tega so te palice enako mo\u010dne kot enakovredne palice iz steklenih kompozitov.<\/span><\/td>\n<\/tr>\n<tr>\n<td><span style=\"font-family: arial, helvetica, sans-serif; font-size: 12pt;\"><img class=\"lazyload\" src=\"data:image\/gif;base64,R0lGODlhAQABAAAAACH5BAEKAAEALAAAAAABAAEAAAICTAEAOw==\" data-src=\"https:\/\/images.energofish.hu\/descriptionbox\/nyel.png\" alt=\"\" \/><\/span><\/td>\n<td class=\"txt-left\"><span style=\"font-family: arial, helvetica, sans-serif; font-size: 12pt;\">Neverjetna ribi\u0161ka palica z nevsiljivo zasnovo. Udoben ro\u010daj bo zadovoljil vse, ki imajo strast do ribolova. Brez oklevanja dr\u017eite palico v roki \u010dez dolg dan ribolova.<\/span><\/td>\n<\/tr>\n<tr>\n<td><span style=\"font-family: arial, helvetica, sans-serif; font-size: 12pt;\"><img class=\"lazyload\" src=\"data:image\/gif;base64,R0lGODlhAQABAAAAACH5BAEKAAEALAAAAAABAAEAAAICTAEAOw==\" data-src=\"https:\/\/images.energofish.hu\/descriptionbox\/orsotarto.png\" alt=\"\" \/><\/span><\/td>\n<td class=\"txt-left\"><span style=\"font-family: arial, helvetica, sans-serif; font-size: 12pt;\">Plo\u0161\u010dati nosilci kolutov se pogosto uporabljajo na bolonjez in telematch palicah, saj omogo\u010dajo popolno pritrditev koluta na te tanke palice. Zaradi svoje zasnove in zanesljivosti se uporabljajo tudi pri drugih vrstah palic. Njihova uporaba ne more biti preprostej\u0161a. Na palico jih lahko pritrdite v trenutku.<\/span><\/td>\n<\/tr>\n<tr>\n<td><span style=\"font-family: arial, helvetica, sans-serif; font-size: 12pt;\"><img class=\"lazyload\" src=\"data:image\/gif;base64,R0lGODlhAQABAAAAACH5BAEKAAEALAAAAAABAAEAAAICTAEAOw==\" data-src=\"https:\/\/images.energofish.hu\/descriptionbox\/gyuru_sic.png\" alt=\"\" \/><\/span><\/td>\n<td class=\"txt-left\"><span style=\"font-family: arial, helvetica, sans-serif; font-size: 12pt;\">Pri izdelavi SIC vodil lahko tehniki zdaj uporabljajo tanke, lahke o\u010desce. Zahvaljujo\u010d edinstvenim prednostim silicijevega karbida so ta svetlobna vodila ostala trpe\u017ena in odporna proti obrabi.<\/span><\/td>\n<\/tr>\n<\/tbody>\n<\/table>\n<\/div>\n","protected":false},"excerpt":{"rendered":"<ul style=\"list-style-type: disc;\">\n<li><span style=\"font-family: arial, helvetica, sans-serif; font-size: 12pt;\">Dol\u017eina palice: 500cm<\/span><\/li>\n<li><span style=\"font-family: arial, helvetica, sans-serif; font-size: 12pt;\">\u0160tevilo \u010dlenov: 5 delov<\/span><\/li>\n<li><span style=\"font-family: arial, helvetica, sans-serif; font-size: 12pt;\">Akcija: B<\/span><\/li>\n<li><span style=\"font-family: arial, helvetica, sans-serif; font-size: 12pt;\">Te\u017ea palice: 368g<\/span><\/li>\n<\/ul>\n","protected":false},"featured_media":5390,"comment_status":"open","ping_status":"closed","template":"","meta":{"spay_email":""},"product_cat":[61],"product_tag":[],"_links":{"self":[{"href":"https:\/\/www.kormoran.si\/kormoranw\/index.php?rest_route=\/wp\/v2\/product\/9192"}],"collection":[{"href":"https:\/\/www.kormoran.si\/kormoranw\/index.php?rest_route=\/wp\/v2\/product"}],"about":[{"href":"https:\/\/www.kormoran.si\/kormoranw\/index.php?rest_route=\/wp\/v2\/types\/product"}],"replies":[{"embeddable":true,"href":"https:\/\/www.kormoran.si\/kormoranw\/index.php?rest_route=%2Fwp%2Fv2%2Fcomments&post=9192"}],"wp:featuredmedia":[{"embeddable":true,"href":"https:\/\/www.kormoran.si\/kormoranw\/index.php?rest_route=\/wp\/v2\/media\/5390"}],"wp:attachment":[{"href":"https:\/\/www.kormoran.si\/kormoranw\/index.php?rest_route=%2Fwp%2Fv2%2Fmedia&parent=9192"}],"wp:term":[{"taxonomy":"product_cat","embeddable":true,"href":"https:\/\/www.kormoran.si\/kormoranw\/index.php?rest_route=%2Fwp%2Fv2%2Fproduct_cat&post=9192"},{"taxonomy":"product_tag","embeddable":true,"href":"https:\/\/www.kormoran.si\/kormoranw\/index.php?rest_route=%2Fwp%2Fv2%2Fproduct_tag&post=9192"}],"curies":[{"name":"wp","href":"https:\/\/api.w.org\/{rel}","templated":true}]}}