{"id":9474,"date":"2025-09-12T14:31:36","date_gmt":"2025-09-12T14:31:36","guid":{"rendered":"https:\/\/www.kormoran.si\/kormoranw\/?post_type=product&#038;p=9474"},"modified":"2025-09-17T12:54:12","modified_gmt":"2025-09-17T12:54:12","slug":"stojalo-za-palice-carp-expert-neo-kompakt","status":"publish","type":"product","link":"https:\/\/www.kormoran.si\/kormoranw\/?product=stojalo-za-palice-carp-expert-neo-kompakt","title":{"rendered":"RODPOD CARP EXPERT NEO KOMPACT"},"content":{"rendered":"<p><span dir=\"auto\" style=\"font-family: arial, helvetica, sans-serif; font-size: 12pt;\">Stojalo za palice Carp Expert Neo Compact<\/span><\/p>\n<p><span dir=\"auto\" style=\"font-family: arial, helvetica, sans-serif; font-size: 12pt;\">Neo Compact je cenovno najugodnej\u0161i, a hkrati profesionalni rod pod iz nove serije Carp Expert Rod Pod!<\/span><\/p>\n<p><span dir=\"auto\" style=\"font-family: arial, helvetica, sans-serif; font-size: 12pt;\">Neo Compact Rod Pod ima lastnosti vrhunskih rod podov, poleg tega pa je enostaven za prena\u0161anje in odli\u010dno orodje za skoraj vse metode, ki bo nudilo re\u0161itev tudi v najslab\u0161ih talnih razmerah za tiste, ki uporabljajo ribe.<\/span><\/p>\n<p><span style=\"font-family: arial, helvetica, sans-serif; font-size: 12pt;\"><span dir=\"auto\">Prav t<\/span>o je popolnoma primeren za splo\u0161ni ribolov ob koncu tedna, saj ga je mogo\u010de sestaviti v 2 minutah in zavzame malo prostora, kar zagotavlja tudi enostaven transport s prilo\u017eeno torbo za prena\u0161anje. Popolno stojalo za do 4 palice za boilie ali palice za ledgering, lahko pa se uporablja tudi s palicami za podajanje.<\/span><\/p>\n<p><span dir=\"auto\" style=\"font-family: arial, helvetica, sans-serif; font-size: 12pt;\">Priporo\u010damo ga ribi\u010dem, ki ne \u017eelijo zapraviti ogromno denarja za Rod Pod, a si vseeno \u017eelijo dovolj dobre kakovosti, kar ta izdelek v celoti izpolnjuje.<\/span><\/p>\n<p><span dir=\"auto\" style=\"font-family: arial, helvetica, sans-serif; font-size: 12pt;\">Tehni\u010dni parametri:<\/span><\/p>\n<p><span dir=\"auto\" style=\"font-family: arial, helvetica, sans-serif; font-size: 12pt;\">&#8211; Nastavljiva \u0161irina: 70 cm &#8211; 124 cm<\/span><\/p>\n<p><span dir=\"auto\" style=\"font-family: arial, helvetica, sans-serif; font-size: 12pt;\">&#8211; Nastavljiva vi\u0161ina: 37 cm &#8211; 83 cm<\/span><\/p>\n<p><span dir=\"auto\" style=\"font-family: arial, helvetica, sans-serif; font-size: 12pt;\">&#8211; Te\u017ea celotnega kompleta: 2,55 kg<\/span><\/p>\n<p><span dir=\"auto\" style=\"font-family: arial, helvetica, sans-serif; font-size: 12pt;\">&#8211; Material okvirja: aluminij<\/span><\/p>\n<p><span dir=\"auto\" style=\"font-family: arial, helvetica, sans-serif; font-size: 12pt;\">&#8211; \u0160tevilo adapterjev za dr\u017ealo palice: 4 kosi \/ pre\u010dka<\/span><\/p>\n<p><span dir=\"auto\" style=\"font-family: arial, helvetica, sans-serif; font-size: 12pt;\">&#8211; Pritrditev adapterja: 2 fiksni to\u010dki \/ 2 nastavljivi<\/span><\/p>\n<p><span dir=\"auto\" style=\"font-family: arial, helvetica, sans-serif; font-size: 12pt;\">&#8211; Vi\u0161ina pre\u010dne opore: nastavljiva<\/span><\/p>\n<p><span dir=\"auto\" style=\"font-family: arial, helvetica, sans-serif; font-size: 12pt;\">&#8211; Vrsta pritrditve: plasti\u010dna roka<\/span><\/p>\n<p><span dir=\"auto\" style=\"font-family: arial, helvetica, sans-serif; font-size: 12pt;\">&#8211; Vrsta podporne noge: 4 teleskopske<\/span><\/p>\n<p><span dir=\"auto\" style=\"font-family: arial, helvetica, sans-serif; font-size: 12pt;\">Stojalo za palice po ugodni ceni, ki bo odli\u010den spremljevalec med ribolovom na pomolih in obalnem kamenju.<\/span><\/p>\n","protected":false},"excerpt":{"rendered":"<p>Stojalo za palice Carp Expert Neo Compact Neo Compact je cenovno najugodnej\u0161i, a hkrati profesionalni rod pod iz nove serije Carp Expert Rod Pod! Neo Compact Rod Pod ima lastnosti vrhunskih rod podov, poleg tega pa je enostaven za prena\u0161anje in odli\u010dno orodje za skoraj vse metode, ki bo nudilo re\u0161itev tudi v najslab\u0161ih talnih[&#8230;]<\/p>\n","protected":false},"featured_media":9475,"comment_status":"open","ping_status":"closed","template":"","meta":{"spay_email":""},"product_cat":[108],"product_tag":[],"_links":{"self":[{"href":"https:\/\/www.kormoran.si\/kormoranw\/index.php?rest_route=\/wp\/v2\/product\/9474"}],"collection":[{"href":"https:\/\/www.kormoran.si\/kormoranw\/index.php?rest_route=\/wp\/v2\/product"}],"about":[{"href":"https:\/\/www.kormoran.si\/kormoranw\/index.php?rest_route=\/wp\/v2\/types\/product"}],"replies":[{"embeddable":true,"href":"https:\/\/www.kormoran.si\/kormoranw\/index.php?rest_route=%2Fwp%2Fv2%2Fcomments&post=9474"}],"wp:featuredmedia":[{"embeddable":true,"href":"https:\/\/www.kormoran.si\/kormoranw\/index.php?rest_route=\/wp\/v2\/media\/9475"}],"wp:attachment":[{"href":"https:\/\/www.kormoran.si\/kormoranw\/index.php?rest_route=%2Fwp%2Fv2%2Fmedia&parent=9474"}],"wp:term":[{"taxonomy":"product_cat","embeddable":true,"href":"https:\/\/www.kormoran.si\/kormoranw\/index.php?rest_route=%2Fwp%2Fv2%2Fproduct_cat&post=9474"},{"taxonomy":"product_tag","embeddable":true,"href":"https:\/\/www.kormoran.si\/kormoranw\/index.php?rest_route=%2Fwp%2Fv2%2Fproduct_tag&post=9474"}],"curies":[{"name":"wp","href":"https:\/\/api.w.org\/{rel}","templated":true}]}}