{"id":9734,"date":"2025-11-03T09:52:38","date_gmt":"2025-11-03T09:52:38","guid":{"rendered":"https:\/\/www.kormoran.si\/kormoranw\/?post_type=product&#038;p=9734"},"modified":"2025-11-03T09:52:38","modified_gmt":"2025-11-03T09:52:38","slug":"ballistol-schnellbrunierung","status":"publish","type":"product","link":"https:\/\/www.kormoran.si\/kormoranw\/?product=ballistol-schnellbrunierung","title":{"rendered":"BALLISTOL Schnellbr\u00fcnierung"},"content":{"rendered":"<div class=\"fr-detail__subheadline\"><span dir=\"auto\">Opis artikla<\/span><\/div>\n<div class=\"fr-selling-points__wrap\">\n<ul class=\"fr-selling-points\">\n<li class=\"fr-selling-point\"><span dir=\"auto\">Idealno za popravilo po\u0161kodovanega dela<\/span><\/li>\n<li class=\"fr-selling-point\"><span dir=\"auto\">odporen proti obrabi in trpe\u017een<\/span><\/li>\n<li class=\"fr-selling-point\"><span dir=\"auto\">za globoko \u010drno barvo<\/span><\/li>\n<li class=\"fr-selling-point\"><span dir=\"auto\">enostavno rokovanje<\/span><\/li>\n<\/ul>\n<\/div>\n<div class=\"fr-detail-description__content\">\n<p><strong><span dir=\"auto\">Klever hitra ali hladna brunirna teko\u010dina \u2013 idealno za vse vrste jekel z vsebnostjo kroma do 3 %.<\/span><\/strong><\/p>\n<p><span dir=\"auto\">Klever Rapid Bluing omogo\u010da brezhibno bruniranje jekla (do 3 % vsebnosti kroma) in \u017eeleza. Ne glede na to, ali popravljate po\u0161kodovano bruniranje na dolgih pu\u0161kah in pi\u0161tolah, izvajate popolno bruniranje strelnega oro\u017eja ali brunirate majhne komponente za obrt in industrijo, Klever Rapid Bluing prihrani \u010das in denar, saj odpravlja potrebo po dolgotrajnih kopelih za bruniranje. Obdelujete lahko celo dele iz tla\u010dno litega cinka, kot so tisti, ki se uporabljajo v signalnih pi\u0161tolah. Enostavna uporaba: razmastite povr\u0161ino, nanesite sredstvo za bruniranje, pustite delovati, sperite z vodo, posu\u0161ite in popr\u0161ite z oljem za oro\u017eje. Vsebina: 50 ml.<\/span><\/p>\n<p><strong><span dir=\"auto\">Ballistol Rapid Bluing se sme<\/span><\/strong><br \/>\n<span dir=\"auto\">nana\u0161ati le na neobdelana ali popravljena obmo\u010dja, saj lahko vizualno spremeni obstoje\u010de bruniranje.<\/span><\/p>\n<ol>\n<li><span dir=\"auto\">Kovinske dele ali obmo\u010dja, ki jih \u017eelite \u010drniti, o\u010distite z Robla hladnim razma\u0161\u010devalcem<\/span><\/li>\n<li><span dir=\"auto\">Povr\u0161ine, ki jih \u017eelite brunirati, spolirajte z drobno jekleno volno, da odstranite morebitno povr\u0161insko oksidacijo.<\/span><\/li>\n<li><span dir=\"auto\">Ponovno o\u010distite z razma\u0161\u010devalcem \u2013 po razma\u0161\u010devanju se kovinske povr\u0161ine ne dotikajte s prsti, da prepre\u010dite nastanek novih prstnih odtisov.<\/span><\/li>\n<li><span dir=\"auto\">Hitro bruniranje nanesite z aplikatorjem \u2013 pustite, da sredstvo za modrilo deluje pribli\u017eno 3 minute, dokler se ne oblikuje rumenkasto bel premaz.<\/span><\/li>\n<li><span dir=\"auto\">Nato dele sperite s hladno vodo in povr\u0161ine obri\u0161ite do suhega z mehko krpo.<\/span><\/li>\n<li><span dir=\"auto\">\u010ce \u017eelite intenzivnej\u0161o barvo, ponovite korake od 3 do 5 \u2013 \u010de \u017eelite zelo globoke barve, lahko te korake ponovite ve\u010dkrat.<\/span><\/li>\n<li><span dir=\"auto\">Novo barvo ohranite z univerzalnim oljem Ballistol ali oljem za pi\u0161tole Gunex.<\/span><\/li>\n<\/ol>\n<\/div>\n<div class=\"fr-space--20\"><\/div>\n<div class=\"fr-detail-description__ending\">\n<p><img class=\"lazyload\" src=\"data:image\/gif;base64,R0lGODlhAQABAAAAACH5BAEKAAEALAAAAAABAAEAAAICTAEAOw==\" data-src=\"https:\/\/www.frankonia.de\/images\/cms\/common\/aetzwirkung.png\" alt=\"u\u010dinek jedkanja\" \/><img class=\"lazyload\" src=\"data:image\/gif;base64,R0lGODlhAQABAAAAACH5BAEKAAEALAAAAAABAAEAAAICTAEAOw==\" data-src=\"https:\/\/www.frankonia.de\/images\/cms\/common\/ausrufezeichen.png\" alt=\"klicaj\" \/><img class=\"lazyload\" src=\"data:image\/gif;base64,R0lGODlhAQABAAAAACH5BAEKAAEALAAAAAABAAEAAAICTAEAOw==\" data-src=\"https:\/\/www.frankonia.de\/images\/cms\/common\/umweltgefaerdent.png\" alt=\"okolju prijazno\" \/><br \/>\n<span dir=\"auto\">Nevarno. Vsebuje du\u0161ikovo kislino, selenov dioksid. Lahko je jedko za kovine. \u0160kodljivo pri zau\u017eitju ali vdihavanju. Povzro\u010da hude opekline ko\u017ee in po\u0161kodbe o\u010di. Povzro\u010da hudo dra\u017eenje o\u010di. Strupeno za vodne organizme, z dolgotrajnimi u\u010dinki. Hraniti izven dosega otrok. Nositi za\u0161\u010dito za o\u010di\/obraz. PRI ZAU\u017dITJU: Izprati usta. NE izzvati bruhanja. PRI STIKU S KO\u017dO (ali lasmi): Takoj sle\u010di vsa kontaminirana obla\u010dila. Ko\u017eo speriti z vodo\/stu\u0161irati. PRI VDIHAVANJU: \u200b\u200bOsebo odpeljati na sve\u017e zrak in ji zagotoviti udoben polo\u017eaj za dihanje. PRI STIKU Z O\u010cMI: Previdno izpirati z vodo nekaj minut. Odstraniti kontaktne le\u010de, \u010de jih imate in \u010de to lahko storite brez te\u017eav. Nadaljovati z izpiranjem. Takoj pokli\u010dite CENTER ZA ZASTRUPITVE\/zdravnika. Ko\u017eo sperite z vodo\/stu\u0161irati. Hraniti zaklenjeno. Vsebino\/posodo odvre\u010di v zbiralnik nevarnih odpadkov.<\/span><\/p>\n<\/div>\n<div class=\"fr-detail__subheadline\"><span dir=\"auto\">Podrobnosti o varnosti izdelka<\/span><\/div>\n<div class=\"fr-detail-psvo\">\n<p><span dir=\"auto\">Kot odgovorno trgovsko podjetje dajemo velik pomen preglednosti in skladnosti z zakonskimi zahtevami. V skladu s predpisi EU smo dol\u017eni posredovati informacije o odgovornem gospodarskem subjektu. Ta subjekt je odgovoren za zagotavljanje skladnosti s predpisi EU glede na\u0161ih izdelkov.<\/span><\/p>\n<div class=\"fr-detail-psvo__link open\" data-controller=\"toggle-psvo\" data-controller-id=\"123\">\n<p><span dir=\"auto\">Odgovorni gospodarski subjekt v skladu z uredbo EU<\/span><\/p>\n<div class=\"fr-detail-psvo__icon\"><\/div>\n<div class=\"fr-detail-psvo__content\">\n<h3><span dir=\"auto\">Proizvajalec<\/span><\/h3>\n<div class=\"fr-detail-psvo__hersteller\"><span dir=\"auto\">FW KLEVER GMBH<\/span><\/div>\n<div class=\"fr-detail-psvo__street\"><span dir=\"auto\">Glavna ulica 20<\/span><\/div>\n<div class=\"fr-detail-psvo__address\"><span dir=\"auto\">84168 Aham, Nem\u010dija<\/span><\/div>\n<div class=\"fr-detail-psvo__phone\"><span dir=\"auto\">08744\/9699-0<\/span><\/div>\n<div class=\"fr-detail-psvo__email\"><span dir=\"auto\">info@ballistol.de<\/span><\/div>\n<h3><span dir=\"auto\">Odgovorna oseba v EU<\/span><\/h3>\n<div class=\"fr-detail-psvo__hersteller\"><span dir=\"auto\">FW KLEVER GMBH<\/span><\/div>\n<div class=\"fr-detail-psvo__street\"><span dir=\"auto\">Glavna ulica 20<\/span><\/div>\n<div class=\"fr-detail-psvo__address\"><span dir=\"auto\">84168 Aham, Nem\u010dija<\/span><\/div>\n<div class=\"fr-detail-psvo__phone\"><span dir=\"auto\">08744\/9699-0<\/span><\/div>\n<div class=\"fr-detail-psvo__email\"><span dir=\"auto\">info@ballistol.de<\/span><\/div>\n<\/div>\n<\/div>\n<\/div>\n","protected":false},"excerpt":{"rendered":"<ul style=\"list-style-type: disc;\">\n<li>50 ml<\/li>\n<li>hitro hladno bruniranje<\/li>\n<li>teko\u010dina<\/li>\n<\/ul>\n","protected":false},"featured_media":9735,"comment_status":"open","ping_status":"closed","template":"","meta":{"spay_email":""},"product_cat":[30],"product_tag":[],"_links":{"self":[{"href":"https:\/\/www.kormoran.si\/kormoranw\/index.php?rest_route=\/wp\/v2\/product\/9734"}],"collection":[{"href":"https:\/\/www.kormoran.si\/kormoranw\/index.php?rest_route=\/wp\/v2\/product"}],"about":[{"href":"https:\/\/www.kormoran.si\/kormoranw\/index.php?rest_route=\/wp\/v2\/types\/product"}],"replies":[{"embeddable":true,"href":"https:\/\/www.kormoran.si\/kormoranw\/index.php?rest_route=%2Fwp%2Fv2%2Fcomments&post=9734"}],"wp:featuredmedia":[{"embeddable":true,"href":"https:\/\/www.kormoran.si\/kormoranw\/index.php?rest_route=\/wp\/v2\/media\/9735"}],"wp:attachment":[{"href":"https:\/\/www.kormoran.si\/kormoranw\/index.php?rest_route=%2Fwp%2Fv2%2Fmedia&parent=9734"}],"wp:term":[{"taxonomy":"product_cat","embeddable":true,"href":"https:\/\/www.kormoran.si\/kormoranw\/index.php?rest_route=%2Fwp%2Fv2%2Fproduct_cat&post=9734"},{"taxonomy":"product_tag","embeddable":true,"href":"https:\/\/www.kormoran.si\/kormoranw\/index.php?rest_route=%2Fwp%2Fv2%2Fproduct_tag&post=9734"}],"curies":[{"name":"wp","href":"https:\/\/api.w.org\/{rel}","templated":true}]}}