{"id":9942,"date":"2025-12-02T14:38:54","date_gmt":"2025-12-02T14:38:54","guid":{"rendered":"https:\/\/www.kormoran.si\/kormoranw\/?post_type=product&#038;p=9942"},"modified":"2025-12-02T14:48:40","modified_gmt":"2025-12-02T14:48:40","slug":"hrana-za-ribe-benzar-mix-crap-capsuni-jagoda","status":"publish","type":"product","link":"https:\/\/www.kormoran.si\/kormoranw\/?product=hrana-za-ribe-benzar-mix-crap-capsuni-jagoda","title":{"rendered":"Hrana za ribe BENZAR MIX CRAP CAPSUNI &#8211; jagoda"},"content":{"rendered":"<p><span style=\"font-family: arial, helvetica, sans-serif; font-size: 12pt;\">Rde\u010da vaba z intenzivnim okusom jagode, ki je zelo priljubljena med ribi\u010di in je priporo\u010dljiva predvsem za ribolov krapa. Njena velika priljubljenost ni naklju\u010dna, saj se krapi tej me\u0161anici ne morejo upreti. Dobro se raztopi v vodi in zaradi intenzivnega vonja privablja ribe \u017ee od dale\u010d. Vsebuje veliko koli\u010dino mlete konoplje in lanenega semena, za katera je znano, da pove\u010dujeta apetit rib.<\/span><\/p>\n","protected":false},"excerpt":{"rendered":"<p><span style=\"font-family: arial, helvetica, sans-serif; font-size: 12pt;\">Te\u017ea: 1 kg<\/span><\/p>\n","protected":false},"featured_media":9943,"comment_status":"open","ping_status":"closed","template":"","meta":{"spay_email":""},"product_cat":[52],"product_tag":[],"_links":{"self":[{"href":"https:\/\/www.kormoran.si\/kormoranw\/index.php?rest_route=\/wp\/v2\/product\/9942"}],"collection":[{"href":"https:\/\/www.kormoran.si\/kormoranw\/index.php?rest_route=\/wp\/v2\/product"}],"about":[{"href":"https:\/\/www.kormoran.si\/kormoranw\/index.php?rest_route=\/wp\/v2\/types\/product"}],"replies":[{"embeddable":true,"href":"https:\/\/www.kormoran.si\/kormoranw\/index.php?rest_route=%2Fwp%2Fv2%2Fcomments&post=9942"}],"wp:featuredmedia":[{"embeddable":true,"href":"https:\/\/www.kormoran.si\/kormoranw\/index.php?rest_route=\/wp\/v2\/media\/9943"}],"wp:attachment":[{"href":"https:\/\/www.kormoran.si\/kormoranw\/index.php?rest_route=%2Fwp%2Fv2%2Fmedia&parent=9942"}],"wp:term":[{"taxonomy":"product_cat","embeddable":true,"href":"https:\/\/www.kormoran.si\/kormoranw\/index.php?rest_route=%2Fwp%2Fv2%2Fproduct_cat&post=9942"},{"taxonomy":"product_tag","embeddable":true,"href":"https:\/\/www.kormoran.si\/kormoranw\/index.php?rest_route=%2Fwp%2Fv2%2Fproduct_tag&post=9942"}],"curies":[{"name":"wp","href":"https:\/\/api.w.org\/{rel}","templated":true}]}}