{"id":9980,"date":"2025-12-04T10:42:37","date_gmt":"2025-12-04T10:42:37","guid":{"rendered":"https:\/\/www.kormoran.si\/kormoranw\/?post_type=product&#038;p=9980"},"modified":"2026-03-30T07:19:37","modified_gmt":"2026-03-30T07:19:37","slug":"dream-pop-up-16mm-60g","status":"publish","type":"product","link":"https:\/\/www.kormoran.si\/kormoranw\/?product=dream-pop-up-16mm-60g","title":{"rendered":"DREAM FLUO POP UP 16MM 60G"},"content":{"rendered":"<p><span style=\"font-family: arial, helvetica, sans-serif; font-size: 12pt;\">DREAM FLUO POP UP iz hi\u0161e MZCB so plavajo\u010di boiliji z odli\u010dno plovnostjo min. 24h in FLUO barvo! Ob stiku z vodo takoj oddajajo mo\u010den vonj in signal ribi. V kombinaciji najbolj\u0161ih arom z njimi na ribolovu zagotovo ne boste ostali praznih rok! Sestavljeni so iz to\u010dno dolo\u010denih naravnih sestavin, sve\u017eih jajc in narejeni iz 30 let izku\u0161enj firme Mi\u0161el Zadravec Carp Baits &#8211; MZCB.\u00a0<\/span><\/p>\n<ul>\n<li><span style=\"font-family: arial, helvetica, sans-serif; font-size: 12pt;\">Te\u017ea : 60g<\/span><\/li>\n<li><span style=\"font-family: arial, helvetica, sans-serif; font-size: 12pt;\">Dimenzija : 16mm<\/span><\/li>\n<li><span style=\"font-family: arial, helvetica, sans-serif; font-size: 12pt;\">Okusi : murva, \u0161koljka,TNT za\u010dimbe<\/span><\/li>\n<li><span style=\"font-family: arial, helvetica, sans-serif; font-size: 12pt;\">Barve : rumena, roza, rde\u010da<\/span><\/li>\n<\/ul>\n<p><span style=\"font-family: arial, helvetica, sans-serif; font-size: 12pt;\">Slika je simbolna.<\/span><\/p>\n","protected":false},"excerpt":{"rendered":"<p>DREAM FLUO POP UP iz hi\u0161e MZCB so plavajo\u010di boiliji z odli\u010dno plovnostjo min. 24h in FLUO barvo! Ob stiku z vodo takoj oddajajo mo\u010den vonj in signal ribi. V kombinaciji najbolj\u0161ih arom z njimi na ribolovu zagotovo ne boste ostali praznih rok! Sestavljeni so iz to\u010dno dolo\u010denih naravnih sestavin, sve\u017eih jajc in narejeni iz[&#8230;]<\/p>\n","protected":false},"featured_media":9985,"comment_status":"open","ping_status":"closed","template":"","meta":{"spay_email":""},"product_cat":[116,52],"product_tag":[],"_links":{"self":[{"href":"https:\/\/www.kormoran.si\/kormoranw\/index.php?rest_route=\/wp\/v2\/product\/9980"}],"collection":[{"href":"https:\/\/www.kormoran.si\/kormoranw\/index.php?rest_route=\/wp\/v2\/product"}],"about":[{"href":"https:\/\/www.kormoran.si\/kormoranw\/index.php?rest_route=\/wp\/v2\/types\/product"}],"replies":[{"embeddable":true,"href":"https:\/\/www.kormoran.si\/kormoranw\/index.php?rest_route=%2Fwp%2Fv2%2Fcomments&post=9980"}],"wp:featuredmedia":[{"embeddable":true,"href":"https:\/\/www.kormoran.si\/kormoranw\/index.php?rest_route=\/wp\/v2\/media\/9985"}],"wp:attachment":[{"href":"https:\/\/www.kormoran.si\/kormoranw\/index.php?rest_route=%2Fwp%2Fv2%2Fmedia&parent=9980"}],"wp:term":[{"taxonomy":"product_cat","embeddable":true,"href":"https:\/\/www.kormoran.si\/kormoranw\/index.php?rest_route=%2Fwp%2Fv2%2Fproduct_cat&post=9980"},{"taxonomy":"product_tag","embeddable":true,"href":"https:\/\/www.kormoran.si\/kormoranw\/index.php?rest_route=%2Fwp%2Fv2%2Fproduct_tag&post=9980"}],"curies":[{"name":"wp","href":"https:\/\/api.w.org\/{rel}","templated":true}]}}